{"id":4448,"date":"2022-07-15T17:51:33","date_gmt":"2022-07-15T17:51:33","guid":{"rendered":"https:\/\/wifo2022.de\/?page_id=4448"},"modified":"2025-12-30T06:42:17","modified_gmt":"2025-12-30T06:42:17","slug":"schloss-biebrich","status":"publish","type":"page","link":"https:\/\/wiesbadener-fototage.de\/de_de\/schloss-biebrich\/","title":{"rendered":"SCHLOSS BIEBRICH"},"content":{"rendered":"\n<style type=\"text\/css\" data-created_by=\"avia_inline_auto\" id=\"style-css-av-av_heading-1e22e65a4b72796ae6f229c4b39035bb\">\n#top .av-special-heading.av-av_heading-1e22e65a4b72796ae6f229c4b39035bb{\npadding-bottom:10px;\n}\nbody .av-special-heading.av-av_heading-1e22e65a4b72796ae6f229c4b39035bb .av-special-heading-tag .heading-char{\nfont-size:25px;\n}\n.av-special-heading.av-av_heading-1e22e65a4b72796ae6f229c4b39035bb .av-subheading{\nfont-size:15px;\n}\n<\/style>\n<div class=\"av-special-heading av-av_heading-1e22e65a4b72796ae6f229c4b39035bb av-special-heading-h1 blockquote modern-quote modern-centered  avia-builder-el-0  el_before_av_hr  avia-builder-el-first \"><h1 class=\"av-special-heading-tag \" itemprop=\"headline\">SCHLOSSTERRASSEN \u2013 OPEN-AIR<\/h1><div class=\"av-subheading av-subheading_below\"><p>03. bis 28. August 2022<\/p>\n<\/div><div class=\"special-heading-border\"><div class=\"special-heading-inner-border\"><\/div><\/div><\/div>\n<div class=\"hr av-l3076g1s-4b91117fd224d8e386288e614b0cb67f hr-default  avia-builder-el-1  el_after_av_heading  el_before_av_one_fifth \"><span class=\"hr-inner \"><span class=\"hr-inner-style\"><\/span><\/span><\/div>\n\n<style type=\"text\/css\" data-created_by=\"avia_inline_auto\" id=\"style-css-av-ueg6o-8156a7b123d9619f92812b3ac7890a64\">\n.flex_column.av-ueg6o-8156a7b123d9619f92812b3ac7890a64{\nborder-radius:0px 0px 0px 0px;\npadding:0px 0px 0px 0px;\n}\n<\/style>\n<div class=\"flex_column av-ueg6o-8156a7b123d9619f92812b3ac7890a64 av_one_fifth  avia-builder-el-2  el_after_av_hr  el_before_av_three_fifth  first flex_column_div av-zero-column-padding  \"><\/div>\n\n<style type=\"text\/css\" data-created_by=\"avia_inline_auto\" id=\"style-css-av-82z8io-265ada1b55f92b427d7892e2a7885fb0\">\n.flex_column.av-82z8io-265ada1b55f92b427d7892e2a7885fb0{\nborder-radius:0px 0px 0px 0px;\npadding:0px 0px 0px 0px;\n}\n<\/style>\n<div class=\"flex_column av-82z8io-265ada1b55f92b427d7892e2a7885fb0 av_three_fifth  avia-builder-el-3  el_after_av_one_fifth  el_before_av_one_fifth  flex_column_div av-zero-column-padding  \"><div class=\"avia-slideshow av-l30712r3-805dd5f6b31c37be3afaf7d367c6065e avia-slideshow-no scaling av_slideshow avia-slide-slider  avia-builder-el-4  avia-builder-el-no-sibling  av-slideshow-ui av-control-default av-slideshow-manual av-loop-once av-loop-manual-endless av-default-height-applied avia-slideshow-1\" data-slideshow-options=\"{&quot;animation&quot;:&quot;slide&quot;,&quot;autoplay&quot;:false,&quot;loop_autoplay&quot;:&quot;once&quot;,&quot;interval&quot;:5,&quot;loop_manual&quot;:&quot;manual-endless&quot;,&quot;autoplay_stopper&quot;:false,&quot;noNavigation&quot;:false,&quot;bg_slider&quot;:false,&quot;keep_padding&quot;:false,&quot;hoverpause&quot;:false,&quot;show_slide_delay&quot;:0}\" itemprop=\"image\" itemscope=\"itemscope\" itemtype=\"https:\/\/schema.org\/ImageObject\"><ul class=\"avia-slideshow-inner \" style=\"padding-bottom: 75%;\"><li class=\"avia-slideshow-slide av-l30712r3-805dd5f6b31c37be3afaf7d367c6065e__0  av-single-slide slide-1 slide-odd\"><div data-rel=\"slideshow-1\" class=\"avia-slide-wrap \"><img decoding=\"async\" fetchpriority=\"high\" class=\"wp-image-4921 avia-img-lazy-loading-not-4921\" src=\"https:\/\/wiesbadener-fototage.de\/wp-content\/uploads\/2022\/08\/Ju\u0308rgenStrasser_Open_Air_Biebrich-5-2.jpg\" width=\"800\" height=\"600\" title alt itemprop=\"thumbnailUrl\" srcset=\"https:\/\/wiesbadener-fototage.de\/wp-content\/uploads\/2022\/08\/Ju\u0308rgenStrasser_Open_Air_Biebrich-5-2.jpg 800w, https:\/\/wiesbadener-fototage.de\/wp-content\/uploads\/2022\/08\/Ju\u0308rgenStrasser_Open_Air_Biebrich-5-2-300x225.jpg 300w, https:\/\/wiesbadener-fototage.de\/wp-content\/uploads\/2022\/08\/Ju\u0308rgenStrasser_Open_Air_Biebrich-5-2-768x576.jpg 768w, https:\/\/wiesbadener-fototage.de\/wp-content\/uploads\/2022\/08\/Ju\u0308rgenStrasser_Open_Air_Biebrich-5-2-16x12.jpg 16w, https:\/\/wiesbadener-fototage.de\/wp-content\/uploads\/2022\/08\/Ju\u0308rgenStrasser_Open_Air_Biebrich-5-2-705x529.jpg 705w, https:\/\/wiesbadener-fototage.de\/wp-content\/uploads\/2022\/08\/Ju\u0308rgenStrasser_Open_Air_Biebrich-5-2-450x338.jpg 450w\" sizes=\"(max-width: 800px) 100vw, 800px\"><\/div><\/li><\/ul><\/div><\/div>\n\n<style type=\"text\/css\" data-created_by=\"avia_inline_auto\" id=\"style-css-av-9k2ao-49fd7017a481eae1f225143a5ca17c37\">\n.flex_column.av-9k2ao-49fd7017a481eae1f225143a5ca17c37{\nborder-radius:0px 0px 0px 0px;\npadding:0px 0px 0px 0px;\n}\n<\/style>\n<div class=\"flex_column av-9k2ao-49fd7017a481eae1f225143a5ca17c37 av_one_fifth  avia-builder-el-5  el_after_av_three_fifth  el_before_av_one_fifth  flex_column_div av-zero-column-padding  \"><\/div>\n\n<style type=\"text\/css\" data-created_by=\"avia_inline_auto\" id=\"style-css-av-5s9p5s-3329fd9643c5d49a085c1e7874855bea\">\n.flex_column.av-5s9p5s-3329fd9643c5d49a085c1e7874855bea{\nborder-radius:0px 0px 0px 0px;\npadding:0px 0px 0px 0px;\n}\n<\/style>\n<div class=\"flex_column av-5s9p5s-3329fd9643c5d49a085c1e7874855bea av_one_fifth  avia-builder-el-6  el_after_av_one_fifth  el_before_av_one_fifth  first flex_column_div av-zero-column-padding  column-top-margin\"><\/div>\n\n<style type=\"text\/css\" data-created_by=\"avia_inline_auto\" id=\"style-css-av-2fvun4-0bf8dcbfd9c91e883aa25a802f245376\">\n.flex_column.av-2fvun4-0bf8dcbfd9c91e883aa25a802f245376{\nborder-radius:0px 0px 0px 0px;\npadding:0px 0px 0px 0px;\n}\n<\/style>\n<div class=\"flex_column av-2fvun4-0bf8dcbfd9c91e883aa25a802f245376 av_one_fifth  avia-builder-el-7  el_after_av_one_fifth  el_before_av_two_fifth  flex_column_div av-zero-column-padding  column-top-margin\"><style type=\"text\/css\" data-created_by=\"avia_inline_auto\" id=\"style-css-av-l3vryhiv-15f290c318cf88d143cbc27d5b7a592c\">\n#top .av_textblock_section.av-l3vryhiv-15f290c318cf88d143cbc27d5b7a592c .avia_textblock{\ncolor:#000000;\n}\n<\/style>\n<section class=\"av_textblock_section av-l3vryhiv-15f290c318cf88d143cbc27d5b7a592c \" itemscope=\"itemscope\" itemtype=\"https:\/\/schema.org\/CreativeWork\"><div class=\"avia_textblock av_inherit_color\" itemprop=\"text\"><p><strong>ADRESSE<\/strong><br>\nRheingaustra\u00dfe 140<br>\n<span class=\"s1\">65203 Wiesbaden<\/span><\/p>\n<p><a href=\"https:\/\/www.google.com\/maps\/dir\/50.0662272,8.2477056\/Schloss+Biebrich,+Rheingaustra%C3%9Fe,+Wiesbaden\/@50.0530441,8.2280504,14z\/data=!3m1!4b1!4m9!4m8!1m1!4e1!1m5!1m1!1s0x47bd960d1b00407f:0x652e94e96b5777b8!2m2!1d8.2340972!2d50.0374105\">Routenplaner<\/a><\/p>\n<p><strong>ER\u00d6FFNUNG<\/strong><br>\nMi, 03.08.2022, 18&nbsp;Uhr<\/p>\n<p><strong>DAUER DER AUSSTELLUNG<\/strong><br>\nbis 28.08.2022<\/p>\n<p><strong>\u00d6FFNUNGSZEITEN<\/strong><br>\nT\u00e4glich rund um die&nbsp;Uhr<\/p>\n<p><strong>EINTRITT<br>\n<\/strong>Der Eintritt ist&nbsp;frei!<strong><br>\n<\/strong><\/p>\n<\/div><\/section><\/div>\n\n<style type=\"text\/css\" data-created_by=\"avia_inline_auto\" id=\"style-css-av-4tm9r4-20913c03cee7850a2feffd4c11de9045\">\n.flex_column.av-4tm9r4-20913c03cee7850a2feffd4c11de9045{\nborder-radius:0px 0px 0px 0px;\npadding:0px 0px 0px 0px;\n}\n<\/style>\n<div class=\"flex_column av-4tm9r4-20913c03cee7850a2feffd4c11de9045 av_two_fifth  avia-builder-el-9  el_after_av_one_fifth  avia-builder-el-last  flex_column_div av-zero-column-padding  column-top-margin\"><style type=\"text\/css\" data-created_by=\"avia_inline_auto\" id=\"style-css-av-l306uo3q-6c6ada044444762a31c268cce36cf006\">\n#top .av_textblock_section.av-l306uo3q-6c6ada044444762a31c268cce36cf006 .avia_textblock{\ncolor:#000000;\n}\n<\/style>\n<section class=\"av_textblock_section av-l306uo3q-6c6ada044444762a31c268cce36cf006 \" itemscope=\"itemscope\" itemtype=\"https:\/\/schema.org\/CreativeWork\"><div class=\"avia_textblock av_inherit_color\" itemprop=\"text\"><p class=\"p1\"><span class=\"s1\">Unruhige Zeiten in Biebrich \u2013 ein hochsommerlicher Appetizer, der Lust auf mehr macht! Das Quartiersmanagement Biebrich-Mitte und die Wiesbadener Fototage pr\u00e4sentieren am S\u00fcdwestfl\u00fcgel des Biebricher Schlosses auf gro\u00dfformatigen Planen ausgew\u00e4hlte Motive aus den Hauptausstellungen des Fotofestivals. Idee ist es, das Festival und die Kunst von der Innenstadt auch nach Biebrich zu bringen \u2013 eine \u00fcberraschende Erweiterung in den Stadtraum vor der wunderbaren Kulisse des Barockschlosses. Mehrere Veranstaltungen werden den Kunstgenuss unter freiem Himmel begleiten.<\/span><\/p>\n<p>Die Ausstellung ist ein Kooperationsprojekt zwischen dem IB Quartiersmanagement und den Wiesbadener Fototagen und wird im Rahmen des St\u00e4dtebauf\u00f6rderprogramms \u00bbSozialer Zusammenhalt Biebrich-Mitte\u00ab gef\u00f6rdert.<\/p>\n<p><img loading=\"lazy\" decoding=\"async\" class=\"alignnone wp-image-4551\" src=\"https:\/\/wifo2022.de\/wp-content\/uploads\/2022\/07\/Logoleiste-IB-transparent-300x34.png\" alt width=\"459\" height=\"52\" srcset=\"https:\/\/wiesbadener-fototage.de\/wp-content\/uploads\/2022\/07\/Logoleiste-IB-transparent-300x34.png 300w, https:\/\/wiesbadener-fototage.de\/wp-content\/uploads\/2022\/07\/Logoleiste-IB-transparent-1030x115.png 1030w, https:\/\/wiesbadener-fototage.de\/wp-content\/uploads\/2022\/07\/Logoleiste-IB-transparent-768x86.png 768w, https:\/\/wiesbadener-fototage.de\/wp-content\/uploads\/2022\/07\/Logoleiste-IB-transparent-1536x172.png 1536w, https:\/\/wiesbadener-fototage.de\/wp-content\/uploads\/2022\/07\/Logoleiste-IB-transparent-2048x229.png 2048w, https:\/\/wiesbadener-fototage.de\/wp-content\/uploads\/2022\/07\/Logoleiste-IB-transparent-18x2.png 18w, https:\/\/wiesbadener-fototage.de\/wp-content\/uploads\/2022\/07\/Logoleiste-IB-transparent-1500x168.png 1500w, https:\/\/wiesbadener-fototage.de\/wp-content\/uploads\/2022\/07\/Logoleiste-IB-transparent-705x79.png 705w, https:\/\/wiesbadener-fototage.de\/wp-content\/uploads\/2022\/07\/Logoleiste-IB-transparent-450x50.png 450w\" sizes=\"auto, (max-width: 459px) 100vw, 459px\"><\/p>\n<p><a href=\"http:\/\/www.wifo2022.de\/festival\/ausstellungen\">Zur\u00fcck zur \u00dcbersicht<\/a><\/p>\n<\/div><\/section><\/div>\n","protected":false},"excerpt":{"rendered":"","protected":false},"author":1,"featured_media":0,"parent":0,"menu_order":0,"comment_status":"closed","ping_status":"closed","template":"","meta":{"wp_typography_post_enhancements_disabled":false,"footnotes":""},"class_list":["post-4448","page","type-page","status-publish","hentry"],"yoast_head":"<!-- This site is optimized with the Yoast SEO plugin v27.3 - https:\/\/yoast.com\/product\/yoast-seo-wordpress\/ -->\n<title>SCHLOSS BIEBRICH - Wiesbadener Fototage<\/title>\n<meta name=\"robots\" content=\"index, follow, max-snippet:-1, max-image-preview:large, max-video-preview:-1\" \/>\n<link rel=\"canonical\" href=\"https:\/\/wiesbadener-fototage.de\/de_de\/schloss-biebrich\/\" \/>\n<meta property=\"og:locale\" content=\"de_DE\" \/>\n<meta property=\"og:type\" content=\"article\" \/>\n<meta property=\"og:title\" content=\"SCHLOSS BIEBRICH - Wiesbadener Fototage\" \/>\n<meta property=\"og:url\" content=\"https:\/\/wiesbadener-fototage.de\/de_de\/schloss-biebrich\/\" \/>\n<meta property=\"og:site_name\" content=\"Wiesbadener Fototage\" \/>\n<meta property=\"article:publisher\" content=\"https:\/\/www.facebook.com\/fototagewiesbaden\" \/>\n<meta property=\"article:modified_time\" content=\"2025-12-30T06:42:17+00:00\" \/>\n<meta property=\"og:image\" content=\"https:\/\/wifo2022.de\/wp-content\/uploads\/2022\/07\/Logoleiste-IB-transparent-300x34.png\" \/>\n<meta name=\"twitter:card\" content=\"summary_large_image\" \/>\n<meta name=\"twitter:label1\" content=\"Gesch\u00e4tzte Lesezeit\" \/>\n\t<meta name=\"twitter:data1\" content=\"2\u00a0Minuten\" \/>\n<script type=\"application\/ld+json\" class=\"yoast-schema-graph\">{\"@context\":\"https:\\\/\\\/schema.org\",\"@graph\":[{\"@type\":\"WebPage\",\"@id\":\"https:\\\/\\\/wiesbadener-fototage.de\\\/schloss-biebrich\\\/\",\"url\":\"https:\\\/\\\/wiesbadener-fototage.de\\\/schloss-biebrich\\\/\",\"name\":\"SCHLOSS BIEBRICH - Wiesbadener Fototage\",\"isPartOf\":{\"@id\":\"https:\\\/\\\/wiesbadener-fototage.de\\\/#website\"},\"primaryImageOfPage\":{\"@id\":\"https:\\\/\\\/wiesbadener-fototage.de\\\/schloss-biebrich\\\/#primaryimage\"},\"image\":{\"@id\":\"https:\\\/\\\/wiesbadener-fototage.de\\\/schloss-biebrich\\\/#primaryimage\"},\"thumbnailUrl\":\"https:\\\/\\\/wifo2022.de\\\/wp-content\\\/uploads\\\/2022\\\/07\\\/Logoleiste-IB-transparent-300x34.png\",\"datePublished\":\"2022-07-15T17:51:33+00:00\",\"dateModified\":\"2025-12-30T06:42:17+00:00\",\"breadcrumb\":{\"@id\":\"https:\\\/\\\/wiesbadener-fototage.de\\\/schloss-biebrich\\\/#breadcrumb\"},\"inLanguage\":\"de\",\"potentialAction\":[{\"@type\":\"ReadAction\",\"target\":[\"https:\\\/\\\/wiesbadener-fototage.de\\\/schloss-biebrich\\\/\"]}]},{\"@type\":\"ImageObject\",\"inLanguage\":\"de\",\"@id\":\"https:\\\/\\\/wiesbadener-fototage.de\\\/schloss-biebrich\\\/#primaryimage\",\"url\":\"https:\\\/\\\/wifo2022.de\\\/wp-content\\\/uploads\\\/2022\\\/07\\\/Logoleiste-IB-transparent-300x34.png\",\"contentUrl\":\"https:\\\/\\\/wifo2022.de\\\/wp-content\\\/uploads\\\/2022\\\/07\\\/Logoleiste-IB-transparent-300x34.png\"},{\"@type\":\"BreadcrumbList\",\"@id\":\"https:\\\/\\\/wiesbadener-fototage.de\\\/schloss-biebrich\\\/#breadcrumb\",\"itemListElement\":[{\"@type\":\"ListItem\",\"position\":1,\"name\":\"Startseite\",\"item\":\"https:\\\/\\\/wiesbadener-fototage.de\\\/start\\\/\"},{\"@type\":\"ListItem\",\"position\":2,\"name\":\"SCHLOSS BIEBRICH\"}]},{\"@type\":\"WebSite\",\"@id\":\"https:\\\/\\\/wiesbadener-fototage.de\\\/#website\",\"url\":\"https:\\\/\\\/wiesbadener-fototage.de\\\/\",\"name\":\"Wiesbadener Fototage\",\"description\":\"Die Wiesbadener Fototage sind ein internationales Festival f\u00fcr aktuelle Fotokunst und Dokumentarfotografie, das alle drei Jahre in Kollaboration mit Galerien und Ausstellungsh\u00e4usern stattfindet.\",\"publisher\":{\"@id\":\"https:\\\/\\\/wiesbadener-fototage.de\\\/#organization\"},\"potentialAction\":[{\"@type\":\"SearchAction\",\"target\":{\"@type\":\"EntryPoint\",\"urlTemplate\":\"https:\\\/\\\/wiesbadener-fototage.de\\\/?s={search_term_string}\"},\"query-input\":{\"@type\":\"PropertyValueSpecification\",\"valueRequired\":true,\"valueName\":\"search_term_string\"}}],\"inLanguage\":\"de\"},{\"@type\":\"Organization\",\"@id\":\"https:\\\/\\\/wiesbadener-fototage.de\\\/#organization\",\"name\":\"Wiesbadener Fototage gUG\",\"url\":\"https:\\\/\\\/wiesbadener-fototage.de\\\/\",\"logo\":{\"@type\":\"ImageObject\",\"inLanguage\":\"de\",\"@id\":\"https:\\\/\\\/wiesbadener-fototage.de\\\/#\\\/schema\\\/logo\\\/image\\\/\",\"url\":\"https:\\\/\\\/wifo2022.de\\\/wp-content\\\/uploads\\\/2021\\\/10\\\/210711_WIFT_S_RGB.png\",\"contentUrl\":\"https:\\\/\\\/wifo2022.de\\\/wp-content\\\/uploads\\\/2021\\\/10\\\/210711_WIFT_S_RGB.png\",\"width\":3190,\"height\":533,\"caption\":\"Wiesbadener Fototage gUG\"},\"image\":{\"@id\":\"https:\\\/\\\/wiesbadener-fototage.de\\\/#\\\/schema\\\/logo\\\/image\\\/\"},\"sameAs\":[\"https:\\\/\\\/www.facebook.com\\\/fototagewiesbaden\",\"https:\\\/\\\/www.instagram.com\\\/wiesbadenerfototage\"]}]}<\/script>\n<!-- \/ Yoast SEO plugin. -->","yoast_head_json":{"title":"SCHLOSS BIEBRICH - Wiesbadener Fototage","robots":{"index":"index","follow":"follow","max-snippet":"max-snippet:-1","max-image-preview":"max-image-preview:large","max-video-preview":"max-video-preview:-1"},"canonical":"https:\/\/wiesbadener-fototage.de\/de_de\/schloss-biebrich\/","og_locale":"de_DE","og_type":"article","og_title":"SCHLOSS BIEBRICH - Wiesbadener Fototage","og_url":"https:\/\/wiesbadener-fototage.de\/de_de\/schloss-biebrich\/","og_site_name":"Wiesbadener Fototage","article_publisher":"https:\/\/www.facebook.com\/fototagewiesbaden","article_modified_time":"2025-12-30T06:42:17+00:00","og_image":[{"url":"https:\/\/wifo2022.de\/wp-content\/uploads\/2022\/07\/Logoleiste-IB-transparent-300x34.png","type":"","width":"","height":""}],"twitter_card":"summary_large_image","twitter_misc":{"Gesch\u00e4tzte Lesezeit":"2\u00a0Minuten"},"schema":{"@context":"https:\/\/schema.org","@graph":[{"@type":"WebPage","@id":"https:\/\/wiesbadener-fototage.de\/schloss-biebrich\/","url":"https:\/\/wiesbadener-fototage.de\/schloss-biebrich\/","name":"SCHLOSS BIEBRICH - Wiesbadener Fototage","isPartOf":{"@id":"https:\/\/wiesbadener-fototage.de\/#website"},"primaryImageOfPage":{"@id":"https:\/\/wiesbadener-fototage.de\/schloss-biebrich\/#primaryimage"},"image":{"@id":"https:\/\/wiesbadener-fototage.de\/schloss-biebrich\/#primaryimage"},"thumbnailUrl":"https:\/\/wifo2022.de\/wp-content\/uploads\/2022\/07\/Logoleiste-IB-transparent-300x34.png","datePublished":"2022-07-15T17:51:33+00:00","dateModified":"2025-12-30T06:42:17+00:00","breadcrumb":{"@id":"https:\/\/wiesbadener-fototage.de\/schloss-biebrich\/#breadcrumb"},"inLanguage":"de","potentialAction":[{"@type":"ReadAction","target":["https:\/\/wiesbadener-fototage.de\/schloss-biebrich\/"]}]},{"@type":"ImageObject","inLanguage":"de","@id":"https:\/\/wiesbadener-fototage.de\/schloss-biebrich\/#primaryimage","url":"https:\/\/wifo2022.de\/wp-content\/uploads\/2022\/07\/Logoleiste-IB-transparent-300x34.png","contentUrl":"https:\/\/wifo2022.de\/wp-content\/uploads\/2022\/07\/Logoleiste-IB-transparent-300x34.png"},{"@type":"BreadcrumbList","@id":"https:\/\/wiesbadener-fototage.de\/schloss-biebrich\/#breadcrumb","itemListElement":[{"@type":"ListItem","position":1,"name":"Startseite","item":"https:\/\/wiesbadener-fototage.de\/start\/"},{"@type":"ListItem","position":2,"name":"SCHLOSS BIEBRICH"}]},{"@type":"WebSite","@id":"https:\/\/wiesbadener-fototage.de\/#website","url":"https:\/\/wiesbadener-fototage.de\/","name":"Wiesbadener Fototage","description":"Die Wiesbadener Fototage sind ein internationales Festival f\u00fcr aktuelle Fotokunst und Dokumentarfotografie, das alle drei Jahre in Kollaboration mit Galerien und Ausstellungsh\u00e4usern stattfindet.","publisher":{"@id":"https:\/\/wiesbadener-fototage.de\/#organization"},"potentialAction":[{"@type":"SearchAction","target":{"@type":"EntryPoint","urlTemplate":"https:\/\/wiesbadener-fototage.de\/?s={search_term_string}"},"query-input":{"@type":"PropertyValueSpecification","valueRequired":true,"valueName":"search_term_string"}}],"inLanguage":"de"},{"@type":"Organization","@id":"https:\/\/wiesbadener-fototage.de\/#organization","name":"Wiesbadener Fototage gUG","url":"https:\/\/wiesbadener-fototage.de\/","logo":{"@type":"ImageObject","inLanguage":"de","@id":"https:\/\/wiesbadener-fototage.de\/#\/schema\/logo\/image\/","url":"https:\/\/wifo2022.de\/wp-content\/uploads\/2021\/10\/210711_WIFT_S_RGB.png","contentUrl":"https:\/\/wifo2022.de\/wp-content\/uploads\/2021\/10\/210711_WIFT_S_RGB.png","width":3190,"height":533,"caption":"Wiesbadener Fototage gUG"},"image":{"@id":"https:\/\/wiesbadener-fototage.de\/#\/schema\/logo\/image\/"},"sameAs":["https:\/\/www.facebook.com\/fototagewiesbaden","https:\/\/www.instagram.com\/wiesbadenerfototage"]}]}},"_links":{"self":[{"href":"https:\/\/wiesbadener-fototage.de\/de_de\/wp-json\/wp\/v2\/pages\/4448","targetHints":{"allow":["GET"]}}],"collection":[{"href":"https:\/\/wiesbadener-fototage.de\/de_de\/wp-json\/wp\/v2\/pages"}],"about":[{"href":"https:\/\/wiesbadener-fototage.de\/de_de\/wp-json\/wp\/v2\/types\/page"}],"author":[{"embeddable":true,"href":"https:\/\/wiesbadener-fototage.de\/de_de\/wp-json\/wp\/v2\/users\/1"}],"replies":[{"embeddable":true,"href":"https:\/\/wiesbadener-fototage.de\/de_de\/wp-json\/wp\/v2\/comments?post=4448"}],"version-history":[{"count":12,"href":"https:\/\/wiesbadener-fototage.de\/de_de\/wp-json\/wp\/v2\/pages\/4448\/revisions"}],"predecessor-version":[{"id":15839,"href":"https:\/\/wiesbadener-fototage.de\/de_de\/wp-json\/wp\/v2\/pages\/4448\/revisions\/15839"}],"wp:attachment":[{"href":"https:\/\/wiesbadener-fototage.de\/de_de\/wp-json\/wp\/v2\/media?parent=4448"}],"curies":[{"name":"wp","href":"https:\/\/api.w.org\/{rel}","templated":true}]}}