{"id":50,"date":"2021-10-10T20:36:25","date_gmt":"2021-10-10T20:36:25","guid":{"rendered":"http:\/\/wifo2022.de\/?page_id=50"},"modified":"2024-08-31T08:43:54","modified_gmt":"2024-08-31T08:43:54","slug":"philosophie","status":"publish","type":"page","link":"https:\/\/wiesbadener-fototage.de\/de_de\/ueber-uns\/philosophie\/","title":{"rendered":"PHILOSOPHIE"},"content":{"rendered":"<div id=\"full_slider_1\" class=\"avia-fullwidth-slider main_color avia-shadow   avia-builder-el-0  el_before_av_one_fifth  avia-builder-el-first   container_wrap fullsize\"><div class=\"avia-slideshow av-kulqjxub-85b69967d825ce9af31ce00a50455b3e avia-slideshow-featured_large av_slideshow_full avia-slide-slider av-slideshow-ui av-control-default av-slideshow-manual av-loop-once av-loop-manual-endless av-default-height-applied  image_no_stretch avia-slideshow-1\" data-slideshow-options=\"{&quot;animation&quot;:&quot;slide&quot;,&quot;autoplay&quot;:false,&quot;loop_autoplay&quot;:&quot;once&quot;,&quot;interval&quot;:5,&quot;loop_manual&quot;:&quot;manual-endless&quot;,&quot;autoplay_stopper&quot;:false,&quot;noNavigation&quot;:false,&quot;bg_slider&quot;:false,&quot;keep_padding&quot;:false,&quot;hoverpause&quot;:false,&quot;show_slide_delay&quot;:0}\" itemprop=\"image\" itemscope=\"itemscope\" itemtype=\"https:\/\/schema.org\/ImageObject\"><ul class=\"avia-slideshow-inner \" style=\"padding-bottom: 42%;\"><li class=\"avia-slideshow-slide av-kulqjxub-85b69967d825ce9af31ce00a50455b3e__0  av-single-slide slide-1 slide-odd\"><div data-rel=\"slideshow-1\" class=\"avia-slide-wrap \"><img decoding=\"async\" fetchpriority=\"high\" class=\"wp-image-4897 avia-img-lazy-loading-not-4897\" src=\"https:\/\/wiesbadener-fototage.de\/wp-content\/uploads\/2022\/08\/07B1588-1500x630.jpg\" width=\"1500\" height=\"630\" title alt itemprop=\"thumbnailUrl\" srcset=\"https:\/\/wiesbadener-fototage.de\/wp-content\/uploads\/2022\/08\/07B1588.jpg 1500w, https:\/\/wiesbadener-fototage.de\/wp-content\/uploads\/2022\/08\/07B1588-300x126.jpg 300w, https:\/\/wiesbadener-fototage.de\/wp-content\/uploads\/2022\/08\/07B1588-1030x433.jpg 1030w, https:\/\/wiesbadener-fototage.de\/wp-content\/uploads\/2022\/08\/07B1588-768x323.jpg 768w, https:\/\/wiesbadener-fototage.de\/wp-content\/uploads\/2022\/08\/07B1588-18x8.jpg 18w, https:\/\/wiesbadener-fototage.de\/wp-content\/uploads\/2022\/08\/07B1588-705x296.jpg 705w, https:\/\/wiesbadener-fototage.de\/wp-content\/uploads\/2022\/08\/07B1588-450x189.jpg 450w\" sizes=\"(max-width: 1500px) 100vw, 1500px\"><\/div><\/li><\/ul><\/div><\/div><div id=\"after_full_slider_1\" class=\"main_color av_default_container_wrap container_wrap fullsize\"><div class=\"container av-section-cont-open\"><div class=\"template-page content  av-content-full alpha units\"><div class=\"post-entry post-entry-type-page post-entry-50\"><div class=\"entry-content-wrapper clearfix\">\n\n<style type=\"text\/css\" data-created_by=\"avia_inline_auto\" id=\"style-css-av-1k7sy-c2b8dd081d25236b0276bd6fc103da0d\">\n.flex_column.av-1k7sy-c2b8dd081d25236b0276bd6fc103da0d{\nborder-radius:0px 0px 0px 0px;\npadding:0px 0px 0px 0px;\n}\n<\/style>\n<div class=\"flex_column av-1k7sy-c2b8dd081d25236b0276bd6fc103da0d av_one_fifth  avia-builder-el-1  el_after_av_slideshow_full  el_before_av_three_fifth  avia-builder-el-first  first flex_column_div av-zero-column-padding  \"><\/div>\n\n<style type=\"text\/css\" data-created_by=\"avia_inline_auto\" id=\"style-css-av-154fu-c1a3aaf2e479b4282b420d483b36d020\">\n.flex_column.av-154fu-c1a3aaf2e479b4282b420d483b36d020{\nborder-radius:0px 0px 0px 0px;\npadding:0px 0px 0px 0px;\n}\n<\/style>\n<div class=\"flex_column av-154fu-c1a3aaf2e479b4282b420d483b36d020 av_three_fifth  avia-builder-el-2  el_after_av_one_fifth  el_before_av_one_fifth  flex_column_div av-zero-column-padding  \"><style type=\"text\/css\" data-created_by=\"avia_inline_auto\" id=\"style-css-av-kulp4ntt-c1db48f5b2f52c46303614bbc11e77a6\">\n#top .av_textblock_section.av-kulp4ntt-c1db48f5b2f52c46303614bbc11e77a6 .avia_textblock{\ncolor:#000000;\n}\n<\/style>\n<section class=\"av_textblock_section av-kulp4ntt-c1db48f5b2f52c46303614bbc11e77a6 \" itemscope=\"itemscope\" itemtype=\"https:\/\/schema.org\/CreativeWork\"><div class=\"avia_textblock av_inherit_color\" itemprop=\"text\"><h2 style=\"text-align: center;\"><strong>PHILOSOPHIE<\/strong><\/h2>\n<p><strong>Ziel der Wiesbadener Fototage ist es, die zeitgen\u00f6ssische Fotografie st\u00e4rker in das Licht der \u00d6ffentlichkeit zu bringen und durch die Pr\u00e4sentation von professionellen, hochwertigen Fotoarbeiten unter einem Themenschwerpunkt die k\u00fcnstlerische Besch\u00e4ftigung mit dem Medium darzustellen.<\/strong><\/p>\n<p>Jenseits der allgegenw\u00e4rtigen Bilderfluten und der kommerziellen Verwertung&nbsp;des fotografischen Bildes bieten die Wiesbadener Fototage einen Raum, in dem individuelle, kontroverse&nbsp;und spannungsreiche fotografische Konzepte ihren Platz finden. Dadurch sollen Auseinandersetzungen mit k\u00fcnstlerischen Positionen in Gang gesetzt werden. Die Auswahlkriterien f\u00fcr die Beitr\u00e4ge gr\u00fcnden sich auf die Urspr\u00fcnglichkeit der Fotografie und ihren immanenten Sichtweisen sowie Entstehungsbedingungen, die weniger vom Markt bestimmt werden, sondern von der Auseinandersetzung des Mediums und seinen \u00e4sthetischen M\u00f6glichkeiten.<\/p>\n<p>Die Wiesbadener Fototage suchen den intensiven Kontakt mit dem Publikum und wollen den Zugang zum Medium Fotografie so direkt wie nur m\u00f6glich gestalten. Ziel ist es nicht nur das Fachpublikum und Kunstinteressierte zu erreichen, sondern auch die j\u00fcngere Generation. Wir verstehen uns als Festival und Diskussionsforum mit nahem Kontakt zu den beteiligten K\u00fcnstlerinnen und K\u00fcnstlern und ihren Arbeiten.<\/p>\n<\/div><\/section><\/div>\n\n<style type=\"text\/css\" data-created_by=\"avia_inline_auto\" id=\"style-css-av-av_one_fifth-da852e3ef3e55b029d2629c41a20524d\">\n.flex_column.av-av_one_fifth-da852e3ef3e55b029d2629c41a20524d{\nborder-radius:0px 0px 0px 0px;\npadding:0px 0px 0px 0px;\n}\n<\/style>\n<div class=\"flex_column av-av_one_fifth-da852e3ef3e55b029d2629c41a20524d av_one_fifth  avia-builder-el-4  el_after_av_three_fifth  avia-builder-el-last  flex_column_div av-zero-column-padding  \"><\/div>\n<\/div><\/div><\/div><\/div><\/div>","protected":false},"excerpt":{"rendered":"","protected":false},"author":1,"featured_media":0,"parent":46,"menu_order":0,"comment_status":"closed","ping_status":"closed","template":"","meta":{"wp_typography_post_enhancements_disabled":false,"footnotes":""},"class_list":["post-50","page","type-page","status-publish","hentry"],"yoast_head":"<!-- This site is optimized with the Yoast SEO plugin v27.4 - https:\/\/yoast.com\/product\/yoast-seo-wordpress\/ -->\n<title>PHILOSOPHIE - Wiesbadener Fototage<\/title>\n<meta name=\"robots\" content=\"index, follow, max-snippet:-1, max-image-preview:large, max-video-preview:-1\" \/>\n<link rel=\"canonical\" href=\"https:\/\/wiesbadener-fototage.de\/de_de\/ueber-uns\/philosophie\/\" \/>\n<meta property=\"og:locale\" content=\"de_DE\" \/>\n<meta property=\"og:type\" content=\"article\" \/>\n<meta property=\"og:title\" content=\"PHILOSOPHIE - Wiesbadener Fototage\" \/>\n<meta property=\"og:url\" content=\"https:\/\/wiesbadener-fototage.de\/de_de\/ueber-uns\/philosophie\/\" \/>\n<meta property=\"og:site_name\" content=\"Wiesbadener Fototage\" \/>\n<meta property=\"article:publisher\" content=\"https:\/\/www.facebook.com\/fototagewiesbaden\" \/>\n<meta property=\"article:modified_time\" content=\"2024-08-31T08:43:54+00:00\" \/>\n<meta name=\"twitter:card\" content=\"summary_large_image\" \/>\n<meta name=\"twitter:label1\" content=\"Gesch\u00e4tzte Lesezeit\" \/>\n\t<meta name=\"twitter:data1\" content=\"2\u00a0Minuten\" \/>\n<script type=\"application\/ld+json\" class=\"yoast-schema-graph\">{\"@context\":\"https:\\\/\\\/schema.org\",\"@graph\":[{\"@type\":\"WebPage\",\"@id\":\"https:\\\/\\\/wiesbadener-fototage.de\\\/ueber-uns\\\/philosophie\\\/\",\"url\":\"https:\\\/\\\/wiesbadener-fototage.de\\\/ueber-uns\\\/philosophie\\\/\",\"name\":\"PHILOSOPHIE - Wiesbadener Fototage\",\"isPartOf\":{\"@id\":\"https:\\\/\\\/wiesbadener-fototage.de\\\/#website\"},\"datePublished\":\"2021-10-10T20:36:25+00:00\",\"dateModified\":\"2024-08-31T08:43:54+00:00\",\"breadcrumb\":{\"@id\":\"https:\\\/\\\/wiesbadener-fototage.de\\\/ueber-uns\\\/philosophie\\\/#breadcrumb\"},\"inLanguage\":\"de\",\"potentialAction\":[{\"@type\":\"ReadAction\",\"target\":[\"https:\\\/\\\/wiesbadener-fototage.de\\\/ueber-uns\\\/philosophie\\\/\"]}]},{\"@type\":\"BreadcrumbList\",\"@id\":\"https:\\\/\\\/wiesbadener-fototage.de\\\/ueber-uns\\\/philosophie\\\/#breadcrumb\",\"itemListElement\":[{\"@type\":\"ListItem\",\"position\":1,\"name\":\"Startseite\",\"item\":\"https:\\\/\\\/wiesbadener-fototage.de\\\/start\\\/\"},{\"@type\":\"ListItem\",\"position\":2,\"name\":\"\u00dcBER UNS\",\"item\":\"https:\\\/\\\/wiesbadener-fototage.de\\\/de_de\\\/ueber-uns\\\/\"},{\"@type\":\"ListItem\",\"position\":3,\"name\":\"PHILOSOPHIE\"}]},{\"@type\":\"WebSite\",\"@id\":\"https:\\\/\\\/wiesbadener-fototage.de\\\/#website\",\"url\":\"https:\\\/\\\/wiesbadener-fototage.de\\\/\",\"name\":\"Wiesbadener Fototage\",\"description\":\"Die Wiesbadener Fototage sind ein internationales Festival f\u00fcr aktuelle Fotokunst und Dokumentarfotografie, das alle drei Jahre in Kollaboration mit Galerien und Ausstellungsh\u00e4usern stattfindet.\",\"publisher\":{\"@id\":\"https:\\\/\\\/wiesbadener-fototage.de\\\/#organization\"},\"potentialAction\":[{\"@type\":\"SearchAction\",\"target\":{\"@type\":\"EntryPoint\",\"urlTemplate\":\"https:\\\/\\\/wiesbadener-fototage.de\\\/?s={search_term_string}\"},\"query-input\":{\"@type\":\"PropertyValueSpecification\",\"valueRequired\":true,\"valueName\":\"search_term_string\"}}],\"inLanguage\":\"de\"},{\"@type\":\"Organization\",\"@id\":\"https:\\\/\\\/wiesbadener-fototage.de\\\/#organization\",\"name\":\"Wiesbadener Fototage gUG\",\"url\":\"https:\\\/\\\/wiesbadener-fototage.de\\\/\",\"logo\":{\"@type\":\"ImageObject\",\"inLanguage\":\"de\",\"@id\":\"https:\\\/\\\/wiesbadener-fototage.de\\\/#\\\/schema\\\/logo\\\/image\\\/\",\"url\":\"https:\\\/\\\/wifo2022.de\\\/wp-content\\\/uploads\\\/2021\\\/10\\\/210711_WIFT_S_RGB.png\",\"contentUrl\":\"https:\\\/\\\/wifo2022.de\\\/wp-content\\\/uploads\\\/2021\\\/10\\\/210711_WIFT_S_RGB.png\",\"width\":3190,\"height\":533,\"caption\":\"Wiesbadener Fototage gUG\"},\"image\":{\"@id\":\"https:\\\/\\\/wiesbadener-fototage.de\\\/#\\\/schema\\\/logo\\\/image\\\/\"},\"sameAs\":[\"https:\\\/\\\/www.facebook.com\\\/fototagewiesbaden\",\"https:\\\/\\\/www.instagram.com\\\/wiesbadenerfototage\"]}]}<\/script>\n<!-- \/ Yoast SEO plugin. -->","yoast_head_json":{"title":"PHILOSOPHIE - Wiesbadener Fototage","robots":{"index":"index","follow":"follow","max-snippet":"max-snippet:-1","max-image-preview":"max-image-preview:large","max-video-preview":"max-video-preview:-1"},"canonical":"https:\/\/wiesbadener-fototage.de\/de_de\/ueber-uns\/philosophie\/","og_locale":"de_DE","og_type":"article","og_title":"PHILOSOPHIE - Wiesbadener Fototage","og_url":"https:\/\/wiesbadener-fototage.de\/de_de\/ueber-uns\/philosophie\/","og_site_name":"Wiesbadener Fototage","article_publisher":"https:\/\/www.facebook.com\/fototagewiesbaden","article_modified_time":"2024-08-31T08:43:54+00:00","twitter_card":"summary_large_image","twitter_misc":{"Gesch\u00e4tzte Lesezeit":"2\u00a0Minuten"},"schema":{"@context":"https:\/\/schema.org","@graph":[{"@type":"WebPage","@id":"https:\/\/wiesbadener-fototage.de\/ueber-uns\/philosophie\/","url":"https:\/\/wiesbadener-fototage.de\/ueber-uns\/philosophie\/","name":"PHILOSOPHIE - Wiesbadener Fototage","isPartOf":{"@id":"https:\/\/wiesbadener-fototage.de\/#website"},"datePublished":"2021-10-10T20:36:25+00:00","dateModified":"2024-08-31T08:43:54+00:00","breadcrumb":{"@id":"https:\/\/wiesbadener-fototage.de\/ueber-uns\/philosophie\/#breadcrumb"},"inLanguage":"de","potentialAction":[{"@type":"ReadAction","target":["https:\/\/wiesbadener-fototage.de\/ueber-uns\/philosophie\/"]}]},{"@type":"BreadcrumbList","@id":"https:\/\/wiesbadener-fototage.de\/ueber-uns\/philosophie\/#breadcrumb","itemListElement":[{"@type":"ListItem","position":1,"name":"Startseite","item":"https:\/\/wiesbadener-fototage.de\/start\/"},{"@type":"ListItem","position":2,"name":"\u00dcBER UNS","item":"https:\/\/wiesbadener-fototage.de\/de_de\/ueber-uns\/"},{"@type":"ListItem","position":3,"name":"PHILOSOPHIE"}]},{"@type":"WebSite","@id":"https:\/\/wiesbadener-fototage.de\/#website","url":"https:\/\/wiesbadener-fototage.de\/","name":"Wiesbadener Fototage","description":"Die Wiesbadener Fototage sind ein internationales Festival f\u00fcr aktuelle Fotokunst und Dokumentarfotografie, das alle drei Jahre in Kollaboration mit Galerien und Ausstellungsh\u00e4usern stattfindet.","publisher":{"@id":"https:\/\/wiesbadener-fototage.de\/#organization"},"potentialAction":[{"@type":"SearchAction","target":{"@type":"EntryPoint","urlTemplate":"https:\/\/wiesbadener-fototage.de\/?s={search_term_string}"},"query-input":{"@type":"PropertyValueSpecification","valueRequired":true,"valueName":"search_term_string"}}],"inLanguage":"de"},{"@type":"Organization","@id":"https:\/\/wiesbadener-fototage.de\/#organization","name":"Wiesbadener Fototage gUG","url":"https:\/\/wiesbadener-fototage.de\/","logo":{"@type":"ImageObject","inLanguage":"de","@id":"https:\/\/wiesbadener-fototage.de\/#\/schema\/logo\/image\/","url":"https:\/\/wifo2022.de\/wp-content\/uploads\/2021\/10\/210711_WIFT_S_RGB.png","contentUrl":"https:\/\/wifo2022.de\/wp-content\/uploads\/2021\/10\/210711_WIFT_S_RGB.png","width":3190,"height":533,"caption":"Wiesbadener Fototage gUG"},"image":{"@id":"https:\/\/wiesbadener-fototage.de\/#\/schema\/logo\/image\/"},"sameAs":["https:\/\/www.facebook.com\/fototagewiesbaden","https:\/\/www.instagram.com\/wiesbadenerfototage"]}]}},"_links":{"self":[{"href":"https:\/\/wiesbadener-fototage.de\/de_de\/wp-json\/wp\/v2\/pages\/50","targetHints":{"allow":["GET"]}}],"collection":[{"href":"https:\/\/wiesbadener-fototage.de\/de_de\/wp-json\/wp\/v2\/pages"}],"about":[{"href":"https:\/\/wiesbadener-fototage.de\/de_de\/wp-json\/wp\/v2\/types\/page"}],"author":[{"embeddable":true,"href":"https:\/\/wiesbadener-fototage.de\/de_de\/wp-json\/wp\/v2\/users\/1"}],"replies":[{"embeddable":true,"href":"https:\/\/wiesbadener-fototage.de\/de_de\/wp-json\/wp\/v2\/comments?post=50"}],"version-history":[{"count":29,"href":"https:\/\/wiesbadener-fototage.de\/de_de\/wp-json\/wp\/v2\/pages\/50\/revisions"}],"predecessor-version":[{"id":6303,"href":"https:\/\/wiesbadener-fototage.de\/de_de\/wp-json\/wp\/v2\/pages\/50\/revisions\/6303"}],"up":[{"embeddable":true,"href":"https:\/\/wiesbadener-fototage.de\/de_de\/wp-json\/wp\/v2\/pages\/46"}],"wp:attachment":[{"href":"https:\/\/wiesbadener-fototage.de\/de_de\/wp-json\/wp\/v2\/media?parent=50"}],"curies":[{"name":"wp","href":"https:\/\/api.w.org\/{rel}","templated":true}]}}