{"id":6160,"date":"2024-08-24T10:30:41","date_gmt":"2024-08-24T10:30:41","guid":{"rendered":"https:\/\/wiesbadener-fototage.de\/?page_id=6160"},"modified":"2025-12-30T06:47:43","modified_gmt":"2025-12-30T06:47:43","slug":"dokumentation-2022","status":"publish","type":"page","link":"https:\/\/wiesbadener-fototage.de\/de_de\/fototage-2022\/dokumentation-2022\/","title":{"rendered":"DOKUMENTATIONEN 2022"},"content":{"rendered":"<div class=\"avia-slideshow av-m07zx9g4-83e8da875bee9ec9622d3bc523dcccad avia-slideshow-featured av_slideshow avia-slide-slider  avia-builder-el-0  el_before_av_one_full  avia-builder-el-first  av-slideshow-ui av-control-default av-slideshow-manual av-loop-once av-loop-manual-endless av-default-height-applied avia-slideshow-1\" data-slideshow-options=\"{&quot;animation&quot;:&quot;slide&quot;,&quot;autoplay&quot;:false,&quot;loop_autoplay&quot;:&quot;once&quot;,&quot;interval&quot;:5,&quot;loop_manual&quot;:&quot;manual-endless&quot;,&quot;autoplay_stopper&quot;:false,&quot;noNavigation&quot;:false,&quot;bg_slider&quot;:false,&quot;keep_padding&quot;:false,&quot;hoverpause&quot;:false,&quot;show_slide_delay&quot;:0}\" itemprop=\"image\" itemscope=\"itemscope\" itemtype=\"https:\/\/schema.org\/ImageObject\"><ul class=\"avia-slideshow-inner \" style=\"padding-bottom: 39.888682745826%;\"><li class=\"avia-slideshow-slide av-m07zx9g4-83e8da875bee9ec9622d3bc523dcccad__0  av-single-slide slide-1 slide-odd\"><div data-rel=\"slideshow-1\" class=\"avia-slide-wrap \"><img decoding=\"async\" fetchpriority=\"high\" class=\"wp-image-5535 avia-img-lazy-loading-not-5535\" src=\"https:\/\/wiesbadener-fototage.de\/wp-content\/uploads\/2022\/11\/\u00a9MatthiasSabelhaus_WIFO2022_Katalog-1078x430.jpg\" width=\"1078\" height=\"430\" title=\"\u00a9MatthiasSabelhaus_WIFO2022_Katalog\" alt itemprop=\"thumbnailUrl\"><\/div><\/li><\/ul><\/div>\n<div class=\"flex_column av-2kr934-b39ceb1028b5e4d2f0819711dee5eedf av_one_full  avia-builder-el-1  el_after_av_slideshow  el_before_av_one_fourth  first flex_column_div  \"><section class=\"av_textblock_section av-m0800yes-b688edd4ce89b7f42292e59b71d5de26 \" itemscope=\"itemscope\" itemtype=\"https:\/\/schema.org\/CreativeWork\"><div class=\"avia_textblock\" itemprop=\"text\"><h2 style=\"text-align: center;\">DOKUMENTATIONEN 2022<\/h2>\n<\/div><\/section><br>\n\n<style type=\"text\/css\" data-created_by=\"avia_inline_auto\" id=\"style-css-av-m0hw318s-9e560b24cb056ba73f628a315b2e59e7\">\n#top .hr.hr-invisible.av-m0hw318s-9e560b24cb056ba73f628a315b2e59e7{\nheight:30px;\n}\n<\/style>\n<div class=\"hr av-m0hw318s-9e560b24cb056ba73f628a315b2e59e7 hr-invisible  avia-builder-el-3  el_after_av_textblock  avia-builder-el-last \"><span class=\"hr-inner \"><span class=\"hr-inner-style\"><\/span><\/span><\/div><\/div>\n\n<style type=\"text\/css\" data-created_by=\"avia_inline_auto\" id=\"style-css-av-qzc47-15-e5061b0c0de61446ee230c0f483053ac\">\n.flex_column.av-qzc47-15-e5061b0c0de61446ee230c0f483053ac{\ntransform:scale(1.2);\nz-index:5;\nborder-radius:0px 0px 0px 0px;\npadding:0px 0px 0px 0px;\n}\n<\/style>\n<div class=\"flex_column av-qzc47-15-e5061b0c0de61446ee230c0f483053ac av_one_fourth  avia-builder-el-4  el_after_av_one_full  el_before_av_one_fourth  first flex_column_div av-zero-column-padding  column-top-margin\"><style type=\"text\/css\" data-created_by=\"avia_inline_auto\" id=\"style-css-av-lb10hoi3-12-9775da221f382902cd332404d406341d\">\n#top .hr.hr-invisible.av-lb10hoi3-12-9775da221f382902cd332404d406341d{\nheight:50px;\n}\n<\/style>\n<div class=\"hr av-lb10hoi3-12-9775da221f382902cd332404d406341d hr-invisible  avia-builder-el-5  avia-builder-el-no-sibling \"><span class=\"hr-inner \"><span class=\"hr-inner-style\"><\/span><\/span><\/div><\/div>\n\n<style type=\"text\/css\" data-created_by=\"avia_inline_auto\" id=\"style-css-av-7lblfk-1aeec89b346952878c6e9daa2ec32239\">\n.flex_column.av-7lblfk-1aeec89b346952878c6e9daa2ec32239{\ntransform:scale(1.2);\nz-index:5;\nborder-radius:0px 0px 0px 0px;\npadding:0px 0px 0px 0px;\n}\n<\/style>\n<div class=\"flex_column av-7lblfk-1aeec89b346952878c6e9daa2ec32239 av_one_fourth  avia-builder-el-6  el_after_av_one_fourth  el_before_av_one_fourth  flex_column_div av-zero-column-padding  column-top-margin\"><p>\n<style type=\"text\/css\" data-created_by=\"avia_inline_auto\" id=\"style-css-av-558ark-835c61f74ac80d624d048a6382242b6a\">\n.avia-image-container.av-558ark-835c61f74ac80d624d048a6382242b6a img.avia_image{\nbox-shadow:none;\n}\n.avia-image-container.av-558ark-835c61f74ac80d624d048a6382242b6a .av-caption-image-overlay-bg{\nopacity:0.8;\nbackground-color:#000000;\n}\n.avia-image-container.av-558ark-835c61f74ac80d624d048a6382242b6a .av-image-caption-overlay-center{\ncolor:#ffffff;\nfont-size:10px;\n}\n<\/style>\n<\/p><div class=\"avia-image-container av-558ark-835c61f74ac80d624d048a6382242b6a av-styling- avia-align-center  avia-builder-el-7  el_before_av_textblock  avia-builder-el-first  noHover av-overlay-on-hover\" itemprop=\"image\" itemscope=\"itemscope\" itemtype=\"https:\/\/schema.org\/ImageObject\"><div class=\"avia-image-container-inner\"><div class=\"avia-image-overlay-wrap\"><div class=\"av-image-caption-overlay\"><div class=\"av-caption-image-overlay-bg\"><\/div><div class=\"av-image-caption-overlay-position\"><div class=\"av-image-caption-overlay-center\"><p>Wir laden Sie herzlich ein, mit unserem Film auf die 12. Wiesbadener Fototage vom 13. bis 28. August 2022 zur\u00fcckzublicken. In 8 Minuten und 11 Sekunden k\u00f6nnen Sie die sch\u00f6nsten Momente des Festivals Revue passieren lassen.<\/p>\n<\/div><\/div><\/div><img decoding=\"async\" fetchpriority=\"high\" class=\"wp-image-15426 avia-img-lazy-loading-not-15426 avia_image \" src=\"https:\/\/wiesbadener-fototage.de\/wp-content\/uploads\/2025\/11\/WIFO2022_Startbild_Videodokumentation_final-300x169.jpg\" alt title=\"WIFO2022_Startbild_Videodokumentation_final\" height=\"169\" width=\"300\" itemprop=\"thumbnailUrl\" srcset=\"https:\/\/wiesbadener-fototage.de\/wp-content\/uploads\/2025\/11\/WIFO2022_Startbild_Videodokumentation_final-300x169.jpg 300w, https:\/\/wiesbadener-fototage.de\/wp-content\/uploads\/2025\/11\/WIFO2022_Startbild_Videodokumentation_final-1030x579.jpg 1030w, https:\/\/wiesbadener-fototage.de\/wp-content\/uploads\/2025\/11\/WIFO2022_Startbild_Videodokumentation_final-768x432.jpg 768w, https:\/\/wiesbadener-fototage.de\/wp-content\/uploads\/2025\/11\/WIFO2022_Startbild_Videodokumentation_final-1536x864.jpg 1536w, https:\/\/wiesbadener-fototage.de\/wp-content\/uploads\/2025\/11\/WIFO2022_Startbild_Videodokumentation_final-2048x1152.jpg 2048w, https:\/\/wiesbadener-fototage.de\/wp-content\/uploads\/2025\/11\/WIFO2022_Startbild_Videodokumentation_final-18x10.jpg 18w, https:\/\/wiesbadener-fototage.de\/wp-content\/uploads\/2025\/11\/WIFO2022_Startbild_Videodokumentation_final-1500x844.jpg 1500w, https:\/\/wiesbadener-fototage.de\/wp-content\/uploads\/2025\/11\/WIFO2022_Startbild_Videodokumentation_final-705x397.jpg 705w\" sizes=\"(max-width: 300px) 100vw, 300px\"><\/div><\/div><\/div><br>\n\n<style type=\"text\/css\" data-created_by=\"avia_inline_auto\" id=\"style-css-av-47vt68-c60e517590dfbdd836fc9c3862442f23\">\n#top .av_textblock_section.av-47vt68-c60e517590dfbdd836fc9c3862442f23 .avia_textblock{\nfont-size:12px;\ncolor:#000000;\n}\n<\/style>\n<section class=\"av_textblock_section av-47vt68-c60e517590dfbdd836fc9c3862442f23 \" itemscope=\"itemscope\" itemtype=\"https:\/\/schema.org\/CreativeWork\"><div class=\"avia_textblock av_inherit_color\" itemprop=\"text\"><p style=\"text-align: center;\"><a href=\"https:\/\/youtu.be\/uTKr607dlag\"><strong>DER FILM ZU DEN FOTOTAGEN 2022<\/strong><\/a><\/p>\n<\/div><\/section><br>\n\n<style type=\"text\/css\" data-created_by=\"avia_inline_auto\" id=\"style-css-av-33swq8-490609297c385e2e51f27cbdfc052df4\">\n#top .hr.hr-invisible.av-33swq8-490609297c385e2e51f27cbdfc052df4{\nheight:50px;\n}\n<\/style>\n<div class=\"hr av-33swq8-490609297c385e2e51f27cbdfc052df4 hr-invisible  avia-builder-el-9  el_after_av_textblock  avia-builder-el-last \"><span class=\"hr-inner \"><span class=\"hr-inner-style\"><\/span><\/span><\/div><\/div>\n\n<style type=\"text\/css\" data-created_by=\"avia_inline_auto\" id=\"style-css-av-qzc47-11-d3e55b786332283119cab70fbcb7ee74\">\n.flex_column.av-qzc47-11-d3e55b786332283119cab70fbcb7ee74{\ntransform:scale(1.2);\nz-index:5;\nborder-radius:0px 0px 0px 0px;\npadding:0px 0px 0px 0px;\n}\n<\/style>\n<div class=\"flex_column av-qzc47-11-d3e55b786332283119cab70fbcb7ee74 av_one_fourth  avia-builder-el-10  el_after_av_one_fourth  avia-builder-el-last  flex_column_div av-zero-column-padding  column-top-margin\"><p>\n<style type=\"text\/css\" data-created_by=\"avia_inline_auto\" id=\"style-css-av-l19a522a-10-9b7fbdef51a79089b4610a6530f6f93e\">\n.avia-image-container.av-l19a522a-10-9b7fbdef51a79089b4610a6530f6f93e img.avia_image{\nbox-shadow:none;\n}\n.avia-image-container.av-l19a522a-10-9b7fbdef51a79089b4610a6530f6f93e .av-caption-image-overlay-bg{\nopacity:0.8;\nbackground-color:#000000;\n}\n.avia-image-container.av-l19a522a-10-9b7fbdef51a79089b4610a6530f6f93e .av-image-caption-overlay-center{\ncolor:#ffffff;\nfont-size:10px;\n}\n<\/style>\n<\/p><div class=\"avia-image-container av-l19a522a-10-9b7fbdef51a79089b4610a6530f6f93e av-styling- avia-align-center  avia-builder-el-11  el_before_av_textblock  avia-builder-el-first  noHover av-overlay-on-hover\" itemprop=\"image\" itemscope=\"itemscope\" itemtype=\"https:\/\/schema.org\/ImageObject\"><div class=\"avia-image-container-inner\"><div class=\"avia-image-overlay-wrap\"><div class=\"av-image-caption-overlay\"><div class=\"av-caption-image-overlay-bg\"><\/div><div class=\"av-image-caption-overlay-position\"><div class=\"av-image-caption-overlay-center\"><p>Alle wichtigen Fakten zu den 12. Wiesbadener Fototagen sowie stimmungsvolle Einblicke in die Ausstellungen und in das Veranstaltungsprogramm. Die 80 Seiten starke Dokumentation fasst au\u00dferdem die wichtigsten Ergebnisse der Besucher*innenbefragung sowie die Marketing- und Kommunikationsma\u00dfnahmen der 12.Ausgabe der Wiesbadener Fototage zusammen.<\/p>\n<\/div><\/div><\/div><img decoding=\"async\" fetchpriority=\"high\" class=\"wp-image-5586 avia-img-lazy-loading-not-5586 avia_image \" src=\"https:\/\/wiesbadener-fototage.de\/wp-content\/uploads\/2022\/11\/WIFO2022_Dokumentation_Visual-fuer-Web-300x193.png\" alt title height=\"193\" width=\"300\" itemprop=\"thumbnailUrl\" srcset=\"https:\/\/wiesbadener-fototage.de\/wp-content\/uploads\/2022\/11\/WIFO2022_Dokumentation_Visual-fuer-Web-300x193.png 300w, https:\/\/wiesbadener-fototage.de\/wp-content\/uploads\/2022\/11\/WIFO2022_Dokumentation_Visual-fuer-Web-1030x664.png 1030w, https:\/\/wiesbadener-fototage.de\/wp-content\/uploads\/2022\/11\/WIFO2022_Dokumentation_Visual-fuer-Web-768x495.png 768w, https:\/\/wiesbadener-fototage.de\/wp-content\/uploads\/2022\/11\/WIFO2022_Dokumentation_Visual-fuer-Web-18x12.png 18w, https:\/\/wiesbadener-fototage.de\/wp-content\/uploads\/2022\/11\/WIFO2022_Dokumentation_Visual-fuer-Web-705x455.png 705w, https:\/\/wiesbadener-fototage.de\/wp-content\/uploads\/2022\/11\/WIFO2022_Dokumentation_Visual-fuer-Web-450x290.png 450w, https:\/\/wiesbadener-fototage.de\/wp-content\/uploads\/2022\/11\/WIFO2022_Dokumentation_Visual-fuer-Web.png 1078w\" sizes=\"(max-width: 300px) 100vw, 300px\"><\/div><\/div><\/div><br>\n\n<style type=\"text\/css\" data-created_by=\"avia_inline_auto\" id=\"style-css-av-l94hasvp-9-af900ea0bc9004698346daa4f42290e9\">\n#top .av_textblock_section.av-l94hasvp-9-af900ea0bc9004698346daa4f42290e9 .avia_textblock{\nfont-size:12px;\ncolor:#000000;\n}\n<\/style>\n<section class=\"av_textblock_section av-l94hasvp-9-af900ea0bc9004698346daa4f42290e9 \" itemscope=\"itemscope\" itemtype=\"https:\/\/schema.org\/CreativeWork\"><div class=\"avia_textblock av_inherit_color\" itemprop=\"text\"><p style=\"text-align: center;\"><a href=\"https:\/\/wifo2022.de\/wp-content\/uploads\/2022\/11\/WIFO2022_Dokumentation_ePaper.pdf\"><strong>DIE BROSCH\u00dcRE ZU DEN FOTOTAGEN 2022<\/strong><\/a><\/p>\n<\/div><\/section><br>\n\n<style type=\"text\/css\" data-created_by=\"avia_inline_auto\" id=\"style-css-av-lb10hoi3-8-3295e0bdfb2d815eb8425e523e7442c5\">\n#top .hr.hr-invisible.av-lb10hoi3-8-3295e0bdfb2d815eb8425e523e7442c5{\nheight:50px;\n}\n<\/style>\n<div class=\"hr av-lb10hoi3-8-3295e0bdfb2d815eb8425e523e7442c5 hr-invisible  avia-builder-el-13  el_after_av_textblock  avia-builder-el-last \"><span class=\"hr-inner \"><span class=\"hr-inner-style\"><\/span><\/span><\/div><\/div>\n","protected":false},"excerpt":{"rendered":"","protected":false},"author":1,"featured_media":0,"parent":5999,"menu_order":0,"comment_status":"closed","ping_status":"closed","template":"","meta":{"wp_typography_post_enhancements_disabled":false,"footnotes":""},"class_list":["post-6160","page","type-page","status-publish","hentry"],"yoast_head":"<!-- This site is optimized with the Yoast SEO plugin v27.3 - https:\/\/yoast.com\/product\/yoast-seo-wordpress\/ -->\n<title>DOKUMENTATIONEN 2022 - Wiesbadener Fototage<\/title>\n<meta name=\"robots\" content=\"index, follow, max-snippet:-1, max-image-preview:large, max-video-preview:-1\" \/>\n<link rel=\"canonical\" href=\"https:\/\/wiesbadener-fototage.de\/de_de\/fototage-2022\/dokumentation-2022\/\" \/>\n<meta property=\"og:locale\" content=\"de_DE\" \/>\n<meta property=\"og:type\" content=\"article\" \/>\n<meta property=\"og:title\" content=\"DOKUMENTATIONEN 2022 - Wiesbadener Fototage\" \/>\n<meta property=\"og:url\" content=\"https:\/\/wiesbadener-fototage.de\/de_de\/fototage-2022\/dokumentation-2022\/\" \/>\n<meta property=\"og:site_name\" content=\"Wiesbadener Fototage\" \/>\n<meta property=\"article:publisher\" content=\"https:\/\/www.facebook.com\/fototagewiesbaden\" \/>\n<meta property=\"article:modified_time\" content=\"2025-12-30T06:47:43+00:00\" \/>\n<meta name=\"twitter:card\" content=\"summary_large_image\" \/>\n<meta name=\"twitter:label1\" content=\"Gesch\u00e4tzte Lesezeit\" \/>\n\t<meta name=\"twitter:data1\" content=\"2\u00a0Minuten\" \/>\n<script type=\"application\/ld+json\" class=\"yoast-schema-graph\">{\"@context\":\"https:\\\/\\\/schema.org\",\"@graph\":[{\"@type\":\"WebPage\",\"@id\":\"https:\\\/\\\/wiesbadener-fototage.de\\\/fototage-2022\\\/dokumentation-2022\\\/\",\"url\":\"https:\\\/\\\/wiesbadener-fototage.de\\\/fototage-2022\\\/dokumentation-2022\\\/\",\"name\":\"DOKUMENTATIONEN 2022 - Wiesbadener Fototage\",\"isPartOf\":{\"@id\":\"https:\\\/\\\/wiesbadener-fototage.de\\\/#website\"},\"datePublished\":\"2024-08-24T10:30:41+00:00\",\"dateModified\":\"2025-12-30T06:47:43+00:00\",\"breadcrumb\":{\"@id\":\"https:\\\/\\\/wiesbadener-fototage.de\\\/fototage-2022\\\/dokumentation-2022\\\/#breadcrumb\"},\"inLanguage\":\"de\",\"potentialAction\":[{\"@type\":\"ReadAction\",\"target\":[\"https:\\\/\\\/wiesbadener-fototage.de\\\/fototage-2022\\\/dokumentation-2022\\\/\"]}]},{\"@type\":\"BreadcrumbList\",\"@id\":\"https:\\\/\\\/wiesbadener-fototage.de\\\/fototage-2022\\\/dokumentation-2022\\\/#breadcrumb\",\"itemListElement\":[{\"@type\":\"ListItem\",\"position\":1,\"name\":\"Startseite\",\"item\":\"https:\\\/\\\/wiesbadener-fototage.de\\\/start\\\/\"},{\"@type\":\"ListItem\",\"position\":2,\"name\":\"FOTOTAGE 2022\",\"item\":\"https:\\\/\\\/wiesbadener-fototage.de\\\/fototage-2022\\\/\"},{\"@type\":\"ListItem\",\"position\":3,\"name\":\"DOKUMENTATIONEN 2022\"}]},{\"@type\":\"WebSite\",\"@id\":\"https:\\\/\\\/wiesbadener-fototage.de\\\/#website\",\"url\":\"https:\\\/\\\/wiesbadener-fototage.de\\\/\",\"name\":\"Wiesbadener Fototage\",\"description\":\"Die Wiesbadener Fototage sind ein internationales Festival f\u00fcr aktuelle Fotokunst und Dokumentarfotografie, das alle drei Jahre in Kollaboration mit Galerien und Ausstellungsh\u00e4usern stattfindet.\",\"publisher\":{\"@id\":\"https:\\\/\\\/wiesbadener-fototage.de\\\/#organization\"},\"potentialAction\":[{\"@type\":\"SearchAction\",\"target\":{\"@type\":\"EntryPoint\",\"urlTemplate\":\"https:\\\/\\\/wiesbadener-fototage.de\\\/?s={search_term_string}\"},\"query-input\":{\"@type\":\"PropertyValueSpecification\",\"valueRequired\":true,\"valueName\":\"search_term_string\"}}],\"inLanguage\":\"de\"},{\"@type\":\"Organization\",\"@id\":\"https:\\\/\\\/wiesbadener-fototage.de\\\/#organization\",\"name\":\"Wiesbadener Fototage gUG\",\"url\":\"https:\\\/\\\/wiesbadener-fototage.de\\\/\",\"logo\":{\"@type\":\"ImageObject\",\"inLanguage\":\"de\",\"@id\":\"https:\\\/\\\/wiesbadener-fototage.de\\\/#\\\/schema\\\/logo\\\/image\\\/\",\"url\":\"https:\\\/\\\/wifo2022.de\\\/wp-content\\\/uploads\\\/2021\\\/10\\\/210711_WIFT_S_RGB.png\",\"contentUrl\":\"https:\\\/\\\/wifo2022.de\\\/wp-content\\\/uploads\\\/2021\\\/10\\\/210711_WIFT_S_RGB.png\",\"width\":3190,\"height\":533,\"caption\":\"Wiesbadener Fototage gUG\"},\"image\":{\"@id\":\"https:\\\/\\\/wiesbadener-fototage.de\\\/#\\\/schema\\\/logo\\\/image\\\/\"},\"sameAs\":[\"https:\\\/\\\/www.facebook.com\\\/fototagewiesbaden\",\"https:\\\/\\\/www.instagram.com\\\/wiesbadenerfototage\"]}]}<\/script>\n<!-- \/ Yoast SEO plugin. -->","yoast_head_json":{"title":"DOKUMENTATIONEN 2022 - Wiesbadener Fototage","robots":{"index":"index","follow":"follow","max-snippet":"max-snippet:-1","max-image-preview":"max-image-preview:large","max-video-preview":"max-video-preview:-1"},"canonical":"https:\/\/wiesbadener-fototage.de\/de_de\/fototage-2022\/dokumentation-2022\/","og_locale":"de_DE","og_type":"article","og_title":"DOKUMENTATIONEN 2022 - Wiesbadener Fototage","og_url":"https:\/\/wiesbadener-fototage.de\/de_de\/fototage-2022\/dokumentation-2022\/","og_site_name":"Wiesbadener Fototage","article_publisher":"https:\/\/www.facebook.com\/fototagewiesbaden","article_modified_time":"2025-12-30T06:47:43+00:00","twitter_card":"summary_large_image","twitter_misc":{"Gesch\u00e4tzte Lesezeit":"2\u00a0Minuten"},"schema":{"@context":"https:\/\/schema.org","@graph":[{"@type":"WebPage","@id":"https:\/\/wiesbadener-fototage.de\/fototage-2022\/dokumentation-2022\/","url":"https:\/\/wiesbadener-fototage.de\/fototage-2022\/dokumentation-2022\/","name":"DOKUMENTATIONEN 2022 - Wiesbadener Fototage","isPartOf":{"@id":"https:\/\/wiesbadener-fototage.de\/#website"},"datePublished":"2024-08-24T10:30:41+00:00","dateModified":"2025-12-30T06:47:43+00:00","breadcrumb":{"@id":"https:\/\/wiesbadener-fototage.de\/fototage-2022\/dokumentation-2022\/#breadcrumb"},"inLanguage":"de","potentialAction":[{"@type":"ReadAction","target":["https:\/\/wiesbadener-fototage.de\/fototage-2022\/dokumentation-2022\/"]}]},{"@type":"BreadcrumbList","@id":"https:\/\/wiesbadener-fototage.de\/fototage-2022\/dokumentation-2022\/#breadcrumb","itemListElement":[{"@type":"ListItem","position":1,"name":"Startseite","item":"https:\/\/wiesbadener-fototage.de\/start\/"},{"@type":"ListItem","position":2,"name":"FOTOTAGE 2022","item":"https:\/\/wiesbadener-fototage.de\/fototage-2022\/"},{"@type":"ListItem","position":3,"name":"DOKUMENTATIONEN 2022"}]},{"@type":"WebSite","@id":"https:\/\/wiesbadener-fototage.de\/#website","url":"https:\/\/wiesbadener-fototage.de\/","name":"Wiesbadener Fototage","description":"Die Wiesbadener Fototage sind ein internationales Festival f\u00fcr aktuelle Fotokunst und Dokumentarfotografie, das alle drei Jahre in Kollaboration mit Galerien und Ausstellungsh\u00e4usern stattfindet.","publisher":{"@id":"https:\/\/wiesbadener-fototage.de\/#organization"},"potentialAction":[{"@type":"SearchAction","target":{"@type":"EntryPoint","urlTemplate":"https:\/\/wiesbadener-fototage.de\/?s={search_term_string}"},"query-input":{"@type":"PropertyValueSpecification","valueRequired":true,"valueName":"search_term_string"}}],"inLanguage":"de"},{"@type":"Organization","@id":"https:\/\/wiesbadener-fototage.de\/#organization","name":"Wiesbadener Fototage gUG","url":"https:\/\/wiesbadener-fototage.de\/","logo":{"@type":"ImageObject","inLanguage":"de","@id":"https:\/\/wiesbadener-fototage.de\/#\/schema\/logo\/image\/","url":"https:\/\/wifo2022.de\/wp-content\/uploads\/2021\/10\/210711_WIFT_S_RGB.png","contentUrl":"https:\/\/wifo2022.de\/wp-content\/uploads\/2021\/10\/210711_WIFT_S_RGB.png","width":3190,"height":533,"caption":"Wiesbadener Fototage gUG"},"image":{"@id":"https:\/\/wiesbadener-fototage.de\/#\/schema\/logo\/image\/"},"sameAs":["https:\/\/www.facebook.com\/fototagewiesbaden","https:\/\/www.instagram.com\/wiesbadenerfototage"]}]}},"_links":{"self":[{"href":"https:\/\/wiesbadener-fototage.de\/de_de\/wp-json\/wp\/v2\/pages\/6160","targetHints":{"allow":["GET"]}}],"collection":[{"href":"https:\/\/wiesbadener-fototage.de\/de_de\/wp-json\/wp\/v2\/pages"}],"about":[{"href":"https:\/\/wiesbadener-fototage.de\/de_de\/wp-json\/wp\/v2\/types\/page"}],"author":[{"embeddable":true,"href":"https:\/\/wiesbadener-fototage.de\/de_de\/wp-json\/wp\/v2\/users\/1"}],"replies":[{"embeddable":true,"href":"https:\/\/wiesbadener-fototage.de\/de_de\/wp-json\/wp\/v2\/comments?post=6160"}],"version-history":[{"count":14,"href":"https:\/\/wiesbadener-fototage.de\/de_de\/wp-json\/wp\/v2\/pages\/6160\/revisions"}],"predecessor-version":[{"id":15846,"href":"https:\/\/wiesbadener-fototage.de\/de_de\/wp-json\/wp\/v2\/pages\/6160\/revisions\/15846"}],"up":[{"embeddable":true,"href":"https:\/\/wiesbadener-fototage.de\/de_de\/wp-json\/wp\/v2\/pages\/5999"}],"wp:attachment":[{"href":"https:\/\/wiesbadener-fototage.de\/de_de\/wp-json\/wp\/v2\/media?parent=6160"}],"curies":[{"name":"wp","href":"https:\/\/api.w.org\/{rel}","templated":true}]}}