{"id":7203,"date":"2025-04-07T09:31:30","date_gmt":"2025-04-07T09:31:30","guid":{"rendered":"https:\/\/wiesbadener-fototage.de\/?page_id=7203"},"modified":"2025-07-08T11:45:01","modified_gmt":"2025-07-08T11:45:01","slug":"fotobuchgestaltung","status":"publish","type":"page","link":"https:\/\/wiesbadener-fototage.de\/de_de\/wifo2025\/workshops\/fotobuchgestaltung\/","title":{"rendered":"WORKSHOP FOTOBUCH"},"content":{"rendered":"<div id=\"full_slider_1\" class=\"avia-fullwidth-slider main_color avia-shadow   avia-builder-el-0  el_before_av_heading  avia-builder-el-first   container_wrap fullsize\"><div class=\"avia-slideshow av-6zqv9b-cadc8c919ba7534154976d3f23828610 avia-slideshow-featured_large av_slideshow_full avia-slide-slider av-slideshow-ui av-control-default av-slideshow-manual av-loop-once av-loop-manual-endless av-default-height-applied   avia-slideshow-1\" data-slideshow-options=\"{&quot;animation&quot;:&quot;slide&quot;,&quot;autoplay&quot;:false,&quot;loop_autoplay&quot;:&quot;once&quot;,&quot;interval&quot;:5,&quot;loop_manual&quot;:&quot;manual-endless&quot;,&quot;autoplay_stopper&quot;:false,&quot;noNavigation&quot;:false,&quot;bg_slider&quot;:false,&quot;keep_padding&quot;:false,&quot;hoverpause&quot;:false,&quot;show_slide_delay&quot;:0}\" itemprop=\"image\" itemscope=\"itemscope\" itemtype=\"https:\/\/schema.org\/ImageObject\"><ul class=\"avia-slideshow-inner \" style=\"padding-bottom: 42%;\"><li class=\"avia-slideshow-slide av-6zqv9b-cadc8c919ba7534154976d3f23828610__0  av-single-slide slide-1 slide-odd\"><div data-rel=\"slideshow-1\" class=\"avia-slide-wrap \"><img decoding=\"async\" fetchpriority=\"high\" class=\"wp-image-7209 avia-img-lazy-loading-not-7209\" src=\"https:\/\/wiesbadener-fototage.de\/wp-content\/uploads\/2025\/04\/Fotobuchworkshop_1500x630_Website-1500x630.jpg\" width=\"1500\" height=\"630\" title alt itemprop=\"thumbnailUrl\" srcset=\"https:\/\/wiesbadener-fototage.de\/wp-content\/uploads\/2025\/04\/Fotobuchworkshop_1500x630_Website-1500x630.jpg 1500w, https:\/\/wiesbadener-fototage.de\/wp-content\/uploads\/2025\/04\/Fotobuchworkshop_1500x630_Website-300x126.jpg 300w, https:\/\/wiesbadener-fototage.de\/wp-content\/uploads\/2025\/04\/Fotobuchworkshop_1500x630_Website-1030x432.jpg 1030w, https:\/\/wiesbadener-fototage.de\/wp-content\/uploads\/2025\/04\/Fotobuchworkshop_1500x630_Website-768x322.jpg 768w, https:\/\/wiesbadener-fototage.de\/wp-content\/uploads\/2025\/04\/Fotobuchworkshop_1500x630_Website-1536x645.jpg 1536w, https:\/\/wiesbadener-fototage.de\/wp-content\/uploads\/2025\/04\/Fotobuchworkshop_1500x630_Website-2048x860.jpg 2048w, https:\/\/wiesbadener-fototage.de\/wp-content\/uploads\/2025\/04\/Fotobuchworkshop_1500x630_Website-18x8.jpg 18w, https:\/\/wiesbadener-fototage.de\/wp-content\/uploads\/2025\/04\/Fotobuchworkshop_1500x630_Website-705x296.jpg 705w\" sizes=\"(max-width: 1500px) 100vw, 1500px\"><\/div><\/li><\/ul><\/div><\/div><div id=\"after_full_slider_1\" class=\"main_color av_default_container_wrap container_wrap fullsize\"><div class=\"container av-section-cont-open\"><div class=\"template-page content  av-content-full alpha units\"><div class=\"post-entry post-entry-type-page post-entry-7203\"><div class=\"entry-content-wrapper clearfix\">\n\n<style type=\"text\/css\" data-created_by=\"avia_inline_auto\" id=\"style-css-av-m8y64kf5-7f2c59bf64de28109dcac3defa4d0760\">\n#top .av-special-heading.av-m8y64kf5-7f2c59bf64de28109dcac3defa4d0760{\npadding-bottom:10px;\n}\nbody .av-special-heading.av-m8y64kf5-7f2c59bf64de28109dcac3defa4d0760 .av-special-heading-tag .heading-char{\nfont-size:25px;\n}\n.av-special-heading.av-m8y64kf5-7f2c59bf64de28109dcac3defa4d0760 .av-subheading{\nfont-size:15px;\n}\n<\/style>\n<div class=\"av-special-heading av-m8y64kf5-7f2c59bf64de28109dcac3defa4d0760 av-special-heading-h2 blockquote modern-quote modern-centered  avia-builder-el-1  el_after_av_slideshow_full  el_before_av_hr  avia-builder-el-first \"><h2 class=\"av-special-heading-tag \" itemprop=\"headline\">DIE KUNST DES FOTOBUCHS<\/h2><div class=\"av-subheading av-subheading_below\"><p>LEITUNG: WOLFGANG ZURBORN<br>\nSa, 30.08. &amp; So, 31.08.2025 jeweils von 10\u201317&nbsp;Uhr<\/p>\n<\/div><div class=\"special-heading-border\"><div class=\"special-heading-inner-border\"><\/div><\/div><\/div>\n\n<style type=\"text\/css\" data-created_by=\"avia_inline_auto\" id=\"style-css-av-m8y6h99z-ca666b1531f4c378cd95b10b3e3aaceb\">\n#top .hr.hr-invisible.av-m8y6h99z-ca666b1531f4c378cd95b10b3e3aaceb{\nheight:50px;\n}\n<\/style>\n<div class=\"hr av-m8y6h99z-ca666b1531f4c378cd95b10b3e3aaceb hr-invisible  avia-builder-el-2  el_after_av_heading  el_before_av_button \"><span class=\"hr-inner \"><span class=\"hr-inner-style\"><\/span><\/span><\/div>\n<div class=\"avia-button-wrap av-mbe2fg39-d605ec9c37543dc8ae62956c8b483a83-wrap avia-button-left  avia-builder-el-3  el_after_av_hr  el_before_av_one_fifth \">\n<style type=\"text\/css\" data-created_by=\"avia_inline_auto\" id=\"style-css-av-mbe2fg39-d605ec9c37543dc8ae62956c8b483a83\">\n#top #wrap_all .avia-button.av-mbe2fg39-d605ec9c37543dc8ae62956c8b483a83{\nbackground-color:#ed3838;\nborder-color:#ed3838;\ncolor:#ffffff;\ntransition:all 0.4s ease-in-out;\n}\n<\/style>\n<a href class=\"avia-button av-mbe2fg39-d605ec9c37543dc8ae62956c8b483a83 av-link-btn avia-icon_select-no avia-size-large avia-position-left\" aria-label=\"Vielen Dank f\u00fcr Ihr Interesse. Der Workshop ist aktuell ausgebucht. Gerne setzen wir Sie jedoch auf unsere Warteliste. Eine E-Mail mit Namen und Telefonnummer an workshops@wiesbadener-fototage.de gen\u00fcgt. \"><span class=\"avia_iconbox_title\">Vielen Dank f\u00fcr Ihr Interesse. Der Workshop ist aktuell ausgebucht. Gerne setzen wir Sie jedoch auf unsere Warteliste. Eine E\u2011Mail mit Namen und Telefonnummer an workshops@wiesbadener-fototage.de gen\u00fcgt.&nbsp;<\/span><\/a><\/div>\n<div class=\"flex_column av-cxotf-1e9e7c0a10a64b9f5fb4ab027535fee3 av_one_fifth  avia-builder-el-4  el_after_av_button  el_before_av_two_fifth  first flex_column_div  \"><\/div>\n<div class=\"flex_column av-5it05b-ec5597f574a1a259043bb30628c58733 av_two_fifth  avia-builder-el-5  el_after_av_one_fifth  el_before_av_two_fifth  flex_column_div  \"><style type=\"text\/css\" data-created_by=\"avia_inline_auto\" id=\"style-css-av-m8y68s5u-676437bf12b203be5054eda9acb92705\">\n#top .av_textblock_section.av-m8y68s5u-676437bf12b203be5054eda9acb92705 .avia_textblock{\nfont-size:16px;\n}\n<\/style>\n<section class=\"av_textblock_section av-m8y68s5u-676437bf12b203be5054eda9acb92705 \" itemscope=\"itemscope\" itemtype=\"https:\/\/schema.org\/CreativeWork\"><div class=\"avia_textblock\" itemprop=\"text\"><p><strong>BESCHREIBUNG UND ZIELSETZUNG<\/strong><strong><br>\n<\/strong><\/p>\n<p class=\"p1\">Das Fotobuch hat sich in den vergangenen Jahren zu einer wichtigen Selbstdarstellungsform f\u00fcr Fotograf:innen entwickelt. Zudem ist es zu einer ganz eigenen Kunstform geworden, die mit Formaten und Form experimentiert und international mit Wettbewerben und Preisen gew\u00fcrdigt wird.<\/p>\n<p class=\"p1\">Der zweit\u00e4gige Workshop mit Wolfgang Zurborn sensibilisiert die Teilnehmer*innen f\u00fcr die vielf\u00e4ltigen Fragen, die bei einer Buchproduktion ber\u00fccksichtigt werden m\u00fcssen. Der ganze Prozess vom Bild zum Dummy und letztlich zum Buch wird dabei intensiv besprochen. Ziel ist es, die besonderen Qualit\u00e4ten des Bildmaterials und die eigenst\u00e4ndige pers\u00f6nliche Sichtweise durch die Zusammenstellung der Fotografien hervorzuheben. Nur eine konsequente Bildauswahl mit einer sinnvollen Dramaturgie schafft die Grundlage f\u00fcr einen Dummy, der aus dem Mittelma\u00df herausragt.<\/p>\n<p><strong>WORKSHOPLEITER<br>\n<\/strong>Das Editieren von Fotob\u00fcchern spielt eine zentrale Rolle in der k\u00fcnstlerischen Arbeit von Wolfgang Zurborn. F\u00fcr sein im Kehrer Verlag erschienenes Buch <i>Drift<\/i> erhielt er 2008 den Deutschen Fotobuchpreis. Seit 2010 leitet er zusammen mit Markus Schaden (The PhotoBookMuseum) Fotobuchworkshops in der selbst gegr\u00fcndeten Lichtblick School in K\u00f6ln und dar\u00fcberhinaus<span class=\"Apple-converted-space\">&nbsp; <\/span>Photobook Masterclasses weltweit. Das Online-Format <i>Editing Challenge <\/i>der DFA, bietet seit Januar 2022 eine ideale Plattform f\u00fcr seine Ideen zum Fotobuch.<\/p>\n<\/div><\/section><\/div>\n\n<style type=\"text\/css\" data-created_by=\"avia_inline_auto\" id=\"style-css-av-3zqu4f-117a67707ad087642c9f53cd02d76fba\">\n.flex_column.av-3zqu4f-117a67707ad087642c9f53cd02d76fba{\npadding:5px 15px 5px 15px;\nbackground-color:#87ffc2;\n}\n<\/style>\n<div class=\"flex_column av-3zqu4f-117a67707ad087642c9f53cd02d76fba av_two_fifth  avia-builder-el-7  el_after_av_two_fifth  avia-builder-el-last  flex_column_div  \"><style type=\"text\/css\" data-created_by=\"avia_inline_auto\" id=\"style-css-av-m8y6gbzw-6dc7232ca2e1510652f916992761aba0\">\n#top .av_textblock_section.av-m8y6gbzw-6dc7232ca2e1510652f916992761aba0 .avia_textblock{\nfont-size:16px;\n}\n<\/style>\n<section class=\"av_textblock_section av-m8y6gbzw-6dc7232ca2e1510652f916992761aba0 \" itemscope=\"itemscope\" itemtype=\"https:\/\/schema.org\/CreativeWork\"><div class=\"avia_textblock\" itemprop=\"text\"><p><img loading=\"lazy\" decoding=\"async\" class=\"alignnone wp-image-9880\" src=\"https:\/\/wiesbadener-fototage.de\/wp-content\/uploads\/2025\/06\/Portrait_Wolfgang_Zurborn_Credits_Frederic-Lezmi_Web_kalender-300x211.jpg\" alt width=\"250\" height=\"176\" srcset=\"https:\/\/wiesbadener-fototage.de\/wp-content\/uploads\/2025\/06\/Portrait_Wolfgang_Zurborn_Credits_Frederic-Lezmi_Web_kalender-300x211.jpg 300w, https:\/\/wiesbadener-fototage.de\/wp-content\/uploads\/2025\/06\/Portrait_Wolfgang_Zurborn_Credits_Frederic-Lezmi_Web_kalender-768x540.jpg 768w, https:\/\/wiesbadener-fototage.de\/wp-content\/uploads\/2025\/06\/Portrait_Wolfgang_Zurborn_Credits_Frederic-Lezmi_Web_kalender-18x12.jpg 18w, https:\/\/wiesbadener-fototage.de\/wp-content\/uploads\/2025\/06\/Portrait_Wolfgang_Zurborn_Credits_Frederic-Lezmi_Web_kalender-705x495.jpg 705w, https:\/\/wiesbadener-fototage.de\/wp-content\/uploads\/2025\/06\/Portrait_Wolfgang_Zurborn_Credits_Frederic-Lezmi_Web_kalender.jpg 800w\" sizes=\"auto, (max-width: 250px) 100vw, 250px\"><\/p>\n<p><strong>Workshopleiter<br>\n<\/strong>Wolfgang Zurborn<\/p>\n<p><strong>Termin<\/strong><br>\nSa, 30.08.2025 &amp; So, 31.08.2025<br>\njeweils von 10.00 bis 17&nbsp;Uhr<\/p>\n<p><strong>Or<\/strong>t<br>\nKunsthaus Wiesbaden, Schulberg 10<\/p>\n<p><strong>Zielgruppe<br>\n<\/strong>Fotobegeisterte, Amateure und Profis<\/p>\n<p><strong>Teilnahmegeb\u00fchr<\/strong><br>\n220 \u20ac (200 \u20ac f\u00fcr Studierende) inkl. Getr\u00e4nke und Mittagsimbiss<\/p>\n<p><strong>Gruppengr\u00f6\u00dfe<\/strong><br>\nMin. 8 \/ Max. 10 Personen (Mindestalter 18&nbsp;Jahre)<\/p>\n<p><strong>Was soll ich mitbringen?<br>\n<\/strong>Die Teilnehmer*innen des Workshops werden gebeten, ausreichend Bildmaterial in ausgedruckter Form (Idealerweise ca. 13x18 cm) mitzubringen, damit der Prozess des Editierens f\u00fcr alle Beteiligten anschaulich vermittelt werden kann.<\/p>\n<p><strong>Kontakt und Information<\/strong><br>\nmail@wolfgangzurborn.de<\/p>\n<p><a href=\"https:\/\/wiesbadener-fototage.de\/de_de\/wifo2025\/workshops\/\">Zur\u00fcck zur \u00dcbersicht<\/a><\/p>\n<\/div><\/section><\/div>\n<\/div><\/div><\/div><\/div><\/div>","protected":false},"excerpt":{"rendered":"","protected":false},"author":1,"featured_media":0,"parent":7251,"menu_order":0,"comment_status":"closed","ping_status":"closed","template":"","meta":{"wp_typography_post_enhancements_disabled":false,"footnotes":""},"class_list":["post-7203","page","type-page","status-publish","hentry"],"yoast_head":"<!-- This site is optimized with the Yoast SEO plugin v27.3 - https:\/\/yoast.com\/product\/yoast-seo-wordpress\/ -->\n<title>WORKSHOP FOTOBUCH - Wiesbadener Fototage<\/title>\n<meta name=\"robots\" content=\"index, follow, max-snippet:-1, max-image-preview:large, max-video-preview:-1\" \/>\n<link rel=\"canonical\" href=\"https:\/\/wiesbadener-fototage.de\/de_de\/wifo2025\/workshops\/fotobuchgestaltung\/\" \/>\n<meta property=\"og:locale\" content=\"de_DE\" \/>\n<meta property=\"og:type\" content=\"article\" \/>\n<meta property=\"og:title\" content=\"WORKSHOP FOTOBUCH - Wiesbadener Fototage\" \/>\n<meta property=\"og:url\" content=\"https:\/\/wiesbadener-fototage.de\/de_de\/wifo2025\/workshops\/fotobuchgestaltung\/\" \/>\n<meta property=\"og:site_name\" content=\"Wiesbadener Fototage\" \/>\n<meta property=\"article:publisher\" content=\"https:\/\/www.facebook.com\/fototagewiesbaden\" \/>\n<meta property=\"article:modified_time\" content=\"2025-07-08T11:45:01+00:00\" \/>\n<meta property=\"og:image\" content=\"https:\/\/wiesbadener-fototage.de\/wp-content\/uploads\/2025\/06\/Portrait_Wolfgang_Zurborn_Credits_Frederic-Lezmi_Web_kalender-300x211.jpg\" \/>\n<meta name=\"twitter:card\" content=\"summary_large_image\" \/>\n<meta name=\"twitter:label1\" content=\"Gesch\u00e4tzte Lesezeit\" \/>\n\t<meta name=\"twitter:data1\" content=\"3\u00a0Minuten\" \/>\n<script type=\"application\/ld+json\" class=\"yoast-schema-graph\">{\"@context\":\"https:\\\/\\\/schema.org\",\"@graph\":[{\"@type\":\"WebPage\",\"@id\":\"https:\\\/\\\/wiesbadener-fototage.de\\\/wifo2025\\\/workshops\\\/fotobuchgestaltung\\\/\",\"url\":\"https:\\\/\\\/wiesbadener-fototage.de\\\/wifo2025\\\/workshops\\\/fotobuchgestaltung\\\/\",\"name\":\"WORKSHOP FOTOBUCH - Wiesbadener Fototage\",\"isPartOf\":{\"@id\":\"https:\\\/\\\/wiesbadener-fototage.de\\\/#website\"},\"primaryImageOfPage\":{\"@id\":\"https:\\\/\\\/wiesbadener-fototage.de\\\/wifo2025\\\/workshops\\\/fotobuchgestaltung\\\/#primaryimage\"},\"image\":{\"@id\":\"https:\\\/\\\/wiesbadener-fototage.de\\\/wifo2025\\\/workshops\\\/fotobuchgestaltung\\\/#primaryimage\"},\"thumbnailUrl\":\"https:\\\/\\\/wiesbadener-fototage.de\\\/wp-content\\\/uploads\\\/2025\\\/06\\\/Portrait_Wolfgang_Zurborn_Credits_Frederic-Lezmi_Web_kalender-300x211.jpg\",\"datePublished\":\"2025-04-07T09:31:30+00:00\",\"dateModified\":\"2025-07-08T11:45:01+00:00\",\"breadcrumb\":{\"@id\":\"https:\\\/\\\/wiesbadener-fototage.de\\\/wifo2025\\\/workshops\\\/fotobuchgestaltung\\\/#breadcrumb\"},\"inLanguage\":\"de\",\"potentialAction\":[{\"@type\":\"ReadAction\",\"target\":[\"https:\\\/\\\/wiesbadener-fototage.de\\\/wifo2025\\\/workshops\\\/fotobuchgestaltung\\\/\"]}]},{\"@type\":\"ImageObject\",\"inLanguage\":\"de\",\"@id\":\"https:\\\/\\\/wiesbadener-fototage.de\\\/wifo2025\\\/workshops\\\/fotobuchgestaltung\\\/#primaryimage\",\"url\":\"https:\\\/\\\/wiesbadener-fototage.de\\\/wp-content\\\/uploads\\\/2025\\\/06\\\/Portrait_Wolfgang_Zurborn_Credits_Frederic-Lezmi_Web_kalender-300x211.jpg\",\"contentUrl\":\"https:\\\/\\\/wiesbadener-fototage.de\\\/wp-content\\\/uploads\\\/2025\\\/06\\\/Portrait_Wolfgang_Zurborn_Credits_Frederic-Lezmi_Web_kalender-300x211.jpg\"},{\"@type\":\"BreadcrumbList\",\"@id\":\"https:\\\/\\\/wiesbadener-fototage.de\\\/wifo2025\\\/workshops\\\/fotobuchgestaltung\\\/#breadcrumb\",\"itemListElement\":[{\"@type\":\"ListItem\",\"position\":1,\"name\":\"Startseite\",\"item\":\"https:\\\/\\\/wiesbadener-fototage.de\\\/start\\\/\"},{\"@type\":\"ListItem\",\"position\":2,\"name\":\"FESTIVAL 2025\",\"item\":\"https:\\\/\\\/wiesbadener-fototage.de\\\/wifo2025\\\/\"},{\"@type\":\"ListItem\",\"position\":3,\"name\":\"WORKSHOPS 2025\",\"item\":\"https:\\\/\\\/wiesbadener-fototage.de\\\/wifo2025\\\/workshops\\\/\"},{\"@type\":\"ListItem\",\"position\":4,\"name\":\"WORKSHOP FOTOBUCH\"}]},{\"@type\":\"WebSite\",\"@id\":\"https:\\\/\\\/wiesbadener-fototage.de\\\/#website\",\"url\":\"https:\\\/\\\/wiesbadener-fototage.de\\\/\",\"name\":\"Wiesbadener Fototage\",\"description\":\"Die Wiesbadener Fototage sind ein internationales Festival f\u00fcr aktuelle Fotokunst und Dokumentarfotografie, das alle drei Jahre in Kollaboration mit Galerien und Ausstellungsh\u00e4usern stattfindet.\",\"publisher\":{\"@id\":\"https:\\\/\\\/wiesbadener-fototage.de\\\/#organization\"},\"potentialAction\":[{\"@type\":\"SearchAction\",\"target\":{\"@type\":\"EntryPoint\",\"urlTemplate\":\"https:\\\/\\\/wiesbadener-fototage.de\\\/?s={search_term_string}\"},\"query-input\":{\"@type\":\"PropertyValueSpecification\",\"valueRequired\":true,\"valueName\":\"search_term_string\"}}],\"inLanguage\":\"de\"},{\"@type\":\"Organization\",\"@id\":\"https:\\\/\\\/wiesbadener-fototage.de\\\/#organization\",\"name\":\"Wiesbadener Fototage gUG\",\"url\":\"https:\\\/\\\/wiesbadener-fototage.de\\\/\",\"logo\":{\"@type\":\"ImageObject\",\"inLanguage\":\"de\",\"@id\":\"https:\\\/\\\/wiesbadener-fototage.de\\\/#\\\/schema\\\/logo\\\/image\\\/\",\"url\":\"https:\\\/\\\/wifo2022.de\\\/wp-content\\\/uploads\\\/2021\\\/10\\\/210711_WIFT_S_RGB.png\",\"contentUrl\":\"https:\\\/\\\/wifo2022.de\\\/wp-content\\\/uploads\\\/2021\\\/10\\\/210711_WIFT_S_RGB.png\",\"width\":3190,\"height\":533,\"caption\":\"Wiesbadener Fototage gUG\"},\"image\":{\"@id\":\"https:\\\/\\\/wiesbadener-fototage.de\\\/#\\\/schema\\\/logo\\\/image\\\/\"},\"sameAs\":[\"https:\\\/\\\/www.facebook.com\\\/fototagewiesbaden\",\"https:\\\/\\\/www.instagram.com\\\/wiesbadenerfototage\"]}]}<\/script>\n<!-- \/ Yoast SEO plugin. -->","yoast_head_json":{"title":"WORKSHOP FOTOBUCH - Wiesbadener Fototage","robots":{"index":"index","follow":"follow","max-snippet":"max-snippet:-1","max-image-preview":"max-image-preview:large","max-video-preview":"max-video-preview:-1"},"canonical":"https:\/\/wiesbadener-fototage.de\/de_de\/wifo2025\/workshops\/fotobuchgestaltung\/","og_locale":"de_DE","og_type":"article","og_title":"WORKSHOP FOTOBUCH - Wiesbadener Fototage","og_url":"https:\/\/wiesbadener-fototage.de\/de_de\/wifo2025\/workshops\/fotobuchgestaltung\/","og_site_name":"Wiesbadener Fototage","article_publisher":"https:\/\/www.facebook.com\/fototagewiesbaden","article_modified_time":"2025-07-08T11:45:01+00:00","og_image":[{"url":"https:\/\/wiesbadener-fototage.de\/wp-content\/uploads\/2025\/06\/Portrait_Wolfgang_Zurborn_Credits_Frederic-Lezmi_Web_kalender-300x211.jpg","type":"","width":"","height":""}],"twitter_card":"summary_large_image","twitter_misc":{"Gesch\u00e4tzte Lesezeit":"3\u00a0Minuten"},"schema":{"@context":"https:\/\/schema.org","@graph":[{"@type":"WebPage","@id":"https:\/\/wiesbadener-fototage.de\/wifo2025\/workshops\/fotobuchgestaltung\/","url":"https:\/\/wiesbadener-fototage.de\/wifo2025\/workshops\/fotobuchgestaltung\/","name":"WORKSHOP FOTOBUCH - Wiesbadener Fototage","isPartOf":{"@id":"https:\/\/wiesbadener-fototage.de\/#website"},"primaryImageOfPage":{"@id":"https:\/\/wiesbadener-fototage.de\/wifo2025\/workshops\/fotobuchgestaltung\/#primaryimage"},"image":{"@id":"https:\/\/wiesbadener-fototage.de\/wifo2025\/workshops\/fotobuchgestaltung\/#primaryimage"},"thumbnailUrl":"https:\/\/wiesbadener-fototage.de\/wp-content\/uploads\/2025\/06\/Portrait_Wolfgang_Zurborn_Credits_Frederic-Lezmi_Web_kalender-300x211.jpg","datePublished":"2025-04-07T09:31:30+00:00","dateModified":"2025-07-08T11:45:01+00:00","breadcrumb":{"@id":"https:\/\/wiesbadener-fototage.de\/wifo2025\/workshops\/fotobuchgestaltung\/#breadcrumb"},"inLanguage":"de","potentialAction":[{"@type":"ReadAction","target":["https:\/\/wiesbadener-fototage.de\/wifo2025\/workshops\/fotobuchgestaltung\/"]}]},{"@type":"ImageObject","inLanguage":"de","@id":"https:\/\/wiesbadener-fototage.de\/wifo2025\/workshops\/fotobuchgestaltung\/#primaryimage","url":"https:\/\/wiesbadener-fototage.de\/wp-content\/uploads\/2025\/06\/Portrait_Wolfgang_Zurborn_Credits_Frederic-Lezmi_Web_kalender-300x211.jpg","contentUrl":"https:\/\/wiesbadener-fototage.de\/wp-content\/uploads\/2025\/06\/Portrait_Wolfgang_Zurborn_Credits_Frederic-Lezmi_Web_kalender-300x211.jpg"},{"@type":"BreadcrumbList","@id":"https:\/\/wiesbadener-fototage.de\/wifo2025\/workshops\/fotobuchgestaltung\/#breadcrumb","itemListElement":[{"@type":"ListItem","position":1,"name":"Startseite","item":"https:\/\/wiesbadener-fototage.de\/start\/"},{"@type":"ListItem","position":2,"name":"FESTIVAL 2025","item":"https:\/\/wiesbadener-fototage.de\/wifo2025\/"},{"@type":"ListItem","position":3,"name":"WORKSHOPS 2025","item":"https:\/\/wiesbadener-fototage.de\/wifo2025\/workshops\/"},{"@type":"ListItem","position":4,"name":"WORKSHOP FOTOBUCH"}]},{"@type":"WebSite","@id":"https:\/\/wiesbadener-fototage.de\/#website","url":"https:\/\/wiesbadener-fototage.de\/","name":"Wiesbadener Fototage","description":"Die Wiesbadener Fototage sind ein internationales Festival f\u00fcr aktuelle Fotokunst und Dokumentarfotografie, das alle drei Jahre in Kollaboration mit Galerien und Ausstellungsh\u00e4usern stattfindet.","publisher":{"@id":"https:\/\/wiesbadener-fototage.de\/#organization"},"potentialAction":[{"@type":"SearchAction","target":{"@type":"EntryPoint","urlTemplate":"https:\/\/wiesbadener-fototage.de\/?s={search_term_string}"},"query-input":{"@type":"PropertyValueSpecification","valueRequired":true,"valueName":"search_term_string"}}],"inLanguage":"de"},{"@type":"Organization","@id":"https:\/\/wiesbadener-fototage.de\/#organization","name":"Wiesbadener Fototage gUG","url":"https:\/\/wiesbadener-fototage.de\/","logo":{"@type":"ImageObject","inLanguage":"de","@id":"https:\/\/wiesbadener-fototage.de\/#\/schema\/logo\/image\/","url":"https:\/\/wifo2022.de\/wp-content\/uploads\/2021\/10\/210711_WIFT_S_RGB.png","contentUrl":"https:\/\/wifo2022.de\/wp-content\/uploads\/2021\/10\/210711_WIFT_S_RGB.png","width":3190,"height":533,"caption":"Wiesbadener Fototage gUG"},"image":{"@id":"https:\/\/wiesbadener-fototage.de\/#\/schema\/logo\/image\/"},"sameAs":["https:\/\/www.facebook.com\/fototagewiesbaden","https:\/\/www.instagram.com\/wiesbadenerfototage"]}]}},"_links":{"self":[{"href":"https:\/\/wiesbadener-fototage.de\/de_de\/wp-json\/wp\/v2\/pages\/7203","targetHints":{"allow":["GET"]}}],"collection":[{"href":"https:\/\/wiesbadener-fototage.de\/de_de\/wp-json\/wp\/v2\/pages"}],"about":[{"href":"https:\/\/wiesbadener-fototage.de\/de_de\/wp-json\/wp\/v2\/types\/page"}],"author":[{"embeddable":true,"href":"https:\/\/wiesbadener-fototage.de\/de_de\/wp-json\/wp\/v2\/users\/1"}],"replies":[{"embeddable":true,"href":"https:\/\/wiesbadener-fototage.de\/de_de\/wp-json\/wp\/v2\/comments?post=7203"}],"version-history":[{"count":41,"href":"https:\/\/wiesbadener-fototage.de\/de_de\/wp-json\/wp\/v2\/pages\/7203\/revisions"}],"predecessor-version":[{"id":12315,"href":"https:\/\/wiesbadener-fototage.de\/de_de\/wp-json\/wp\/v2\/pages\/7203\/revisions\/12315"}],"up":[{"embeddable":true,"href":"https:\/\/wiesbadener-fototage.de\/de_de\/wp-json\/wp\/v2\/pages\/7251"}],"wp:attachment":[{"href":"https:\/\/wiesbadener-fototage.de\/de_de\/wp-json\/wp\/v2\/media?parent=7203"}],"curies":[{"name":"wp","href":"https:\/\/api.w.org\/{rel}","templated":true}]}}