{"id":7213,"date":"2025-04-07T09:47:11","date_gmt":"2025-04-07T09:47:11","guid":{"rendered":"https:\/\/wiesbadener-fototage.de\/?page_id=7213"},"modified":"2025-07-08T11:34:59","modified_gmt":"2025-07-08T11:34:59","slug":"anmeldung","status":"publish","type":"page","link":"https:\/\/wiesbadener-fototage.de\/de_de\/wifo2025\/workshops\/anmeldung\/","title":{"rendered":"ANMELDEFORMULAR WORKSHOPS"},"content":{"rendered":"<div class=\"avia-slideshow av-m8y8nkuf-78d236118e6a1070afd99a2bad5e2abb avia-slideshow-featured av_slideshow avia-slide-slider  avia-builder-el-0  el_before_av_one_half  avia-builder-el-first  av-slideshow-ui av-control-default av-slideshow-manual av-loop-once av-loop-manual-endless av-default-height-applied avia-slideshow-1\" data-slideshow-options=\"{&quot;animation&quot;:&quot;slide&quot;,&quot;autoplay&quot;:false,&quot;loop_autoplay&quot;:&quot;once&quot;,&quot;interval&quot;:5,&quot;loop_manual&quot;:&quot;manual-endless&quot;,&quot;autoplay_stopper&quot;:false,&quot;noNavigation&quot;:false,&quot;bg_slider&quot;:false,&quot;keep_padding&quot;:false,&quot;hoverpause&quot;:false,&quot;show_slide_delay&quot;:0}\" itemprop=\"image\" itemscope=\"itemscope\" itemtype=\"https:\/\/schema.org\/ImageObject\"><ul class=\"avia-slideshow-inner \" style=\"padding-bottom: 35.833333333333%;\"><li class=\"avia-slideshow-slide av-m8y8nkuf-78d236118e6a1070afd99a2bad5e2abb__0  av-single-slide slide-1 slide-odd\"><div data-rel=\"slideshow-1\" class=\"avia-slide-wrap \"><img decoding=\"async\" fetchpriority=\"high\" class=\"wp-image-7214 avia-img-lazy-loading-not-7214\" src=\"https:\/\/wiesbadener-fototage.de\/wp-content\/uploads\/2025\/04\/shutterstock_731616898_web-1200x430.jpg\" width=\"1200\" height=\"430\" title alt itemprop=\"thumbnailUrl\"><\/div><\/li><\/ul><\/div>\n<div class=\"flex_column av-bwteb1-234de188d61279a7ac40fb7ca5241cf1 av_one_half  avia-builder-el-1  el_after_av_slideshow  el_before_av_one_half  first flex_column_div  \"><form action=\"https:\/\/wiesbadener-fototage.de\/de_de\/wifo2025\/workshops\/anmeldung\/\" method=\"post\" data-fields-with-error=\"Fehler wurden in folgenden Feld(ern) gefunden:\" class=\"avia_ajax_form av-form-labels-visible   avia-builder-el-2  avia-builder-el-no-sibling   \" data-avia-form-id=\"1\" data-avia-redirect aria-label=\"Kontaktformular\"><fieldset><p class=\"  first_form  form_element form_fullwidth\" id=\"element_avia_1_1\"><label for=\"avia_1_1\">\u2013 BITTE WORKSHOP AUSW\u00c4HLEN \u2013<\/label><select name=\"avia_1_1\" class=\"select \" id=\"avia_1_1\"><option value=\"Die Kunst der Bildinszenierung (WIFO2025WS1)\">Die Kunst der Bildinszenierung (WIFO2025WS1)<\/option><option value=\"Die Kunst des Chemigramms (WIFO2025WS3)\">Die Kunst des Chemigramms (WIFO2025WS3)<\/option><option value=\"Die Kunst des Lumendrucks (WIFO2025WS4)\">Die Kunst des Lumendrucks (WIFO2025WS4)<\/option><\/select><\/p><p class=\"  first_form  form_element form_fullwidth\" id=\"element_avia_2_1\"><label for=\"avia_2_1\">Vorname <abbr class=\"required\" title=\"ben\u00f6tigt\">*<\/abbr><\/label> <input name=\"avia_2_1\" class=\"text_input is_empty\" type=\"text\" id=\"avia_2_1\" value><\/p><p class=\"  first_form  form_element form_fullwidth\" id=\"element_avia_3_1\"><label for=\"avia_3_1\">Name <abbr class=\"required\" title=\"ben\u00f6tigt\">*<\/abbr><\/label> <input name=\"avia_3_1\" class=\"text_input is_empty\" type=\"text\" id=\"avia_3_1\" value><\/p><p class=\"  first_form  form_element form_fullwidth\" id=\"element_avia_4_1\"><label for=\"avia_4_1\">Adresse (Stra\u00dfe\/Nr.) <abbr class=\"required\" title=\"ben\u00f6tigt\">*<\/abbr><\/label> <input name=\"avia_4_1\" class=\"text_input is_empty\" type=\"text\" id=\"avia_4_1\" value><\/p><p class=\"  first_form  form_element form_fullwidth\" id=\"element_avia_5_1\"><label for=\"avia_5_1\">PLZ\/Ort <abbr class=\"required\" title=\"ben\u00f6tigt\">*<\/abbr><\/label> <input name=\"avia_5_1\" class=\"text_input is_empty\" type=\"text\" id=\"avia_5_1\" value><\/p><p class=\"  first_form  form_element form_fullwidth\" id=\"element_avia_6_1\"><label for=\"avia_6_1\">E\u2011Mail-Adresse <abbr class=\"required\" title=\"ben\u00f6tigt\">*<\/abbr><\/label> <input name=\"avia_6_1\" class=\"text_input is_email\" type=\"text\" id=\"avia_6_1\" value><\/p><p class=\"  first_form  form_element form_fullwidth av-last-visible-form-element\" id=\"element_avia_7_1\"><label for=\"avia_7_1\">Telefon<\/label> <input name=\"avia_7_1\" class=\"text_input \" type=\"text\" id=\"avia_7_1\" value><\/p><p class=\"hidden\"><input type=\"text\" name=\"avia_8_1\" class=\"hidden \" id=\"avia_8_1\" value><\/p><p class=\"form_element \"><input type=\"hidden\" value=\"1\" name=\"avia_generated_form1\"><input type=\"submit\" value=\"Senden\" class=\"button\" data-sending-label=\"Sende\"><\/p><\/fieldset><\/form><div id=\"ajaxresponse_1\" class=\"ajaxresponse ajaxresponse_1 hidden\"><\/div><\/div>\n<style type=\"text\/css\" data-created_by=\"avia_inline_auto\" id=\"style-css-av-m8y8rpvk-3501c34a543be52b60ea9ee262febcde\">\n.flex_column.av-m8y8rpvk-3501c34a543be52b60ea9ee262febcde{\npadding:5px 15px 5px 15px;\n}\n<\/style>\n<div class=\"flex_column av-m8y8rpvk-3501c34a543be52b60ea9ee262febcde av_one_half  avia-builder-el-3  el_after_av_one_half  avia-builder-el-last  flex_column_div  \"><section class=\"av_textblock_section av-m8y8racr-9e20af2ec9885aaf5df30e54b3dfd5fc \" itemscope=\"itemscope\" itemtype=\"https:\/\/schema.org\/CreativeWork\"><div class=\"avia_textblock\" itemprop=\"text\"><h3><strong>TEILNAHMEBEDINGUNGEN<\/strong><\/h3>\n<p>Um an den angebotenen Workshops teilzunehmen ist eine Anmeldung erforderlich, die ausschlie\u00dflich online \u00fcber die Anmeldemaske auf der Internetseite der Wiesbadener Fototage gUG (im folgenden Veranstalter genannt ) erfolgt. Die Anmeldung wird erst rechtswirksam, wenn sie durch den Veranstalter best\u00e4tigt wird. Mindestalter der Teilnehmer *innen bei beiden Workshops ist 18&nbsp;Jahre.<\/p>\n<p>Die Teilnehmer*innenzahl der Workshops ist begrenzt. Anmeldungen werden in der Reihenfolge des Eingangs ber\u00fccksichtigt. Wir empfehlen deshalb eine fr\u00fchzeitige Anmeldung.<\/p>\n<p>Angemeldete Teilnehmer*innen erhalten nach Eingang der Anmeldung eine Anmeldebest\u00e4tigung mit der Bitte, die Workshop-Geb\u00fchr innerhalb von 7 Tagen an das angegebene Konto zu \u00fcberweisen.<\/p>\n<p>Nach erfolgtem Zahlungseingang wird vom Veranstalter eine Buchungsbest\u00e4tigung per E\u2011Mail verschickt. Damit wird die Anmeldung verbindlich. Bei \u00dcberschreitung des Zahlungszeitraums erlischt die Teilnahmeberechtigung.<\/p>\n<p class=\"p1\"><span class=\"s1\">Der Veranstalter beh\u00e4lt sich vor, vom Vertrag zur\u00fcckzutreten, falls die Mindestteilnehmerzahl nicht erreicht wird, sowie bei Ausfall eines Workshopleiters oder anderen vom Veranstalter nicht zu vertretenden Gr\u00fcnden (z.B. Wetter, Streik und<span class=\"Apple-converted-space\">&nbsp; <\/span>h\u00f6here Gewalt). In diesem Fall wird die entrichtete Teilnahmegeb\u00fchr in voller H\u00f6he zur\u00fcckerstattet. Nebenkosten, die der Teilnehmerin oder dem Teilnehmer durch Absage des Workshops durch den Veranstalter entstehen, k\u00f6nnen nicht \u00fcbernommen werden.<\/span><\/p>\n<p class=\"p1\">Sollten Sie den Workshop absagen m\u00fcssen, so&nbsp;gilt:<br>\n\u2013 bis 8 Tage vor Beginn ist die Stornierung kostenlos<br>\n\u2013 bei einer Absage innerhalb von 7\u20132 Tagen vor Beginn ist die H\u00e4lfte der Teilnahmegeb\u00fchr f\u00e4llig<br>\n\u2013 bei einer Absage 1 Tag vor Beginn ist die gesamte Teilnahmegeb\u00fchr f\u00e4llig<\/p>\n<p class=\"p1\"><span class=\"s1\">Die Teilnahmegeb\u00fchr ist unter Angabe von Name des Teilnehmenden und der Workshop-Nummer auf das nachstehende Konto zu \u00fcberweisen:<\/span><\/p>\n<p class=\"p1\"><strong>Kontoinhaber:<\/strong> Wiesbadener Fototage gUG<br>\n<strong>Bank:<\/strong> Postbank Business Giro<br>\n<strong>IBAN: <\/strong>DE39 6001 0070 0971 5817&nbsp;00<br>\n<strong>BIC: <\/strong>PBNKDEFF<\/p>\n<p>Wir freuen uns auf&nbsp;Sie!<\/p>\n<p><a href=\"https:\/\/wiesbadener-fototage.de\/de_de\/wifo2025\/workshops\/\">Zur\u00fcck zur \u00dcbersicht<\/a><\/p>\n<\/div><\/section><\/div>\n","protected":false},"excerpt":{"rendered":"","protected":false},"author":1,"featured_media":0,"parent":7251,"menu_order":0,"comment_status":"closed","ping_status":"closed","template":"","meta":{"wp_typography_post_enhancements_disabled":false,"footnotes":""},"class_list":["post-7213","page","type-page","status-publish","hentry"],"yoast_head":"<!-- This site is optimized with the Yoast SEO plugin v27.3 - https:\/\/yoast.com\/product\/yoast-seo-wordpress\/ -->\n<title>ANMELDEFORMULAR WORKSHOPS - Wiesbadener Fototage<\/title>\n<meta name=\"robots\" content=\"index, follow, max-snippet:-1, max-image-preview:large, max-video-preview:-1\" \/>\n<link rel=\"canonical\" href=\"https:\/\/wiesbadener-fototage.de\/de_de\/wifo2025\/workshops\/anmeldung\/\" \/>\n<meta property=\"og:locale\" content=\"de_DE\" \/>\n<meta property=\"og:type\" content=\"article\" \/>\n<meta property=\"og:title\" content=\"ANMELDEFORMULAR WORKSHOPS - Wiesbadener Fototage\" \/>\n<meta property=\"og:url\" content=\"https:\/\/wiesbadener-fototage.de\/de_de\/wifo2025\/workshops\/anmeldung\/\" \/>\n<meta property=\"og:site_name\" content=\"Wiesbadener Fototage\" \/>\n<meta property=\"article:publisher\" content=\"https:\/\/www.facebook.com\/fototagewiesbaden\" \/>\n<meta property=\"article:modified_time\" content=\"2025-07-08T11:34:59+00:00\" \/>\n<meta name=\"twitter:card\" content=\"summary_large_image\" \/>\n<meta name=\"twitter:label1\" content=\"Gesch\u00e4tzte Lesezeit\" \/>\n\t<meta name=\"twitter:data1\" content=\"2\u00a0Minuten\" \/>\n<script type=\"application\/ld+json\" class=\"yoast-schema-graph\">{\"@context\":\"https:\\\/\\\/schema.org\",\"@graph\":[{\"@type\":\"WebPage\",\"@id\":\"https:\\\/\\\/wiesbadener-fototage.de\\\/wifo2025\\\/workshops\\\/anmeldung\\\/\",\"url\":\"https:\\\/\\\/wiesbadener-fototage.de\\\/wifo2025\\\/workshops\\\/anmeldung\\\/\",\"name\":\"ANMELDEFORMULAR WORKSHOPS - Wiesbadener Fototage\",\"isPartOf\":{\"@id\":\"https:\\\/\\\/wiesbadener-fototage.de\\\/#website\"},\"datePublished\":\"2025-04-07T09:47:11+00:00\",\"dateModified\":\"2025-07-08T11:34:59+00:00\",\"breadcrumb\":{\"@id\":\"https:\\\/\\\/wiesbadener-fototage.de\\\/wifo2025\\\/workshops\\\/anmeldung\\\/#breadcrumb\"},\"inLanguage\":\"de\",\"potentialAction\":[{\"@type\":\"ReadAction\",\"target\":[\"https:\\\/\\\/wiesbadener-fototage.de\\\/wifo2025\\\/workshops\\\/anmeldung\\\/\"]}]},{\"@type\":\"BreadcrumbList\",\"@id\":\"https:\\\/\\\/wiesbadener-fototage.de\\\/wifo2025\\\/workshops\\\/anmeldung\\\/#breadcrumb\",\"itemListElement\":[{\"@type\":\"ListItem\",\"position\":1,\"name\":\"Startseite\",\"item\":\"https:\\\/\\\/wiesbadener-fototage.de\\\/start\\\/\"},{\"@type\":\"ListItem\",\"position\":2,\"name\":\"FESTIVAL 2025\",\"item\":\"https:\\\/\\\/wiesbadener-fototage.de\\\/wifo2025\\\/\"},{\"@type\":\"ListItem\",\"position\":3,\"name\":\"WORKSHOPS 2025\",\"item\":\"https:\\\/\\\/wiesbadener-fototage.de\\\/wifo2025\\\/workshops\\\/\"},{\"@type\":\"ListItem\",\"position\":4,\"name\":\"ANMELDEFORMULAR WORKSHOPS\"}]},{\"@type\":\"WebSite\",\"@id\":\"https:\\\/\\\/wiesbadener-fototage.de\\\/#website\",\"url\":\"https:\\\/\\\/wiesbadener-fototage.de\\\/\",\"name\":\"Wiesbadener Fototage\",\"description\":\"Die Wiesbadener Fototage sind ein internationales Festival f\u00fcr aktuelle Fotokunst und Dokumentarfotografie, das alle drei Jahre in Kollaboration mit Galerien und Ausstellungsh\u00e4usern stattfindet.\",\"publisher\":{\"@id\":\"https:\\\/\\\/wiesbadener-fototage.de\\\/#organization\"},\"potentialAction\":[{\"@type\":\"SearchAction\",\"target\":{\"@type\":\"EntryPoint\",\"urlTemplate\":\"https:\\\/\\\/wiesbadener-fototage.de\\\/?s={search_term_string}\"},\"query-input\":{\"@type\":\"PropertyValueSpecification\",\"valueRequired\":true,\"valueName\":\"search_term_string\"}}],\"inLanguage\":\"de\"},{\"@type\":\"Organization\",\"@id\":\"https:\\\/\\\/wiesbadener-fototage.de\\\/#organization\",\"name\":\"Wiesbadener Fototage gUG\",\"url\":\"https:\\\/\\\/wiesbadener-fototage.de\\\/\",\"logo\":{\"@type\":\"ImageObject\",\"inLanguage\":\"de\",\"@id\":\"https:\\\/\\\/wiesbadener-fototage.de\\\/#\\\/schema\\\/logo\\\/image\\\/\",\"url\":\"https:\\\/\\\/wifo2022.de\\\/wp-content\\\/uploads\\\/2021\\\/10\\\/210711_WIFT_S_RGB.png\",\"contentUrl\":\"https:\\\/\\\/wifo2022.de\\\/wp-content\\\/uploads\\\/2021\\\/10\\\/210711_WIFT_S_RGB.png\",\"width\":3190,\"height\":533,\"caption\":\"Wiesbadener Fototage gUG\"},\"image\":{\"@id\":\"https:\\\/\\\/wiesbadener-fototage.de\\\/#\\\/schema\\\/logo\\\/image\\\/\"},\"sameAs\":[\"https:\\\/\\\/www.facebook.com\\\/fototagewiesbaden\",\"https:\\\/\\\/www.instagram.com\\\/wiesbadenerfototage\"]}]}<\/script>\n<!-- \/ Yoast SEO plugin. -->","yoast_head_json":{"title":"ANMELDEFORMULAR WORKSHOPS - Wiesbadener Fototage","robots":{"index":"index","follow":"follow","max-snippet":"max-snippet:-1","max-image-preview":"max-image-preview:large","max-video-preview":"max-video-preview:-1"},"canonical":"https:\/\/wiesbadener-fototage.de\/de_de\/wifo2025\/workshops\/anmeldung\/","og_locale":"de_DE","og_type":"article","og_title":"ANMELDEFORMULAR WORKSHOPS - Wiesbadener Fototage","og_url":"https:\/\/wiesbadener-fototage.de\/de_de\/wifo2025\/workshops\/anmeldung\/","og_site_name":"Wiesbadener Fototage","article_publisher":"https:\/\/www.facebook.com\/fototagewiesbaden","article_modified_time":"2025-07-08T11:34:59+00:00","twitter_card":"summary_large_image","twitter_misc":{"Gesch\u00e4tzte Lesezeit":"2\u00a0Minuten"},"schema":{"@context":"https:\/\/schema.org","@graph":[{"@type":"WebPage","@id":"https:\/\/wiesbadener-fototage.de\/wifo2025\/workshops\/anmeldung\/","url":"https:\/\/wiesbadener-fototage.de\/wifo2025\/workshops\/anmeldung\/","name":"ANMELDEFORMULAR WORKSHOPS - Wiesbadener Fototage","isPartOf":{"@id":"https:\/\/wiesbadener-fototage.de\/#website"},"datePublished":"2025-04-07T09:47:11+00:00","dateModified":"2025-07-08T11:34:59+00:00","breadcrumb":{"@id":"https:\/\/wiesbadener-fototage.de\/wifo2025\/workshops\/anmeldung\/#breadcrumb"},"inLanguage":"de","potentialAction":[{"@type":"ReadAction","target":["https:\/\/wiesbadener-fototage.de\/wifo2025\/workshops\/anmeldung\/"]}]},{"@type":"BreadcrumbList","@id":"https:\/\/wiesbadener-fototage.de\/wifo2025\/workshops\/anmeldung\/#breadcrumb","itemListElement":[{"@type":"ListItem","position":1,"name":"Startseite","item":"https:\/\/wiesbadener-fototage.de\/start\/"},{"@type":"ListItem","position":2,"name":"FESTIVAL 2025","item":"https:\/\/wiesbadener-fototage.de\/wifo2025\/"},{"@type":"ListItem","position":3,"name":"WORKSHOPS 2025","item":"https:\/\/wiesbadener-fototage.de\/wifo2025\/workshops\/"},{"@type":"ListItem","position":4,"name":"ANMELDEFORMULAR WORKSHOPS"}]},{"@type":"WebSite","@id":"https:\/\/wiesbadener-fototage.de\/#website","url":"https:\/\/wiesbadener-fototage.de\/","name":"Wiesbadener Fototage","description":"Die Wiesbadener Fototage sind ein internationales Festival f\u00fcr aktuelle Fotokunst und Dokumentarfotografie, das alle drei Jahre in Kollaboration mit Galerien und Ausstellungsh\u00e4usern stattfindet.","publisher":{"@id":"https:\/\/wiesbadener-fototage.de\/#organization"},"potentialAction":[{"@type":"SearchAction","target":{"@type":"EntryPoint","urlTemplate":"https:\/\/wiesbadener-fototage.de\/?s={search_term_string}"},"query-input":{"@type":"PropertyValueSpecification","valueRequired":true,"valueName":"search_term_string"}}],"inLanguage":"de"},{"@type":"Organization","@id":"https:\/\/wiesbadener-fototage.de\/#organization","name":"Wiesbadener Fototage gUG","url":"https:\/\/wiesbadener-fototage.de\/","logo":{"@type":"ImageObject","inLanguage":"de","@id":"https:\/\/wiesbadener-fototage.de\/#\/schema\/logo\/image\/","url":"https:\/\/wifo2022.de\/wp-content\/uploads\/2021\/10\/210711_WIFT_S_RGB.png","contentUrl":"https:\/\/wifo2022.de\/wp-content\/uploads\/2021\/10\/210711_WIFT_S_RGB.png","width":3190,"height":533,"caption":"Wiesbadener Fototage gUG"},"image":{"@id":"https:\/\/wiesbadener-fototage.de\/#\/schema\/logo\/image\/"},"sameAs":["https:\/\/www.facebook.com\/fototagewiesbaden","https:\/\/www.instagram.com\/wiesbadenerfototage"]}]}},"_links":{"self":[{"href":"https:\/\/wiesbadener-fototage.de\/de_de\/wp-json\/wp\/v2\/pages\/7213","targetHints":{"allow":["GET"]}}],"collection":[{"href":"https:\/\/wiesbadener-fototage.de\/de_de\/wp-json\/wp\/v2\/pages"}],"about":[{"href":"https:\/\/wiesbadener-fototage.de\/de_de\/wp-json\/wp\/v2\/types\/page"}],"author":[{"embeddable":true,"href":"https:\/\/wiesbadener-fototage.de\/de_de\/wp-json\/wp\/v2\/users\/1"}],"replies":[{"embeddable":true,"href":"https:\/\/wiesbadener-fototage.de\/de_de\/wp-json\/wp\/v2\/comments?post=7213"}],"version-history":[{"count":32,"href":"https:\/\/wiesbadener-fototage.de\/de_de\/wp-json\/wp\/v2\/pages\/7213\/revisions"}],"predecessor-version":[{"id":12305,"href":"https:\/\/wiesbadener-fototage.de\/de_de\/wp-json\/wp\/v2\/pages\/7213\/revisions\/12305"}],"up":[{"embeddable":true,"href":"https:\/\/wiesbadener-fototage.de\/de_de\/wp-json\/wp\/v2\/pages\/7251"}],"wp:attachment":[{"href":"https:\/\/wiesbadener-fototage.de\/de_de\/wp-json\/wp\/v2\/media?parent=7213"}],"curies":[{"name":"wp","href":"https:\/\/api.w.org\/{rel}","templated":true}]}}