{"id":7953,"date":"2025-05-23T10:45:28","date_gmt":"2025-05-23T10:45:28","guid":{"rendered":"https:\/\/wiesbadener-fototage.de\/?page_id=7953"},"modified":"2025-07-19T08:15:42","modified_gmt":"2025-07-19T08:15:42","slug":"schien","status":"publish","type":"page","link":"https:\/\/wiesbadener-fototage.de\/de_de\/wifo2025\/artists\/schien\/","title":{"rendered":"SCHIEN JULIUS"},"content":{"rendered":"\n<style type=\"text\/css\" data-created_by=\"avia_inline_auto\" id=\"style-css-av-1zc0l0-af2fbf7138bd51b3be848bb2410da666\">\n#top .av-special-heading.av-1zc0l0-af2fbf7138bd51b3be848bb2410da666{\npadding-bottom:10px;\n}\nbody .av-special-heading.av-1zc0l0-af2fbf7138bd51b3be848bb2410da666 .av-special-heading-tag .heading-char{\nfont-size:25px;\n}\n.av-special-heading.av-1zc0l0-af2fbf7138bd51b3be848bb2410da666 .av-subheading{\nfont-size:24px;\n}\n<\/style>\n<div class=\"av-special-heading av-1zc0l0-af2fbf7138bd51b3be848bb2410da666 av-special-heading-h2 blockquote modern-quote modern-centered  avia-builder-el-0  el_before_av_hr  avia-builder-el-first  av-linked-heading\"><h2 class=\"av-special-heading-tag \" itemprop=\"headline\">Julius Schien <\/h2><div class=\"av-subheading av-subheading_below\"><p>\u00bbRechtes Land\u00ab<\/p>\n<\/div><div class=\"special-heading-border\"><div class=\"special-heading-inner-border\"><\/div><\/div><\/div>\n<div class=\"hr av-l3076g1s-4b91117fd224d8e386288e614b0cb67f hr-default  avia-builder-el-1  el_after_av_heading  el_before_av_one_fifth \"><span class=\"hr-inner \"><span class=\"hr-inner-style\"><\/span><\/span><\/div>\n\n<style type=\"text\/css\" data-created_by=\"avia_inline_auto\" id=\"style-css-av-ueg6o-8156a7b123d9619f92812b3ac7890a64\">\n.flex_column.av-ueg6o-8156a7b123d9619f92812b3ac7890a64{\nborder-radius:0px 0px 0px 0px;\npadding:0px 0px 0px 0px;\n}\n<\/style>\n<div class=\"flex_column av-ueg6o-8156a7b123d9619f92812b3ac7890a64 av_one_fifth  avia-builder-el-2  el_after_av_hr  el_before_av_three_fifth  first flex_column_div av-zero-column-padding  \"><\/div>\n\n<style type=\"text\/css\" data-created_by=\"avia_inline_auto\" id=\"style-css-av-82z8io-265ada1b55f92b427d7892e2a7885fb0\">\n.flex_column.av-82z8io-265ada1b55f92b427d7892e2a7885fb0{\nborder-radius:0px 0px 0px 0px;\npadding:0px 0px 0px 0px;\n}\n<\/style>\n<div class=\"flex_column av-82z8io-265ada1b55f92b427d7892e2a7885fb0 av_three_fifth  avia-builder-el-3  el_after_av_one_fifth  el_before_av_one_fifth  flex_column_div av-zero-column-padding  \"><div class=\"avia-slideshow av-l30712r3-78ed91f2a8d8c51c63ab710483c3b957 avia-slideshow-no scaling av_slideshow avia-slide-slider  avia-builder-el-4  avia-builder-el-no-sibling  av-slideshow-ui av-control-default av-slideshow-manual av-loop-once av-loop-manual-endless av-default-height-applied avia-slideshow-1\" data-slideshow-options=\"{&quot;animation&quot;:&quot;slide&quot;,&quot;autoplay&quot;:false,&quot;loop_autoplay&quot;:&quot;once&quot;,&quot;interval&quot;:5,&quot;loop_manual&quot;:&quot;manual-endless&quot;,&quot;autoplay_stopper&quot;:false,&quot;noNavigation&quot;:false,&quot;bg_slider&quot;:false,&quot;keep_padding&quot;:false,&quot;hoverpause&quot;:false,&quot;show_slide_delay&quot;:0}\" itemprop=\"image\" itemscope=\"itemscope\" itemtype=\"https:\/\/schema.org\/ImageObject\"><ul class=\"avia-slideshow-inner \" style=\"padding-bottom: 80%;\"><li class=\"avia-slideshow-slide av-l30712r3-78ed91f2a8d8c51c63ab710483c3b957__0  av-single-slide slide-1 slide-odd\"><div data-rel=\"slideshow-1\" class=\"avia-slide-wrap \"><img decoding=\"async\" fetchpriority=\"high\" class=\"wp-image-7956 avia-img-lazy-loading-not-7956\" src=\"https:\/\/wiesbadener-fototage.de\/wp-content\/uploads\/2025\/05\/01_Rechtes-Land_1990-07-01_Erfurt_Heinz-Maedel_CJulius-Schien_72ppi_Web.jpg\" width=\"2400\" height=\"1920\" title=\"Photo \u00a9 Julius Schien \/\/ Aus der Arbeit \/ From the series \u00bbRechtes Land\u00ab\" alt itemprop=\"thumbnailUrl\" srcset=\"https:\/\/wiesbadener-fototage.de\/wp-content\/uploads\/2025\/05\/01_Rechtes-Land_1990-07-01_Erfurt_Heinz-Maedel_CJulius-Schien_72ppi_Web.jpg 2400w, https:\/\/wiesbadener-fototage.de\/wp-content\/uploads\/2025\/05\/01_Rechtes-Land_1990-07-01_Erfurt_Heinz-Maedel_CJulius-Schien_72ppi_Web-300x240.jpg 300w, https:\/\/wiesbadener-fototage.de\/wp-content\/uploads\/2025\/05\/01_Rechtes-Land_1990-07-01_Erfurt_Heinz-Maedel_CJulius-Schien_72ppi_Web-1030x824.jpg 1030w, https:\/\/wiesbadener-fototage.de\/wp-content\/uploads\/2025\/05\/01_Rechtes-Land_1990-07-01_Erfurt_Heinz-Maedel_CJulius-Schien_72ppi_Web-768x614.jpg 768w, https:\/\/wiesbadener-fototage.de\/wp-content\/uploads\/2025\/05\/01_Rechtes-Land_1990-07-01_Erfurt_Heinz-Maedel_CJulius-Schien_72ppi_Web-1536x1229.jpg 1536w, https:\/\/wiesbadener-fototage.de\/wp-content\/uploads\/2025\/05\/01_Rechtes-Land_1990-07-01_Erfurt_Heinz-Maedel_CJulius-Schien_72ppi_Web-2048x1638.jpg 2048w, https:\/\/wiesbadener-fototage.de\/wp-content\/uploads\/2025\/05\/01_Rechtes-Land_1990-07-01_Erfurt_Heinz-Maedel_CJulius-Schien_72ppi_Web-15x12.jpg 15w, https:\/\/wiesbadener-fototage.de\/wp-content\/uploads\/2025\/05\/01_Rechtes-Land_1990-07-01_Erfurt_Heinz-Maedel_CJulius-Schien_72ppi_Web-1500x1200.jpg 1500w, https:\/\/wiesbadener-fototage.de\/wp-content\/uploads\/2025\/05\/01_Rechtes-Land_1990-07-01_Erfurt_Heinz-Maedel_CJulius-Schien_72ppi_Web-705x564.jpg 705w\" sizes=\"(max-width: 2400px) 100vw, 2400px\"><\/div><\/li><\/ul><\/div><\/div>\n\n<style type=\"text\/css\" data-created_by=\"avia_inline_auto\" id=\"style-css-av-9k2ao-49fd7017a481eae1f225143a5ca17c37\">\n.flex_column.av-9k2ao-49fd7017a481eae1f225143a5ca17c37{\nborder-radius:0px 0px 0px 0px;\npadding:0px 0px 0px 0px;\n}\n<\/style>\n<div class=\"flex_column av-9k2ao-49fd7017a481eae1f225143a5ca17c37 av_one_fifth  avia-builder-el-5  el_after_av_three_fifth  el_before_av_one_fifth  flex_column_div av-zero-column-padding  \"><\/div>\n\n<style type=\"text\/css\" data-created_by=\"avia_inline_auto\" id=\"style-css-av-5s9p5s-3329fd9643c5d49a085c1e7874855bea\">\n.flex_column.av-5s9p5s-3329fd9643c5d49a085c1e7874855bea{\nborder-radius:0px 0px 0px 0px;\npadding:0px 0px 0px 0px;\n}\n<\/style>\n<div class=\"flex_column av-5s9p5s-3329fd9643c5d49a085c1e7874855bea av_one_fifth  avia-builder-el-6  el_after_av_one_fifth  el_before_av_three_fifth  first flex_column_div av-zero-column-padding  column-top-margin\"><\/div>\n\n<style type=\"text\/css\" data-created_by=\"avia_inline_auto\" id=\"style-css-av-4tm9r4-20913c03cee7850a2feffd4c11de9045\">\n.flex_column.av-4tm9r4-20913c03cee7850a2feffd4c11de9045{\nborder-radius:0px 0px 0px 0px;\npadding:0px 0px 0px 0px;\n}\n<\/style>\n<div class=\"flex_column av-4tm9r4-20913c03cee7850a2feffd4c11de9045 av_three_fifth  avia-builder-el-7  el_after_av_one_fifth  el_before_av_one_fifth  flex_column_div av-zero-column-padding  column-top-margin\"><style type=\"text\/css\" data-created_by=\"avia_inline_auto\" id=\"style-css-av-l306uo3q-b10000ac62076be6ca18e7afb6f9fb81\">\n#top .av_textblock_section.av-l306uo3q-b10000ac62076be6ca18e7afb6f9fb81 .avia_textblock{\ncolor:#000000;\n}\n<\/style>\n<section class=\"av_textblock_section av-l306uo3q-b10000ac62076be6ca18e7afb6f9fb81 \" itemscope=\"itemscope\" itemtype=\"https:\/\/schema.org\/CreativeWork\"><div class=\"avia_textblock av_inherit_color\" itemprop=\"text\"><p style=\"font-weight: 400;\">Seit der deutschen Wiedervereinigung sterben in Deutschland u\u0308ber 200 Personen durch rechte Gewalt \u2013 u\u0308ber 200 Schicksale, die wir als Gesellschaft kurz zur Kenntnis nehmen und dann wieder vergessen. Konfrontiert mit der anhaltenden Pr\u00e4senz von Rechtsextremismus in Deutschland, dokumentiert Julius Schien in dem Projekt <em>Rechtes Land<\/em> all diese Tatorte rechter Gewalt und legt dabei einen bisher einzigartigen visuellen Katalog dieser Tatorte an.<\/p>\n<p style=\"font-weight: 400;\">Die leeren Bu\u0308hnen, auf denen die Taten stattfanden, ru\u0308cken in den Vordergrund. In menschenleeren Gro\u00dfformatfotografien und Begleittexten werden die Geschichten von mehr als 200 Schicksalen erz\u00e4hlt. Dieses wachsende Archiv dient als eindringlicher Index rechtsextremer Gewalt und fordert uns auf, zu erinnern, zu reflektieren und Widerstand zu leisten.<\/p>\n<p style=\"font-weight: 400;\">In die Zukunft zu blicken bedeutet, seine Vergangenheit anzuerkennen \u2013 setzen wir ein Zeichen gegen&nbsp;Hass.<\/p>\n<p><strong>Ausstellungsort: Kunsthaus Wiesbaden<\/strong><\/p>\n<p>_____<\/p>\n<p style=\"font-weight: 400;\"><strong>Julius Schien<\/strong> (*1992) sucht in seiner Fotografie vor allem nach Antworten auf die Frage, was es bedeutet, sich im 21. Jahrhundert mit dem politischen Erbe Deutschlands und der rechten Kontinuit\u00e4t des Landes auseinanderzusetzen. Dabei zielt er darauf ab, l\u00e4ngst vergessene Geschichten rechter Gewalt, die unter der Oberfl\u00e4che der Allt\u00e4glichkeit liegen, in nu\u0308chtern anmutenden Landschafts- und <span style=\"font-weight: 400;\">Stadtportraits herauszuarbeiten. Seine Arbeiten entstehen auf analogem Gro\u00dfformat.<\/span><\/p>\n<\/div><\/section><\/div>\n<style type=\"text\/css\" data-created_by=\"avia_inline_auto\" id=\"style-css-av-2fvun4-0bf8dcbfd9c91e883aa25a802f245376\">\n.flex_column.av-2fvun4-0bf8dcbfd9c91e883aa25a802f245376{\nborder-radius:0px 0px 0px 0px;\npadding:0px 0px 0px 0px;\n}\n<\/style>\n<div class=\"flex_column av-2fvun4-0bf8dcbfd9c91e883aa25a802f245376 av_one_fifth  avia-builder-el-9  el_after_av_three_fifth  el_before_av_one_fifth  flex_column_div av-zero-column-padding  column-top-margin\"><\/div>\n\n<style type=\"text\/css\" data-created_by=\"avia_inline_auto\" id=\"style-css-av-3xhtmf-a43f10264aeef913c2eb7d4d5020665f\">\n.flex_column.av-3xhtmf-a43f10264aeef913c2eb7d4d5020665f{\nborder-radius:0px 0px 0px 0px;\npadding:0px 0px 0px 0px;\n}\n<\/style>\n<div class=\"flex_column av-3xhtmf-a43f10264aeef913c2eb7d4d5020665f av_one_fifth  avia-builder-el-10  el_after_av_one_fifth  el_before_av_one_fifth  first flex_column_div av-zero-column-padding  column-top-margin\"><\/div>\n\n<style type=\"text\/css\" data-created_by=\"avia_inline_auto\" id=\"style-css-av-6wsbr-cf82548a5f1fa06a43f72c0946dba6ef\">\n.flex_column.av-6wsbr-cf82548a5f1fa06a43f72c0946dba6ef{\nborder-radius:0px 0px 0px 0px;\npadding:0px 0px 0px 0px;\n}\n<\/style>\n<div class=\"flex_column av-6wsbr-cf82548a5f1fa06a43f72c0946dba6ef av_one_fifth  avia-builder-el-11  el_after_av_one_fifth  avia-builder-el-last  flex_column_div av-zero-column-padding  column-top-margin\"><p>\n<style type=\"text\/css\" data-created_by=\"avia_inline_auto\" id=\"style-css-av-ma6s20oo-2f4520b5045c2a7772574149e05fe280\">\n.avia-image-container.av-ma6s20oo-2f4520b5045c2a7772574149e05fe280 img.avia_image{\nbox-shadow:none;\n}\n.avia-image-container.av-ma6s20oo-2f4520b5045c2a7772574149e05fe280 .av-image-caption-overlay-center{\ncolor:#ffffff;\nfont-size:12px;\n}\n<\/style>\n<\/p><div class=\"avia-image-container av-ma6s20oo-2f4520b5045c2a7772574149e05fe280 av-styling- avia-align-center  avia-builder-el-12  el_before_av_textblock  avia-builder-el-first \" itemprop=\"image\" itemscope=\"itemscope\" itemtype=\"https:\/\/schema.org\/ImageObject\"><div class=\"avia-image-container-inner\"><div class=\"avia-image-overlay-wrap\"><img decoding=\"async\" fetchpriority=\"high\" class=\"wp-image-7955 avia-img-lazy-loading-not-7955 avia_image \" src=\"https:\/\/wiesbadener-fototage.de\/wp-content\/uploads\/2025\/05\/Schien_Julius_Portrait_72dpi_Cprivat_Web-200x300.jpg\" alt title height=\"300\" width=\"200\" itemprop=\"thumbnailUrl\" srcset=\"https:\/\/wiesbadener-fototage.de\/wp-content\/uploads\/2025\/05\/Schien_Julius_Portrait_72dpi_Cprivat_Web-200x300.jpg 200w, https:\/\/wiesbadener-fototage.de\/wp-content\/uploads\/2025\/05\/Schien_Julius_Portrait_72dpi_Cprivat_Web-8x12.jpg 8w, https:\/\/wiesbadener-fototage.de\/wp-content\/uploads\/2025\/05\/Schien_Julius_Portrait_72dpi_Cprivat_Web.jpg 400w\" sizes=\"(max-width: 200px) 100vw, 200px\"><\/div><\/div><\/div><br>\n<section class=\"av_textblock_section av-ma6s5yff-d8f0d8d59527b0b9456c27af3ec91cef \" itemscope=\"itemscope\" itemtype=\"https:\/\/schema.org\/CreativeWork\"><div class=\"avia_textblock\" itemprop=\"text\"><p><a href=\"https:\/\/www.rechtes-land.de\" target=\"_blank\" rel=\"noopener\"><strong>Website<\/strong><\/a><br>\n<a href=\"https:\/\/www.instagram.com\/julius.schien\/\"><b>Instagram<\/b><\/a><\/p>\n<p><a href=\"https:\/\/wiesbadener-fototage.de\/wifo2025\/artists\/\">Zur\u00fcck zur \u00dcbersicht<\/a><\/p>\n<\/div><\/section><\/div>\n","protected":false},"excerpt":{"rendered":"","protected":false},"author":1,"featured_media":0,"parent":7387,"menu_order":0,"comment_status":"closed","ping_status":"closed","template":"","meta":{"wp_typography_post_enhancements_disabled":false,"footnotes":""},"class_list":["post-7953","page","type-page","status-publish","hentry"],"yoast_head":"<!-- This site is optimized with the Yoast SEO plugin v27.3 - https:\/\/yoast.com\/product\/yoast-seo-wordpress\/ -->\n<title>SCHIEN JULIUS - Wiesbadener Fototage<\/title>\n<meta name=\"robots\" content=\"index, follow, max-snippet:-1, max-image-preview:large, max-video-preview:-1\" \/>\n<link rel=\"canonical\" href=\"https:\/\/wiesbadener-fototage.de\/de_de\/wifo2025\/artists\/schien\/\" \/>\n<meta property=\"og:locale\" content=\"de_DE\" \/>\n<meta property=\"og:type\" content=\"article\" \/>\n<meta property=\"og:title\" content=\"SCHIEN JULIUS - Wiesbadener Fototage\" \/>\n<meta property=\"og:url\" content=\"https:\/\/wiesbadener-fototage.de\/de_de\/wifo2025\/artists\/schien\/\" \/>\n<meta property=\"og:site_name\" content=\"Wiesbadener Fototage\" \/>\n<meta property=\"article:publisher\" content=\"https:\/\/www.facebook.com\/fototagewiesbaden\" \/>\n<meta property=\"article:modified_time\" content=\"2025-07-19T08:15:42+00:00\" \/>\n<meta name=\"twitter:card\" content=\"summary_large_image\" \/>\n<meta name=\"twitter:label1\" content=\"Gesch\u00e4tzte Lesezeit\" \/>\n\t<meta name=\"twitter:data1\" content=\"2\u00a0Minuten\" \/>\n<script type=\"application\/ld+json\" class=\"yoast-schema-graph\">{\"@context\":\"https:\\\/\\\/schema.org\",\"@graph\":[{\"@type\":\"WebPage\",\"@id\":\"https:\\\/\\\/wiesbadener-fototage.de\\\/wifo2025\\\/artists\\\/schien\\\/\",\"url\":\"https:\\\/\\\/wiesbadener-fototage.de\\\/wifo2025\\\/artists\\\/schien\\\/\",\"name\":\"SCHIEN JULIUS - Wiesbadener Fototage\",\"isPartOf\":{\"@id\":\"https:\\\/\\\/wiesbadener-fototage.de\\\/#website\"},\"datePublished\":\"2025-05-23T10:45:28+00:00\",\"dateModified\":\"2025-07-19T08:15:42+00:00\",\"breadcrumb\":{\"@id\":\"https:\\\/\\\/wiesbadener-fototage.de\\\/wifo2025\\\/artists\\\/schien\\\/#breadcrumb\"},\"inLanguage\":\"de\",\"potentialAction\":[{\"@type\":\"ReadAction\",\"target\":[\"https:\\\/\\\/wiesbadener-fototage.de\\\/wifo2025\\\/artists\\\/schien\\\/\"]}]},{\"@type\":\"BreadcrumbList\",\"@id\":\"https:\\\/\\\/wiesbadener-fototage.de\\\/wifo2025\\\/artists\\\/schien\\\/#breadcrumb\",\"itemListElement\":[{\"@type\":\"ListItem\",\"position\":1,\"name\":\"Startseite\",\"item\":\"https:\\\/\\\/wiesbadener-fototage.de\\\/start\\\/\"},{\"@type\":\"ListItem\",\"position\":2,\"name\":\"FESTIVAL 2025\",\"item\":\"https:\\\/\\\/wiesbadener-fototage.de\\\/wifo2025\\\/\"},{\"@type\":\"ListItem\",\"position\":3,\"name\":\"K\u00dcNSTLER:INNEN 2025\",\"item\":\"https:\\\/\\\/wiesbadener-fototage.de\\\/wifo2025\\\/artists\\\/\"},{\"@type\":\"ListItem\",\"position\":4,\"name\":\"SCHIEN JULIUS\"}]},{\"@type\":\"WebSite\",\"@id\":\"https:\\\/\\\/wiesbadener-fototage.de\\\/#website\",\"url\":\"https:\\\/\\\/wiesbadener-fototage.de\\\/\",\"name\":\"Wiesbadener Fototage\",\"description\":\"Die Wiesbadener Fototage sind ein internationales Festival f\u00fcr aktuelle Fotokunst und Dokumentarfotografie, das alle drei Jahre in Kollaboration mit Galerien und Ausstellungsh\u00e4usern stattfindet.\",\"publisher\":{\"@id\":\"https:\\\/\\\/wiesbadener-fototage.de\\\/#organization\"},\"potentialAction\":[{\"@type\":\"SearchAction\",\"target\":{\"@type\":\"EntryPoint\",\"urlTemplate\":\"https:\\\/\\\/wiesbadener-fototage.de\\\/?s={search_term_string}\"},\"query-input\":{\"@type\":\"PropertyValueSpecification\",\"valueRequired\":true,\"valueName\":\"search_term_string\"}}],\"inLanguage\":\"de\"},{\"@type\":\"Organization\",\"@id\":\"https:\\\/\\\/wiesbadener-fototage.de\\\/#organization\",\"name\":\"Wiesbadener Fototage gUG\",\"url\":\"https:\\\/\\\/wiesbadener-fototage.de\\\/\",\"logo\":{\"@type\":\"ImageObject\",\"inLanguage\":\"de\",\"@id\":\"https:\\\/\\\/wiesbadener-fototage.de\\\/#\\\/schema\\\/logo\\\/image\\\/\",\"url\":\"https:\\\/\\\/wifo2022.de\\\/wp-content\\\/uploads\\\/2021\\\/10\\\/210711_WIFT_S_RGB.png\",\"contentUrl\":\"https:\\\/\\\/wifo2022.de\\\/wp-content\\\/uploads\\\/2021\\\/10\\\/210711_WIFT_S_RGB.png\",\"width\":3190,\"height\":533,\"caption\":\"Wiesbadener Fototage gUG\"},\"image\":{\"@id\":\"https:\\\/\\\/wiesbadener-fototage.de\\\/#\\\/schema\\\/logo\\\/image\\\/\"},\"sameAs\":[\"https:\\\/\\\/www.facebook.com\\\/fototagewiesbaden\",\"https:\\\/\\\/www.instagram.com\\\/wiesbadenerfototage\"]}]}<\/script>\n<!-- \/ Yoast SEO plugin. -->","yoast_head_json":{"title":"SCHIEN JULIUS - Wiesbadener Fototage","robots":{"index":"index","follow":"follow","max-snippet":"max-snippet:-1","max-image-preview":"max-image-preview:large","max-video-preview":"max-video-preview:-1"},"canonical":"https:\/\/wiesbadener-fototage.de\/de_de\/wifo2025\/artists\/schien\/","og_locale":"de_DE","og_type":"article","og_title":"SCHIEN JULIUS - Wiesbadener Fototage","og_url":"https:\/\/wiesbadener-fototage.de\/de_de\/wifo2025\/artists\/schien\/","og_site_name":"Wiesbadener Fototage","article_publisher":"https:\/\/www.facebook.com\/fototagewiesbaden","article_modified_time":"2025-07-19T08:15:42+00:00","twitter_card":"summary_large_image","twitter_misc":{"Gesch\u00e4tzte Lesezeit":"2\u00a0Minuten"},"schema":{"@context":"https:\/\/schema.org","@graph":[{"@type":"WebPage","@id":"https:\/\/wiesbadener-fototage.de\/wifo2025\/artists\/schien\/","url":"https:\/\/wiesbadener-fototage.de\/wifo2025\/artists\/schien\/","name":"SCHIEN JULIUS - Wiesbadener Fototage","isPartOf":{"@id":"https:\/\/wiesbadener-fototage.de\/#website"},"datePublished":"2025-05-23T10:45:28+00:00","dateModified":"2025-07-19T08:15:42+00:00","breadcrumb":{"@id":"https:\/\/wiesbadener-fototage.de\/wifo2025\/artists\/schien\/#breadcrumb"},"inLanguage":"de","potentialAction":[{"@type":"ReadAction","target":["https:\/\/wiesbadener-fototage.de\/wifo2025\/artists\/schien\/"]}]},{"@type":"BreadcrumbList","@id":"https:\/\/wiesbadener-fototage.de\/wifo2025\/artists\/schien\/#breadcrumb","itemListElement":[{"@type":"ListItem","position":1,"name":"Startseite","item":"https:\/\/wiesbadener-fototage.de\/start\/"},{"@type":"ListItem","position":2,"name":"FESTIVAL 2025","item":"https:\/\/wiesbadener-fototage.de\/wifo2025\/"},{"@type":"ListItem","position":3,"name":"K\u00dcNSTLER:INNEN 2025","item":"https:\/\/wiesbadener-fototage.de\/wifo2025\/artists\/"},{"@type":"ListItem","position":4,"name":"SCHIEN JULIUS"}]},{"@type":"WebSite","@id":"https:\/\/wiesbadener-fototage.de\/#website","url":"https:\/\/wiesbadener-fototage.de\/","name":"Wiesbadener Fototage","description":"Die Wiesbadener Fototage sind ein internationales Festival f\u00fcr aktuelle Fotokunst und Dokumentarfotografie, das alle drei Jahre in Kollaboration mit Galerien und Ausstellungsh\u00e4usern stattfindet.","publisher":{"@id":"https:\/\/wiesbadener-fototage.de\/#organization"},"potentialAction":[{"@type":"SearchAction","target":{"@type":"EntryPoint","urlTemplate":"https:\/\/wiesbadener-fototage.de\/?s={search_term_string}"},"query-input":{"@type":"PropertyValueSpecification","valueRequired":true,"valueName":"search_term_string"}}],"inLanguage":"de"},{"@type":"Organization","@id":"https:\/\/wiesbadener-fototage.de\/#organization","name":"Wiesbadener Fototage gUG","url":"https:\/\/wiesbadener-fototage.de\/","logo":{"@type":"ImageObject","inLanguage":"de","@id":"https:\/\/wiesbadener-fototage.de\/#\/schema\/logo\/image\/","url":"https:\/\/wifo2022.de\/wp-content\/uploads\/2021\/10\/210711_WIFT_S_RGB.png","contentUrl":"https:\/\/wifo2022.de\/wp-content\/uploads\/2021\/10\/210711_WIFT_S_RGB.png","width":3190,"height":533,"caption":"Wiesbadener Fototage gUG"},"image":{"@id":"https:\/\/wiesbadener-fototage.de\/#\/schema\/logo\/image\/"},"sameAs":["https:\/\/www.facebook.com\/fototagewiesbaden","https:\/\/www.instagram.com\/wiesbadenerfototage"]}]}},"_links":{"self":[{"href":"https:\/\/wiesbadener-fototage.de\/de_de\/wp-json\/wp\/v2\/pages\/7953","targetHints":{"allow":["GET"]}}],"collection":[{"href":"https:\/\/wiesbadener-fototage.de\/de_de\/wp-json\/wp\/v2\/pages"}],"about":[{"href":"https:\/\/wiesbadener-fototage.de\/de_de\/wp-json\/wp\/v2\/types\/page"}],"author":[{"embeddable":true,"href":"https:\/\/wiesbadener-fototage.de\/de_de\/wp-json\/wp\/v2\/users\/1"}],"replies":[{"embeddable":true,"href":"https:\/\/wiesbadener-fototage.de\/de_de\/wp-json\/wp\/v2\/comments?post=7953"}],"version-history":[{"count":14,"href":"https:\/\/wiesbadener-fototage.de\/de_de\/wp-json\/wp\/v2\/pages\/7953\/revisions"}],"predecessor-version":[{"id":12814,"href":"https:\/\/wiesbadener-fototage.de\/de_de\/wp-json\/wp\/v2\/pages\/7953\/revisions\/12814"}],"up":[{"embeddable":true,"href":"https:\/\/wiesbadener-fototage.de\/de_de\/wp-json\/wp\/v2\/pages\/7387"}],"wp:attachment":[{"href":"https:\/\/wiesbadener-fototage.de\/de_de\/wp-json\/wp\/v2\/media?parent=7953"}],"curies":[{"name":"wp","href":"https:\/\/api.w.org\/{rel}","templated":true}]}}