{"id":8100,"date":"2025-05-23T10:37:51","date_gmt":"2025-05-23T10:37:51","guid":{"rendered":"https:\/\/wiesbadener-fototage.de\/?page_id=8100"},"modified":"2025-07-19T07:53:21","modified_gmt":"2025-07-19T07:53:21","slug":"krutulyte","status":"publish","type":"page","link":"https:\/\/wiesbadener-fototage.de\/de_de\/wifo2025\/artists\/krutulyte\/","title":{"rendered":"KRUTULYTE EMILE"},"content":{"rendered":"\n<style type=\"text\/css\" data-created_by=\"avia_inline_auto\" id=\"style-css-av-1zc0l0-4ea411d63f0c2c2e150c175b16240134\">\n#top .av-special-heading.av-1zc0l0-4ea411d63f0c2c2e150c175b16240134{\npadding-bottom:10px;\n}\nbody .av-special-heading.av-1zc0l0-4ea411d63f0c2c2e150c175b16240134 .av-special-heading-tag .heading-char{\nfont-size:25px;\n}\n.av-special-heading.av-1zc0l0-4ea411d63f0c2c2e150c175b16240134 .av-subheading{\nfont-size:24px;\n}\n<\/style>\n<div class=\"av-special-heading av-1zc0l0-4ea411d63f0c2c2e150c175b16240134 av-special-heading-h2 blockquote modern-quote modern-centered  avia-builder-el-0  el_before_av_hr  avia-builder-el-first  av-linked-heading\"><h2 class=\"av-special-heading-tag \" itemprop=\"headline\">Emil\u00e9 Krutulyt\u00e9 <\/h2><div class=\"av-subheading av-subheading_below\"><p>\u00bbAt 10:35 I Leave My&nbsp;Flat\u00ab<\/p>\n<\/div><div class=\"special-heading-border\"><div class=\"special-heading-inner-border\"><\/div><\/div><\/div>\n<div class=\"hr av-l3076g1s-4b91117fd224d8e386288e614b0cb67f hr-default  avia-builder-el-1  el_after_av_heading  el_before_av_one_fifth \"><span class=\"hr-inner \"><span class=\"hr-inner-style\"><\/span><\/span><\/div>\n\n<style type=\"text\/css\" data-created_by=\"avia_inline_auto\" id=\"style-css-av-ueg6o-8156a7b123d9619f92812b3ac7890a64\">\n.flex_column.av-ueg6o-8156a7b123d9619f92812b3ac7890a64{\nborder-radius:0px 0px 0px 0px;\npadding:0px 0px 0px 0px;\n}\n<\/style>\n<div class=\"flex_column av-ueg6o-8156a7b123d9619f92812b3ac7890a64 av_one_fifth  avia-builder-el-2  el_after_av_hr  el_before_av_three_fifth  first flex_column_div av-zero-column-padding  \"><\/div>\n\n<style type=\"text\/css\" data-created_by=\"avia_inline_auto\" id=\"style-css-av-82z8io-265ada1b55f92b427d7892e2a7885fb0\">\n.flex_column.av-82z8io-265ada1b55f92b427d7892e2a7885fb0{\nborder-radius:0px 0px 0px 0px;\npadding:0px 0px 0px 0px;\n}\n<\/style>\n<div class=\"flex_column av-82z8io-265ada1b55f92b427d7892e2a7885fb0 av_three_fifth  avia-builder-el-3  el_after_av_one_fifth  el_before_av_one_fifth  flex_column_div av-zero-column-padding  \"><div class=\"avia-slideshow av-l30712r3-78ed91f2a8d8c51c63ab710483c3b957 avia-slideshow-no scaling av_slideshow avia-slide-slider  avia-builder-el-4  avia-builder-el-no-sibling  av-slideshow-ui av-control-default av-slideshow-manual av-loop-once av-loop-manual-endless av-default-height-applied avia-slideshow-1\" data-slideshow-options=\"{&quot;animation&quot;:&quot;slide&quot;,&quot;autoplay&quot;:false,&quot;loop_autoplay&quot;:&quot;once&quot;,&quot;interval&quot;:5,&quot;loop_manual&quot;:&quot;manual-endless&quot;,&quot;autoplay_stopper&quot;:false,&quot;noNavigation&quot;:false,&quot;bg_slider&quot;:false,&quot;keep_padding&quot;:false,&quot;hoverpause&quot;:false,&quot;show_slide_delay&quot;:0}\" itemprop=\"image\" itemscope=\"itemscope\" itemtype=\"https:\/\/schema.org\/ImageObject\"><ul class=\"avia-slideshow-inner \" style=\"padding-bottom: 64.722222222222%;\"><li class=\"avia-slideshow-slide av-l30712r3-78ed91f2a8d8c51c63ab710483c3b957__0  av-single-slide slide-1 slide-odd\"><div data-rel=\"slideshow-1\" class=\"avia-slide-wrap \"><img decoding=\"async\" fetchpriority=\"high\" class=\"wp-image-7939 avia-img-lazy-loading-not-7939\" src=\"https:\/\/wiesbadener-fototage.de\/wp-content\/uploads\/2025\/05\/Krutulyte_Emile_web.jpg\" width=\"1080\" height=\"699\" title=\"Videostill \u00a9 Emil\u00e9 Krutulyt\u00e9 \/\/ Aus der Arbeit \/ From the works \u00bbAt 10:35 I Leave my Flat\u00ab\" alt itemprop=\"thumbnailUrl\" srcset=\"https:\/\/wiesbadener-fototage.de\/wp-content\/uploads\/2025\/05\/Krutulyte_Emile_web.jpg 1080w, https:\/\/wiesbadener-fototage.de\/wp-content\/uploads\/2025\/05\/Krutulyte_Emile_web-300x194.jpg 300w, https:\/\/wiesbadener-fototage.de\/wp-content\/uploads\/2025\/05\/Krutulyte_Emile_web-1030x667.jpg 1030w, https:\/\/wiesbadener-fototage.de\/wp-content\/uploads\/2025\/05\/Krutulyte_Emile_web-768x497.jpg 768w, https:\/\/wiesbadener-fototage.de\/wp-content\/uploads\/2025\/05\/Krutulyte_Emile_web-18x12.jpg 18w, https:\/\/wiesbadener-fototage.de\/wp-content\/uploads\/2025\/05\/Krutulyte_Emile_web-705x456.jpg 705w\" sizes=\"(max-width: 1080px) 100vw, 1080px\"><\/div><\/li><\/ul><\/div><\/div>\n\n<style type=\"text\/css\" data-created_by=\"avia_inline_auto\" id=\"style-css-av-9k2ao-49fd7017a481eae1f225143a5ca17c37\">\n.flex_column.av-9k2ao-49fd7017a481eae1f225143a5ca17c37{\nborder-radius:0px 0px 0px 0px;\npadding:0px 0px 0px 0px;\n}\n<\/style>\n<div class=\"flex_column av-9k2ao-49fd7017a481eae1f225143a5ca17c37 av_one_fifth  avia-builder-el-5  el_after_av_three_fifth  el_before_av_one_fifth  flex_column_div av-zero-column-padding  \"><\/div>\n\n<style type=\"text\/css\" data-created_by=\"avia_inline_auto\" id=\"style-css-av-5s9p5s-3329fd9643c5d49a085c1e7874855bea\">\n.flex_column.av-5s9p5s-3329fd9643c5d49a085c1e7874855bea{\nborder-radius:0px 0px 0px 0px;\npadding:0px 0px 0px 0px;\n}\n<\/style>\n<div class=\"flex_column av-5s9p5s-3329fd9643c5d49a085c1e7874855bea av_one_fifth  avia-builder-el-6  el_after_av_one_fifth  el_before_av_three_fifth  first flex_column_div av-zero-column-padding  column-top-margin\"><\/div>\n\n<style type=\"text\/css\" data-created_by=\"avia_inline_auto\" id=\"style-css-av-4tm9r4-20913c03cee7850a2feffd4c11de9045\">\n.flex_column.av-4tm9r4-20913c03cee7850a2feffd4c11de9045{\nborder-radius:0px 0px 0px 0px;\npadding:0px 0px 0px 0px;\n}\n<\/style>\n<div class=\"flex_column av-4tm9r4-20913c03cee7850a2feffd4c11de9045 av_three_fifth  avia-builder-el-7  el_after_av_one_fifth  el_before_av_one_fifth  flex_column_div av-zero-column-padding  column-top-margin\"><style type=\"text\/css\" data-created_by=\"avia_inline_auto\" id=\"style-css-av-l306uo3q-b10000ac62076be6ca18e7afb6f9fb81\">\n#top .av_textblock_section.av-l306uo3q-b10000ac62076be6ca18e7afb6f9fb81 .avia_textblock{\ncolor:#000000;\n}\n<\/style>\n<section class=\"av_textblock_section av-l306uo3q-b10000ac62076be6ca18e7afb6f9fb81 \" itemscope=\"itemscope\" itemtype=\"https:\/\/schema.org\/CreativeWork\"><div class=\"avia_textblock av_inherit_color\" itemprop=\"text\"><p style=\"font-weight: 400;\">Dieses Projekt besteht aus dokumentarischem Videomaterial, das am 19. November 2024 in vielen Einrichtungen und Orten in Vilnius aufgenommen wurde. Die \u00dcberwachung des \u00f6ffentlichen Raums ist wichtig f\u00fcr die Sicherheit der Gemeinschaft, f\u00e4ngt aber auch viele private Momente von unverd\u00e4chtigen Personen ein. Jede Handlung wird aufgezeichnet und gespeichert.<\/p>\n<p style=\"font-weight: 400;\">Fragen, welche die Arbeit stellt: Wer hat Zugang zu diesem Material? Wie schwer ist es, an das Material zu gelangen? Wird es jemals gel\u00f6scht?<\/p>\n<p style=\"font-weight: 400;\">Jedes Jahr nimmt die Zahl der registrierten \u00dcberwachungskameras zu. W\u00e4re es m\u00f6glich, dass es in der Zukunft keine pers\u00f6nlichen und intimen Momente mehr gibt? Wird jeder Moment unseres Lebens aufgezeichnet werden? Werden wir in der Lage sein, unseren Tag Sekunde f\u00fcr Sekunde Revue passieren zu lassen? Und was bedeutet das f\u00fcr die Menschheit \u2013 Bedrohung oder Sicherheit?<\/p>\n<p><strong>Ausstellungsort: K\u00fcnstlerverein Walkm\u00fchle<\/strong><\/p>\n<p style=\"font-weight: 400;\">_____<\/p>\n<p style=\"font-weight: 400;\"><strong>Emil\u0117 Krutulyt\u0117<\/strong> lebt in Vilnius in Litauen. Sie schloss ihr Studium an der Abteilung f\u00fcr Grafik der Akademie der Sch\u00f6nen K\u00fcnste in Vilnius ab. In letzter Zeit konzentriert sich ihre Arbeit auf urbane Umgebungen und das Thema der st\u00e4ndigen \u00dcberwachung. Sie befasst sich auch mit den Themen Daten-Doubles, mit modernen Panoptiken und (un)bewussten Erfahrungen, die diese Ph\u00e4nomene hervorrufen. Sie ist auch f\u00fcr ihre kuratorische Arbeit bekannt.<\/p>\n<\/div><\/section><\/div>\n<style type=\"text\/css\" data-created_by=\"avia_inline_auto\" id=\"style-css-av-2fvun4-0bf8dcbfd9c91e883aa25a802f245376\">\n.flex_column.av-2fvun4-0bf8dcbfd9c91e883aa25a802f245376{\nborder-radius:0px 0px 0px 0px;\npadding:0px 0px 0px 0px;\n}\n<\/style>\n<div class=\"flex_column av-2fvun4-0bf8dcbfd9c91e883aa25a802f245376 av_one_fifth  avia-builder-el-9  el_after_av_three_fifth  el_before_av_one_fifth  flex_column_div av-zero-column-padding  column-top-margin\"><\/div>\n\n<style type=\"text\/css\" data-created_by=\"avia_inline_auto\" id=\"style-css-av-3xhtmf-a43f10264aeef913c2eb7d4d5020665f\">\n.flex_column.av-3xhtmf-a43f10264aeef913c2eb7d4d5020665f{\nborder-radius:0px 0px 0px 0px;\npadding:0px 0px 0px 0px;\n}\n<\/style>\n<div class=\"flex_column av-3xhtmf-a43f10264aeef913c2eb7d4d5020665f av_one_fifth  avia-builder-el-10  el_after_av_one_fifth  el_before_av_one_fifth  first flex_column_div av-zero-column-padding  column-top-margin\"><\/div>\n\n<style type=\"text\/css\" data-created_by=\"avia_inline_auto\" id=\"style-css-av-6wsbr-cf82548a5f1fa06a43f72c0946dba6ef\">\n.flex_column.av-6wsbr-cf82548a5f1fa06a43f72c0946dba6ef{\nborder-radius:0px 0px 0px 0px;\npadding:0px 0px 0px 0px;\n}\n<\/style>\n<div class=\"flex_column av-6wsbr-cf82548a5f1fa06a43f72c0946dba6ef av_one_fifth  avia-builder-el-11  el_after_av_one_fifth  avia-builder-el-last  flex_column_div av-zero-column-padding  column-top-margin\"><p>\n<style type=\"text\/css\" data-created_by=\"avia_inline_auto\" id=\"style-css-av-ma6s20oo-86c93b24a133ee6a4e2b682ddd7e07e5\">\n.avia-image-container.av-ma6s20oo-86c93b24a133ee6a4e2b682ddd7e07e5 img.avia_image{\nbox-shadow:none;\n}\n.avia-image-container.av-ma6s20oo-86c93b24a133ee6a4e2b682ddd7e07e5 .av-image-caption-overlay-center{\ncolor:#ffffff;\nfont-size:12px;\n}\n<\/style>\n<\/p><div class=\"avia-image-container av-ma6s20oo-86c93b24a133ee6a4e2b682ddd7e07e5 av-styling- avia-align-center  avia-builder-el-12  el_before_av_textblock  avia-builder-el-first \" itemprop=\"image\" itemscope=\"itemscope\" itemtype=\"https:\/\/schema.org\/ImageObject\"><div class=\"avia-image-container-inner\"><div class=\"avia-image-overlay-wrap\"><img decoding=\"async\" fetchpriority=\"high\" class=\"wp-image-7940 avia-img-lazy-loading-not-7940 avia_image \" src=\"https:\/\/wiesbadener-fototage.de\/wp-content\/uploads\/2025\/05\/Krutulyte_Emile_1-vertical_web-199x300.jpg\" alt title height=\"300\" width=\"199\" itemprop=\"thumbnailUrl\" srcset=\"https:\/\/wiesbadener-fototage.de\/wp-content\/uploads\/2025\/05\/Krutulyte_Emile_1-vertical_web-199x300.jpg 199w, https:\/\/wiesbadener-fototage.de\/wp-content\/uploads\/2025\/05\/Krutulyte_Emile_1-vertical_web-8x12.jpg 8w, https:\/\/wiesbadener-fototage.de\/wp-content\/uploads\/2025\/05\/Krutulyte_Emile_1-vertical_web.jpg 397w\" sizes=\"(max-width: 199px) 100vw, 199px\"><\/div><\/div><\/div><br>\n<section class=\"av_textblock_section av-ma6s5yff-d8f0d8d59527b0b9456c27af3ec91cef \" itemscope=\"itemscope\" itemtype=\"https:\/\/schema.org\/CreativeWork\"><div class=\"avia_textblock\" itemprop=\"text\"><p><a href=\"https:\/\/www.instagram.com\/emilekru\/\"><b>Instagram<\/b><\/a><\/p>\n<p><a href=\"https:\/\/wiesbadener-fototage.de\/wifo2025\/artists\/\">Zur\u00fcck zur \u00dcbersicht<\/a><\/p>\n<\/div><\/section><\/div>\n","protected":false},"excerpt":{"rendered":"","protected":false},"author":1,"featured_media":0,"parent":7387,"menu_order":0,"comment_status":"closed","ping_status":"closed","template":"","meta":{"wp_typography_post_enhancements_disabled":false,"footnotes":""},"class_list":["post-8100","page","type-page","status-publish","hentry"],"yoast_head":"<!-- This site is optimized with the Yoast SEO plugin v27.3 - https:\/\/yoast.com\/product\/yoast-seo-wordpress\/ -->\n<title>KRUTULYTE EMILE - Wiesbadener Fototage<\/title>\n<meta name=\"robots\" content=\"index, follow, max-snippet:-1, max-image-preview:large, max-video-preview:-1\" \/>\n<link rel=\"canonical\" href=\"https:\/\/wiesbadener-fototage.de\/de_de\/wifo2025\/artists\/krutulyte\/\" \/>\n<meta property=\"og:locale\" content=\"de_DE\" \/>\n<meta property=\"og:type\" content=\"article\" \/>\n<meta property=\"og:title\" content=\"KRUTULYTE EMILE - Wiesbadener Fototage\" \/>\n<meta property=\"og:url\" content=\"https:\/\/wiesbadener-fototage.de\/de_de\/wifo2025\/artists\/krutulyte\/\" \/>\n<meta property=\"og:site_name\" content=\"Wiesbadener Fototage\" \/>\n<meta property=\"article:publisher\" content=\"https:\/\/www.facebook.com\/fototagewiesbaden\" \/>\n<meta property=\"article:modified_time\" content=\"2025-07-19T07:53:21+00:00\" \/>\n<meta name=\"twitter:card\" content=\"summary_large_image\" \/>\n<meta name=\"twitter:label1\" content=\"Gesch\u00e4tzte Lesezeit\" \/>\n\t<meta name=\"twitter:data1\" content=\"2\u00a0Minuten\" \/>\n<script type=\"application\/ld+json\" class=\"yoast-schema-graph\">{\"@context\":\"https:\\\/\\\/schema.org\",\"@graph\":[{\"@type\":\"WebPage\",\"@id\":\"https:\\\/\\\/wiesbadener-fototage.de\\\/wifo2025\\\/artists\\\/krutulyte\\\/\",\"url\":\"https:\\\/\\\/wiesbadener-fototage.de\\\/wifo2025\\\/artists\\\/krutulyte\\\/\",\"name\":\"KRUTULYTE EMILE - Wiesbadener Fototage\",\"isPartOf\":{\"@id\":\"https:\\\/\\\/wiesbadener-fototage.de\\\/#website\"},\"datePublished\":\"2025-05-23T10:37:51+00:00\",\"dateModified\":\"2025-07-19T07:53:21+00:00\",\"breadcrumb\":{\"@id\":\"https:\\\/\\\/wiesbadener-fototage.de\\\/wifo2025\\\/artists\\\/krutulyte\\\/#breadcrumb\"},\"inLanguage\":\"de\",\"potentialAction\":[{\"@type\":\"ReadAction\",\"target\":[\"https:\\\/\\\/wiesbadener-fototage.de\\\/wifo2025\\\/artists\\\/krutulyte\\\/\"]}]},{\"@type\":\"BreadcrumbList\",\"@id\":\"https:\\\/\\\/wiesbadener-fototage.de\\\/wifo2025\\\/artists\\\/krutulyte\\\/#breadcrumb\",\"itemListElement\":[{\"@type\":\"ListItem\",\"position\":1,\"name\":\"Startseite\",\"item\":\"https:\\\/\\\/wiesbadener-fototage.de\\\/start\\\/\"},{\"@type\":\"ListItem\",\"position\":2,\"name\":\"FESTIVAL 2025\",\"item\":\"https:\\\/\\\/wiesbadener-fototage.de\\\/wifo2025\\\/\"},{\"@type\":\"ListItem\",\"position\":3,\"name\":\"K\u00dcNSTLER:INNEN 2025\",\"item\":\"https:\\\/\\\/wiesbadener-fototage.de\\\/wifo2025\\\/artists\\\/\"},{\"@type\":\"ListItem\",\"position\":4,\"name\":\"KRUTULYTE EMILE\"}]},{\"@type\":\"WebSite\",\"@id\":\"https:\\\/\\\/wiesbadener-fototage.de\\\/#website\",\"url\":\"https:\\\/\\\/wiesbadener-fototage.de\\\/\",\"name\":\"Wiesbadener Fototage\",\"description\":\"Die Wiesbadener Fototage sind ein internationales Festival f\u00fcr aktuelle Fotokunst und Dokumentarfotografie, das alle drei Jahre in Kollaboration mit Galerien und Ausstellungsh\u00e4usern stattfindet.\",\"publisher\":{\"@id\":\"https:\\\/\\\/wiesbadener-fototage.de\\\/#organization\"},\"potentialAction\":[{\"@type\":\"SearchAction\",\"target\":{\"@type\":\"EntryPoint\",\"urlTemplate\":\"https:\\\/\\\/wiesbadener-fototage.de\\\/?s={search_term_string}\"},\"query-input\":{\"@type\":\"PropertyValueSpecification\",\"valueRequired\":true,\"valueName\":\"search_term_string\"}}],\"inLanguage\":\"de\"},{\"@type\":\"Organization\",\"@id\":\"https:\\\/\\\/wiesbadener-fototage.de\\\/#organization\",\"name\":\"Wiesbadener Fototage gUG\",\"url\":\"https:\\\/\\\/wiesbadener-fototage.de\\\/\",\"logo\":{\"@type\":\"ImageObject\",\"inLanguage\":\"de\",\"@id\":\"https:\\\/\\\/wiesbadener-fototage.de\\\/#\\\/schema\\\/logo\\\/image\\\/\",\"url\":\"https:\\\/\\\/wifo2022.de\\\/wp-content\\\/uploads\\\/2021\\\/10\\\/210711_WIFT_S_RGB.png\",\"contentUrl\":\"https:\\\/\\\/wifo2022.de\\\/wp-content\\\/uploads\\\/2021\\\/10\\\/210711_WIFT_S_RGB.png\",\"width\":3190,\"height\":533,\"caption\":\"Wiesbadener Fototage gUG\"},\"image\":{\"@id\":\"https:\\\/\\\/wiesbadener-fototage.de\\\/#\\\/schema\\\/logo\\\/image\\\/\"},\"sameAs\":[\"https:\\\/\\\/www.facebook.com\\\/fototagewiesbaden\",\"https:\\\/\\\/www.instagram.com\\\/wiesbadenerfototage\"]}]}<\/script>\n<!-- \/ Yoast SEO plugin. -->","yoast_head_json":{"title":"KRUTULYTE EMILE - Wiesbadener Fototage","robots":{"index":"index","follow":"follow","max-snippet":"max-snippet:-1","max-image-preview":"max-image-preview:large","max-video-preview":"max-video-preview:-1"},"canonical":"https:\/\/wiesbadener-fototage.de\/de_de\/wifo2025\/artists\/krutulyte\/","og_locale":"de_DE","og_type":"article","og_title":"KRUTULYTE EMILE - Wiesbadener Fototage","og_url":"https:\/\/wiesbadener-fototage.de\/de_de\/wifo2025\/artists\/krutulyte\/","og_site_name":"Wiesbadener Fototage","article_publisher":"https:\/\/www.facebook.com\/fototagewiesbaden","article_modified_time":"2025-07-19T07:53:21+00:00","twitter_card":"summary_large_image","twitter_misc":{"Gesch\u00e4tzte Lesezeit":"2\u00a0Minuten"},"schema":{"@context":"https:\/\/schema.org","@graph":[{"@type":"WebPage","@id":"https:\/\/wiesbadener-fototage.de\/wifo2025\/artists\/krutulyte\/","url":"https:\/\/wiesbadener-fototage.de\/wifo2025\/artists\/krutulyte\/","name":"KRUTULYTE EMILE - Wiesbadener Fototage","isPartOf":{"@id":"https:\/\/wiesbadener-fototage.de\/#website"},"datePublished":"2025-05-23T10:37:51+00:00","dateModified":"2025-07-19T07:53:21+00:00","breadcrumb":{"@id":"https:\/\/wiesbadener-fototage.de\/wifo2025\/artists\/krutulyte\/#breadcrumb"},"inLanguage":"de","potentialAction":[{"@type":"ReadAction","target":["https:\/\/wiesbadener-fototage.de\/wifo2025\/artists\/krutulyte\/"]}]},{"@type":"BreadcrumbList","@id":"https:\/\/wiesbadener-fototage.de\/wifo2025\/artists\/krutulyte\/#breadcrumb","itemListElement":[{"@type":"ListItem","position":1,"name":"Startseite","item":"https:\/\/wiesbadener-fototage.de\/start\/"},{"@type":"ListItem","position":2,"name":"FESTIVAL 2025","item":"https:\/\/wiesbadener-fototage.de\/wifo2025\/"},{"@type":"ListItem","position":3,"name":"K\u00dcNSTLER:INNEN 2025","item":"https:\/\/wiesbadener-fototage.de\/wifo2025\/artists\/"},{"@type":"ListItem","position":4,"name":"KRUTULYTE EMILE"}]},{"@type":"WebSite","@id":"https:\/\/wiesbadener-fototage.de\/#website","url":"https:\/\/wiesbadener-fototage.de\/","name":"Wiesbadener Fototage","description":"Die Wiesbadener Fototage sind ein internationales Festival f\u00fcr aktuelle Fotokunst und Dokumentarfotografie, das alle drei Jahre in Kollaboration mit Galerien und Ausstellungsh\u00e4usern stattfindet.","publisher":{"@id":"https:\/\/wiesbadener-fototage.de\/#organization"},"potentialAction":[{"@type":"SearchAction","target":{"@type":"EntryPoint","urlTemplate":"https:\/\/wiesbadener-fototage.de\/?s={search_term_string}"},"query-input":{"@type":"PropertyValueSpecification","valueRequired":true,"valueName":"search_term_string"}}],"inLanguage":"de"},{"@type":"Organization","@id":"https:\/\/wiesbadener-fototage.de\/#organization","name":"Wiesbadener Fototage gUG","url":"https:\/\/wiesbadener-fototage.de\/","logo":{"@type":"ImageObject","inLanguage":"de","@id":"https:\/\/wiesbadener-fototage.de\/#\/schema\/logo\/image\/","url":"https:\/\/wifo2022.de\/wp-content\/uploads\/2021\/10\/210711_WIFT_S_RGB.png","contentUrl":"https:\/\/wifo2022.de\/wp-content\/uploads\/2021\/10\/210711_WIFT_S_RGB.png","width":3190,"height":533,"caption":"Wiesbadener Fototage gUG"},"image":{"@id":"https:\/\/wiesbadener-fototage.de\/#\/schema\/logo\/image\/"},"sameAs":["https:\/\/www.facebook.com\/fototagewiesbaden","https:\/\/www.instagram.com\/wiesbadenerfototage"]}]}},"_links":{"self":[{"href":"https:\/\/wiesbadener-fototage.de\/de_de\/wp-json\/wp\/v2\/pages\/8100","targetHints":{"allow":["GET"]}}],"collection":[{"href":"https:\/\/wiesbadener-fototage.de\/de_de\/wp-json\/wp\/v2\/pages"}],"about":[{"href":"https:\/\/wiesbadener-fototage.de\/de_de\/wp-json\/wp\/v2\/types\/page"}],"author":[{"embeddable":true,"href":"https:\/\/wiesbadener-fototage.de\/de_de\/wp-json\/wp\/v2\/users\/1"}],"replies":[{"embeddable":true,"href":"https:\/\/wiesbadener-fototage.de\/de_de\/wp-json\/wp\/v2\/comments?post=8100"}],"version-history":[{"count":9,"href":"https:\/\/wiesbadener-fototage.de\/de_de\/wp-json\/wp\/v2\/pages\/8100\/revisions"}],"predecessor-version":[{"id":12799,"href":"https:\/\/wiesbadener-fototage.de\/de_de\/wp-json\/wp\/v2\/pages\/8100\/revisions\/12799"}],"up":[{"embeddable":true,"href":"https:\/\/wiesbadener-fototage.de\/de_de\/wp-json\/wp\/v2\/pages\/7387"}],"wp:attachment":[{"href":"https:\/\/wiesbadener-fototage.de\/de_de\/wp-json\/wp\/v2\/media?parent=8100"}],"curies":[{"name":"wp","href":"https:\/\/api.w.org\/{rel}","templated":true}]}}