{"id":13182,"date":"2025-07-31T07:23:14","date_gmt":"2025-07-31T07:23:14","guid":{"rendered":"https:\/\/wiesbadener-fototage.de\/?page_id=13182"},"modified":"2025-08-23T04:30:09","modified_gmt":"2025-08-23T04:30:09","slug":"vortrag","status":"publish","type":"page","link":"https:\/\/wiesbadener-fototage.de\/en\/wifo2025\/festivalprogramm\/vortrag\/","title":{"rendered":"VORTRAG LENA PAPASABBAS"},"content":{"rendered":"<style type=\"text\/css\" data-created_by=\"avia_inline_auto\" id=\"style-css-av-mbdsdioi-2ac151cdc80fc68d8fa08b63db5c447f\">\n.avia-section.av-mbdsdioi-2ac151cdc80fc68d8fa08b63db5c447f{\nbackground-color:#693b63;\nbackground-image:unset;\n}\n<\/style>\n<div id=\"av_section_1\" class=\"avia-section av-mbdsdioi-2ac151cdc80fc68d8fa08b63db5c447f main_color avia-section-default avia-no-border-styling  avia-builder-el-0  el_before_av_section  avia-builder-el-first  avia-bg-style-scroll container_wrap fullsize\"><div class=\"container av-section-cont-open\"><main role=\"main\" itemprop=\"mainContentOfPage\" class=\"template-page content  av-content-full alpha units\"><div class=\"post-entry post-entry-type-page post-entry-13182\"><div class=\"entry-content-wrapper clearfix\">\n\n<style type=\"text\/css\" data-created_by=\"avia_inline_auto\" id=\"style-css-av-mbdsadct-e175372b0bdc319965aeba267f6a20bb\">\n#top .av-special-heading.av-mbdsadct-e175372b0bdc319965aeba267f6a20bb{\npadding-bottom:10px;\ncolor:#ffffff;\nfont-size:40px;\n}\nbody .av-special-heading.av-mbdsadct-e175372b0bdc319965aeba267f6a20bb .av-special-heading-tag .heading-char{\nfont-size:25px;\n}\n#top #wrap_all .av-special-heading.av-mbdsadct-e175372b0bdc319965aeba267f6a20bb .av-special-heading-tag{\nfont-size:40px;\n}\n.av-special-heading.av-mbdsadct-e175372b0bdc319965aeba267f6a20bb .special-heading-inner-border{\nborder-color:#ffffff;\n}\n.av-special-heading.av-mbdsadct-e175372b0bdc319965aeba267f6a20bb .av-subheading{\nfont-size:24px;\n}\n\n@media only screen and (min-width: 480px) and (max-width: 767px){ \n#top #wrap_all .av-special-heading.av-mbdsadct-e175372b0bdc319965aeba267f6a20bb .av-special-heading-tag{\nfont-size:0.8em;\n}\n}\n\n@media only screen and (max-width: 479px){ \n#top #wrap_all .av-special-heading.av-mbdsadct-e175372b0bdc319965aeba267f6a20bb .av-special-heading-tag{\nfont-size:0.8em;\n}\n}\n<\/style>\n<div class=\"av-special-heading av-mbdsadct-e175372b0bdc319965aeba267f6a20bb av-special-heading-h3 custom-color-heading blockquote modern-quote modern-centered  avia-builder-el-1  avia-builder-el-no-sibling  av-inherit-size\"><h3 class=\"av-special-heading-tag\" itemprop=\"headline\">VORTRAG VON LENA PAPASABBAS<\/h3><div class=\"special-heading-border\"><div class=\"special-heading-inner-border\"><\/div><\/div><\/div>\n\n<\/div><\/div><\/main><!-- close content main element --><\/div><\/div>\n<style type=\"text\/css\" data-created_by=\"avia_inline_auto\" id=\"style-css-av-mbm1bly7-f70750817c73278f0bff9e61eedd55c4\">\n.avia-section.av-mbm1bly7-f70750817c73278f0bff9e61eedd55c4{\nbackground-color:#ffffff;\nbackground-image:unset;\n}\n<\/style>\n<div id=\"av_section_2\" class=\"avia-section av-mbm1bly7-f70750817c73278f0bff9e61eedd55c4 main_color avia-section-default avia-no-border-styling  avia-builder-el-2  el_after_av_section  avia-builder-el-last  avia-bg-style-scroll container_wrap fullsize\"><div class=\"container av-section-cont-open\"><div class=\"template-page content  av-content-full alpha units\"><div class=\"post-entry post-entry-type-page post-entry-13182\"><div class=\"entry-content-wrapper clearfix\">\n<div class=\"flex_column av-1rfdv3u-c583d97fbfb3e5be35ffae27724772e9 av_one_fifth  avia-builder-el-3  el_before_av_one_fifth  avia-builder-el-first  first flex_column_div\"><\/div><div class=\"flex_column av-14zxshm-cdffdb373705f520fe3e06151949f8fd av_one_fifth  avia-builder-el-4  el_after_av_one_fifth  el_before_av_one_half  flex_column_div\"><p>\n<style type=\"text\/css\" data-created_by=\"avia_inline_auto\" id=\"style-css-av-mbm1bx8k-77fb6d38e3a7316b5d840d39d7fc1e93\">\n.avia-image-container.av-mbm1bx8k-77fb6d38e3a7316b5d840d39d7fc1e93 img.avia_image{\nbox-shadow:none;\n}\n.avia-image-container.av-mbm1bx8k-77fb6d38e3a7316b5d840d39d7fc1e93 .av-image-caption-overlay-center{\ncolor:#ffffff;\n}\n<\/style>\n<\/p><div class=\"avia-image-container av-mbm1bx8k-77fb6d38e3a7316b5d840d39d7fc1e93 av-styling- avia-align-center  avia-builder-el-5  el_before_av_image  avia-builder-el-first\" itemprop=\"image\" itemscope=\"itemscope\" itemtype=\"https:\/\/schema.org\/ImageObject\"><div class=\"avia-image-container-inner\"><div class=\"avia-image-overlay-wrap\"><img decoding=\"async\" fetchpriority=\"high\" class=\"wp-image-11219 avia-img-lazy-loading-not-11219 avia_image\" src=\"https:\/\/wiesbadener-fototage.de\/wp-content\/uploads\/2025\/06\/lena_portrait_treppe_web-Kopie-200x300.jpg\" alt title=\"lena_portrait_treppe_web Kopie\" height=\"300\" width=\"200\" itemprop=\"thumbnailUrl\" srcset=\"https:\/\/wiesbadener-fototage.de\/wp-content\/uploads\/2025\/06\/lena_portrait_treppe_web-Kopie-200x300.jpg 200w, https:\/\/wiesbadener-fototage.de\/wp-content\/uploads\/2025\/06\/lena_portrait_treppe_web-Kopie-8x12.jpg 8w, https:\/\/wiesbadener-fototage.de\/wp-content\/uploads\/2025\/06\/lena_portrait_treppe_web-Kopie-470x705.jpg 470w, https:\/\/wiesbadener-fototage.de\/wp-content\/uploads\/2025\/06\/lena_portrait_treppe_web-Kopie.jpg 533w\" sizes=\"(max-width: 200px) 100vw, 200px\"><\/div><\/div><\/div><br>\n\n<style type=\"text\/css\" data-created_by=\"avia_inline_auto\" id=\"style-css-av-s4548q-1698232e46eae7a41cf389fa08250449\">\n.avia-image-container.av-s4548q-1698232e46eae7a41cf389fa08250449 img.avia_image{\nbox-shadow:none;\n}\n.avia-image-container.av-s4548q-1698232e46eae7a41cf389fa08250449 .av-image-caption-overlay-center{\ncolor:#ffffff;\n}\n<\/style>\n<div class=\"avia-image-container av-s4548q-1698232e46eae7a41cf389fa08250449 av-styling- avia-align-center  avia-builder-el-6  el_after_av_image  avia-builder-el-last\" itemprop=\"image\" itemscope=\"itemscope\" itemtype=\"https:\/\/schema.org\/ImageObject\"><div class=\"avia-image-container-inner\"><div class=\"avia-image-overlay-wrap\"><img decoding=\"async\" fetchpriority=\"high\" class=\"wp-image-11222 avia-img-lazy-loading-not-11222 avia_image\" src=\"https:\/\/wiesbadener-fototage.de\/wp-content\/uploads\/2025\/06\/TFP-Logo-3lines-300x136.jpg\" alt title=\"TFP-Logo-3lines\" height=\"136\" width=\"300\" itemprop=\"thumbnailUrl\" srcset=\"https:\/\/wiesbadener-fototage.de\/wp-content\/uploads\/2025\/06\/TFP-Logo-3lines-300x136.jpg 300w, https:\/\/wiesbadener-fototage.de\/wp-content\/uploads\/2025\/06\/TFP-Logo-3lines-1030x466.jpg 1030w, https:\/\/wiesbadener-fototage.de\/wp-content\/uploads\/2025\/06\/TFP-Logo-3lines-768x348.jpg 768w, https:\/\/wiesbadener-fototage.de\/wp-content\/uploads\/2025\/06\/TFP-Logo-3lines-1536x696.jpg 1536w, https:\/\/wiesbadener-fototage.de\/wp-content\/uploads\/2025\/06\/TFP-Logo-3lines-18x8.jpg 18w, https:\/\/wiesbadener-fototage.de\/wp-content\/uploads\/2025\/06\/TFP-Logo-3lines-1500x679.jpg 1500w, https:\/\/wiesbadener-fototage.de\/wp-content\/uploads\/2025\/06\/TFP-Logo-3lines-705x319.jpg 705w, https:\/\/wiesbadener-fototage.de\/wp-content\/uploads\/2025\/06\/TFP-Logo-3lines.jpg 1601w\" sizes=\"(max-width: 300px) 100vw, 300px\"><\/div><\/div><\/div><\/div><div class=\"flex_column av-lw7zmi-098e2a9ee69c7bac806d164eb67441e9 av_one_half  avia-builder-el-7  el_after_av_one_fifth  avia-builder-el-last  flex_column_div\"><section class=\"av_textblock_section av-mbm1doj4-7ba5e0370b984f206894ee9e5aa78b9e\" itemscope=\"itemscope\" itemtype=\"https:\/\/schema.org\/CreativeWork\"><div class=\"avia_textblock\" itemprop=\"text\"><p class=\"mt-0 mb-0 circ-b text-uppercase\">Do, 04.09.2025 &nbsp;I &nbsp;19 Uhr<br>\nsam \u2013 Stadtmuseum am Markt, Marktplatz<\/p>\n<h4><strong>RADIKALE ZUVERSICHT \u2013 ZUKUNFT IN ZEICHEN DES EPOCHENWANDELS<br>\n<\/strong><strong>Vortrag von der Zukunftsforscherin Lena Papasabbas<\/strong><\/h4>\n<p style=\"font-weight: 400;\">Wir leben in einer Zeit der Krisen, der Kriege, der Umbr\u00fcche, der wegbr\u00f6ckelnden Normalit\u00e4ten. Doch die gute Nachricht ist: Ein neues Zeitalter steht vor der T\u00fcr. Und nicht selten bedeutet ein Epochenwandel einen kulturellen Evolutionssprung. Um als Gesellschaft wieder kollektive Zukunftsbilder zu entwickeln, auf die es sich hinzuarbeiten lohnt, brauchen wir zuallererst: Radikale Zuversicht.<\/p>\n<p>Keine Zukunft ohne Zuversicht! Zuversicht macht Menschen gut. Und gut gelaunt. Wenn wir die Zukunft verlieren, verlieren wir uns selbst. Nur als hoffende, sich sehnende, vorfreudige Wesen k\u00f6nnen wir wachsen und gedeihen. Und weil das so ist, befinden wir uns derzeit in einer dramatischen, ja tragischen Situation.<\/p>\n<p>Lena Papasabbas stellt in ihrem Vortrag die neun S\u00e4ulen der Zuversicht vor und spricht auch \u00fcber ihre Arbeit als Zukunftsforscherin.<\/p>\n<p>_____<\/p>\n<div>\n<div>\n<p>Ihr Weg f\u00fchrte <strong>Lena Papasabbas<\/strong> von ihrem Geburtsort in Franken nach Frankfurt, wo sie Kulturanthropologie und Philosophie studierte und als Autorin, Herausgeberin und Seminarleiterin arbeitete. Nach neun Jahren beim Zukunftsinstitut als Autorin, Referentin und Social Media Strategin, entschloss sie sich 2023 als Mitgr\u00fcnderin des Future:Project, sich ganz der transformativen Zukunftsforschung zu widmen.<\/p>\n<\/div>\n<\/div>\n<p><strong>The Admisstion to the exhibition is&nbsp;free&nbsp;<\/strong><\/p>\n<p><a href=\"https:\/\/wiesbadener-fototage.de\/en\/wifo2025\/festivalprogramm\/\">Back to overview<\/a><\/p>\n<\/div><\/section><\/div><\/div><\/div><\/div><\/div><\/div>","protected":false},"excerpt":{"rendered":"","protected":false},"author":1,"featured_media":0,"parent":8732,"menu_order":0,"comment_status":"closed","ping_status":"closed","template":"","meta":{"wp_typography_post_enhancements_disabled":false,"footnotes":""},"class_list":["post-13182","page","type-page","status-publish","hentry"],"yoast_head":"<!-- This site is optimized with the Yoast SEO plugin v27.3 - https:\/\/yoast.com\/product\/yoast-seo-wordpress\/ -->\n<title>VORTRAG LENA PAPASABBAS - Wiesbadener Fototage<\/title>\n<meta name=\"robots\" content=\"index, follow, max-snippet:-1, max-image-preview:large, max-video-preview:-1\" \/>\n<link rel=\"canonical\" href=\"https:\/\/wiesbadener-fototage.de\/en\/wifo2025\/festivalprogramm\/vortrag\/\" \/>\n<meta property=\"og:locale\" content=\"en_GB\" \/>\n<meta property=\"og:type\" content=\"article\" \/>\n<meta property=\"og:title\" content=\"VORTRAG LENA PAPASABBAS - Wiesbadener Fototage\" \/>\n<meta property=\"og:url\" content=\"https:\/\/wiesbadener-fototage.de\/en\/wifo2025\/festivalprogramm\/vortrag\/\" \/>\n<meta property=\"og:site_name\" content=\"Wiesbadener Fototage\" \/>\n<meta property=\"article:publisher\" content=\"https:\/\/www.facebook.com\/fototagewiesbaden\" \/>\n<meta property=\"article:modified_time\" content=\"2025-08-23T04:30:09+00:00\" \/>\n<meta name=\"twitter:card\" content=\"summary_large_image\" \/>\n<meta name=\"twitter:label1\" content=\"Estimated reading time\" \/>\n\t<meta name=\"twitter:data1\" content=\"2 minutes\" \/>\n<script type=\"application\/ld+json\" class=\"yoast-schema-graph\">{\"@context\":\"https:\\\/\\\/schema.org\",\"@graph\":[{\"@type\":\"WebPage\",\"@id\":\"https:\\\/\\\/wiesbadener-fototage.de\\\/wifo2025\\\/festivalprogramm\\\/vortrag\\\/\",\"url\":\"https:\\\/\\\/wiesbadener-fototage.de\\\/wifo2025\\\/festivalprogramm\\\/vortrag\\\/\",\"name\":\"VORTRAG LENA PAPASABBAS - Wiesbadener Fototage\",\"isPartOf\":{\"@id\":\"https:\\\/\\\/wiesbadener-fototage.de\\\/#website\"},\"datePublished\":\"2025-07-31T07:23:14+00:00\",\"dateModified\":\"2025-08-23T04:30:09+00:00\",\"breadcrumb\":{\"@id\":\"https:\\\/\\\/wiesbadener-fototage.de\\\/wifo2025\\\/festivalprogramm\\\/vortrag\\\/#breadcrumb\"},\"inLanguage\":\"en-GB\",\"potentialAction\":[{\"@type\":\"ReadAction\",\"target\":[\"https:\\\/\\\/wiesbadener-fototage.de\\\/wifo2025\\\/festivalprogramm\\\/vortrag\\\/\"]}]},{\"@type\":\"BreadcrumbList\",\"@id\":\"https:\\\/\\\/wiesbadener-fototage.de\\\/wifo2025\\\/festivalprogramm\\\/vortrag\\\/#breadcrumb\",\"itemListElement\":[{\"@type\":\"ListItem\",\"position\":1,\"name\":\"Startseite\",\"item\":\"https:\\\/\\\/wiesbadener-fototage.de\\\/start\\\/\"},{\"@type\":\"ListItem\",\"position\":2,\"name\":\"FESTIVAL 2025\",\"item\":\"https:\\\/\\\/wiesbadener-fototage.de\\\/wifo2025\\\/\"},{\"@type\":\"ListItem\",\"position\":3,\"name\":\"FESTIVALPROGRAMM 2025\",\"item\":\"https:\\\/\\\/wiesbadener-fototage.de\\\/wifo2025\\\/festivalprogramm\\\/\"},{\"@type\":\"ListItem\",\"position\":4,\"name\":\"VORTRAG LENA PAPASABBAS\"}]},{\"@type\":\"WebSite\",\"@id\":\"https:\\\/\\\/wiesbadener-fototage.de\\\/#website\",\"url\":\"https:\\\/\\\/wiesbadener-fototage.de\\\/\",\"name\":\"Wiesbadener Fototage\",\"description\":\"Die Wiesbadener Fototage sind ein internationales Festival f\u00fcr aktuelle Fotokunst und Dokumentarfotografie, das alle drei Jahre in Kollaboration mit Galerien und Ausstellungsh\u00e4usern stattfindet.\",\"publisher\":{\"@id\":\"https:\\\/\\\/wiesbadener-fototage.de\\\/#organization\"},\"potentialAction\":[{\"@type\":\"SearchAction\",\"target\":{\"@type\":\"EntryPoint\",\"urlTemplate\":\"https:\\\/\\\/wiesbadener-fototage.de\\\/?s={search_term_string}\"},\"query-input\":{\"@type\":\"PropertyValueSpecification\",\"valueRequired\":true,\"valueName\":\"search_term_string\"}}],\"inLanguage\":\"en-GB\"},{\"@type\":\"Organization\",\"@id\":\"https:\\\/\\\/wiesbadener-fototage.de\\\/#organization\",\"name\":\"Wiesbadener Fototage gUG\",\"url\":\"https:\\\/\\\/wiesbadener-fototage.de\\\/\",\"logo\":{\"@type\":\"ImageObject\",\"inLanguage\":\"en-GB\",\"@id\":\"https:\\\/\\\/wiesbadener-fototage.de\\\/#\\\/schema\\\/logo\\\/image\\\/\",\"url\":\"https:\\\/\\\/wifo2022.de\\\/wp-content\\\/uploads\\\/2021\\\/10\\\/210711_WIFT_S_RGB.png\",\"contentUrl\":\"https:\\\/\\\/wifo2022.de\\\/wp-content\\\/uploads\\\/2021\\\/10\\\/210711_WIFT_S_RGB.png\",\"width\":3190,\"height\":533,\"caption\":\"Wiesbadener Fototage gUG\"},\"image\":{\"@id\":\"https:\\\/\\\/wiesbadener-fototage.de\\\/#\\\/schema\\\/logo\\\/image\\\/\"},\"sameAs\":[\"https:\\\/\\\/www.facebook.com\\\/fototagewiesbaden\",\"https:\\\/\\\/www.instagram.com\\\/wiesbadenerfototage\"]}]}<\/script>\n<!-- \/ Yoast SEO plugin. -->","yoast_head_json":{"title":"VORTRAG LENA PAPASABBAS \u2014 Wiesbadener Fototage","robots":{"index":"index","follow":"follow","max-snippet":"max-snippet:-1","max-image-preview":"max-image-preview:large","max-video-preview":"max-video-preview:-1"},"canonical":"https:\/\/wiesbadener-fototage.de\/en\/wifo2025\/festivalprogramm\/vortrag\/","og_locale":"en_GB","og_type":"article","og_title":"VORTRAG LENA PAPASABBAS - Wiesbadener Fototage","og_url":"https:\/\/wiesbadener-fototage.de\/en\/wifo2025\/festivalprogramm\/vortrag\/","og_site_name":"Wiesbadener Fototage","article_publisher":"https:\/\/www.facebook.com\/fototagewiesbaden","article_modified_time":"2025-08-23T04:30:09+00:00","twitter_card":"summary_large_image","twitter_misc":{"Estimated reading time":"2 minutes"},"schema":{"@context":"https:\/\/schema.org","@graph":[{"@type":"WebPage","@id":"https:\/\/wiesbadener-fototage.de\/wifo2025\/festivalprogramm\/vortrag\/","url":"https:\/\/wiesbadener-fototage.de\/wifo2025\/festivalprogramm\/vortrag\/","name":"VORTRAG LENA PAPASABBAS \u2014 Wiesbadener Fototage","isPartOf":{"@id":"https:\/\/wiesbadener-fototage.de\/#website"},"datePublished":"2025-07-31T07:23:14+00:00","dateModified":"2025-08-23T04:30:09+00:00","breadcrumb":{"@id":"https:\/\/wiesbadener-fototage.de\/wifo2025\/festivalprogramm\/vortrag\/#breadcrumb"},"inLanguage":"en-GB","potentialAction":[{"@type":"ReadAction","target":["https:\/\/wiesbadener-fototage.de\/wifo2025\/festivalprogramm\/vortrag\/"]}]},{"@type":"BreadcrumbList","@id":"https:\/\/wiesbadener-fototage.de\/wifo2025\/festivalprogramm\/vortrag\/#breadcrumb","itemListElement":[{"@type":"ListItem","position":1,"name":"Startseite","item":"https:\/\/wiesbadener-fototage.de\/start\/"},{"@type":"ListItem","position":2,"name":"FESTIVAL 2025","item":"https:\/\/wiesbadener-fototage.de\/wifo2025\/"},{"@type":"ListItem","position":3,"name":"FESTIVALPROGRAMM 2025","item":"https:\/\/wiesbadener-fototage.de\/wifo2025\/festivalprogramm\/"},{"@type":"ListItem","position":4,"name":"VORTRAG LENA PAPASABBAS"}]},{"@type":"WebSite","@id":"https:\/\/wiesbadener-fototage.de\/#website","url":"https:\/\/wiesbadener-fototage.de\/","name":"Wiesbadener Fototage","description":"Die Wiesbadener Fototage sind ein internationales Festival f\u00fcr aktuelle Fotokunst und Dokumentarfotografie, das alle drei Jahre in Kollaboration mit Galerien und Ausstellungsh\u00e4usern stattfindet.","publisher":{"@id":"https:\/\/wiesbadener-fototage.de\/#organization"},"potentialAction":[{"@type":"SearchAction","target":{"@type":"EntryPoint","urlTemplate":"https:\/\/wiesbadener-fototage.de\/?s={search_term_string}"},"query-input":{"@type":"PropertyValueSpecification","valueRequired":true,"valueName":"search_term_string"}}],"inLanguage":"en-GB"},{"@type":"Organization","@id":"https:\/\/wiesbadener-fototage.de\/#organization","name":"Wiesbadener Fototage gUG","url":"https:\/\/wiesbadener-fototage.de\/","logo":{"@type":"ImageObject","inLanguage":"en-GB","@id":"https:\/\/wiesbadener-fototage.de\/#\/schema\/logo\/image\/","url":"https:\/\/wifo2022.de\/wp-content\/uploads\/2021\/10\/210711_WIFT_S_RGB.png","contentUrl":"https:\/\/wifo2022.de\/wp-content\/uploads\/2021\/10\/210711_WIFT_S_RGB.png","width":3190,"height":533,"caption":"Wiesbadener Fototage gUG"},"image":{"@id":"https:\/\/wiesbadener-fototage.de\/#\/schema\/logo\/image\/"},"sameAs":["https:\/\/www.facebook.com\/fototagewiesbaden","https:\/\/www.instagram.com\/wiesbadenerfototage"]}]}},"_links":{"self":[{"href":"https:\/\/wiesbadener-fototage.de\/en\/wp-json\/wp\/v2\/pages\/13182","targetHints":{"allow":["GET"]}}],"collection":[{"href":"https:\/\/wiesbadener-fototage.de\/en\/wp-json\/wp\/v2\/pages"}],"about":[{"href":"https:\/\/wiesbadener-fototage.de\/en\/wp-json\/wp\/v2\/types\/page"}],"author":[{"embeddable":true,"href":"https:\/\/wiesbadener-fototage.de\/en\/wp-json\/wp\/v2\/users\/1"}],"replies":[{"embeddable":true,"href":"https:\/\/wiesbadener-fototage.de\/en\/wp-json\/wp\/v2\/comments?post=13182"}],"version-history":[{"count":6,"href":"https:\/\/wiesbadener-fototage.de\/en\/wp-json\/wp\/v2\/pages\/13182\/revisions"}],"predecessor-version":[{"id":13831,"href":"https:\/\/wiesbadener-fototage.de\/en\/wp-json\/wp\/v2\/pages\/13182\/revisions\/13831"}],"up":[{"embeddable":true,"href":"https:\/\/wiesbadener-fototage.de\/en\/wp-json\/wp\/v2\/pages\/8732"}],"wp:attachment":[{"href":"https:\/\/wiesbadener-fototage.de\/en\/wp-json\/wp\/v2\/media?parent=13182"}],"curies":[{"name":"wp","href":"https:\/\/api.w.org\/{rel}","templated":true}]}}