{"id":597,"date":"2021-10-14T16:24:04","date_gmt":"2021-10-14T16:24:04","guid":{"rendered":"https:\/\/wifo2022.de\/?page_id=597"},"modified":"2021-10-14T16:47:18","modified_gmt":"2021-10-14T16:47:18","slug":"haeufig-gestellte-fragen-faqs","status":"publish","type":"page","link":"https:\/\/wiesbadener-fototage.de\/en\/haeufig-gestellte-fragen-faqs\/","title":{"rendered":"H\u00c4UFIG GESTELLTE FRAGEN (FAQ)"},"content":{"rendered":"<div id=\"full_slider_1\" class=\"avia-fullwidth-slider main_color avia-shadow   avia-builder-el-0  el_before_av_one_fifth  avia-builder-el-first   container_wrap fullsize\"><div class=\"avia-slideshow av-kur5kl4w-b0b28deeaf9014a85e16972fc3263d62 avia-slideshow-featured_large av_slideshow_full avia-slide-slider av-slideshow-ui av-control-default av-slideshow-manual av-loop-once av-loop-manual-endless av-default-height-applied   avia-slideshow-1\" data-slideshow-options=\"{&quot;animation&quot;:&quot;slide&quot;,&quot;autoplay&quot;:false,&quot;loop_autoplay&quot;:&quot;once&quot;,&quot;interval&quot;:5,&quot;loop_manual&quot;:&quot;manual-endless&quot;,&quot;autoplay_stopper&quot;:false,&quot;noNavigation&quot;:false,&quot;bg_slider&quot;:false,&quot;keep_padding&quot;:false,&quot;hoverpause&quot;:false,&quot;show_slide_delay&quot;:0}\" itemprop=\"image\" itemscope=\"itemscope\" itemtype=\"https:\/\/schema.org\/ImageObject\"><ul class=\"avia-slideshow-inner\" style=\"padding-bottom: 42%;\"><li class=\"avia-slideshow-slide av-kur5kl4w-b0b28deeaf9014a85e16972fc3263d62__0  av-single-slide slide-1 slide-odd\"><div data-rel=\"slideshow-1\" class=\"avia-slide-wrap\"><img decoding=\"async\" fetchpriority=\"high\" class=\"wp-image-47 avia-img-lazy-loading-not-47\" src=\"https:\/\/wiesbadener-fototage.de\/wp-content\/uploads\/2021\/10\/\u00a9ReinhardBerg_Wiesbadener_Fototage_2-1500x630.jpg\" width=\"1500\" height=\"630\" title alt itemprop=\"thumbnailUrl\"><\/div><\/li><\/ul><\/div><\/div><div id=\"after_full_slider_1\" class=\"main_color av_default_container_wrap container_wrap fullsize\"><div class=\"container av-section-cont-open\"><div class=\"template-page content  av-content-full alpha units\"><div class=\"post-entry post-entry-type-page post-entry-597\"><div class=\"entry-content-wrapper clearfix\">\n\n<style type=\"text\/css\" data-created_by=\"avia_inline_auto\" id=\"style-css-av-zbjx9-6d92066f0b350521f40b52c49cc3354c\">\n.flex_column.av-zbjx9-6d92066f0b350521f40b52c49cc3354c{\nborder-radius:0px 0px 0px 0px;\npadding:0px 0px 0px 0px;\n}\n<\/style>\n<div class=\"flex_column av-zbjx9-6d92066f0b350521f40b52c49cc3354c av_one_fifth  avia-builder-el-1  el_after_av_slideshow_full  el_before_av_three_fifth  avia-builder-el-first  first flex_column_div av-zero-column-padding\"><\/div>\n\n<style type=\"text\/css\" data-created_by=\"avia_inline_auto\" id=\"style-css-av-83ldh-1c19c055a87a90d6c6b4a379ea6866a4\">\n.flex_column.av-83ldh-1c19c055a87a90d6c6b4a379ea6866a4{\nborder-radius:0px 0px 0px 0px;\npadding:0px 0px 0px 0px;\n}\n<\/style>\n<div class=\"flex_column av-83ldh-1c19c055a87a90d6c6b4a379ea6866a4 av_three_fifth  avia-builder-el-2  el_after_av_one_fifth  el_before_av_one_fifth  flex_column_div av-zero-column-padding\"><section class=\"av_textblock_section av-kur5na1k-32695b0a8b024667f978b8b4e8f5929a\" itemscope=\"itemscope\" itemtype=\"https:\/\/schema.org\/CreativeWork\"><div class=\"avia_textblock\" itemprop=\"text\"><h3><strong>H\u00c4UFIG GESTELLTE FRAGEN<\/strong><\/h3>\n<p><strong>In unseren FAQ finden Sie Antworten auf h\u00e4ufig gestellte Fragen. W\u00e4hlen Sie einfach die entsprechende Rubrik aus und finden Sie Ihre gew\u00fcnschten Antworten.<\/strong><\/p>\n<\/div><\/section><\/div>\n\n<style type=\"text\/css\" data-created_by=\"avia_inline_auto\" id=\"style-css-av-jzj8l-bd3a4fbdb8777704c226aa2cfa095f94\">\n.flex_column.av-jzj8l-bd3a4fbdb8777704c226aa2cfa095f94{\nborder-radius:0px 0px 0px 0px;\npadding:0px 0px 0px 0px;\n}\n<\/style>\n<div class=\"flex_column av-jzj8l-bd3a4fbdb8777704c226aa2cfa095f94 av_one_fifth  avia-builder-el-4  el_after_av_three_fifth  el_before_av_one_fifth  flex_column_div av-zero-column-padding\"><\/div>\n\n<style type=\"text\/css\" data-created_by=\"avia_inline_auto\" id=\"style-css-av-ea79h-9fa968ee915225d6818df9acf6aa0ebe\">\n.flex_column.av-ea79h-9fa968ee915225d6818df9acf6aa0ebe{\nborder-radius:0px 0px 0px 0px;\npadding:0px 0px 0px 0px;\n}\n<\/style>\n<div class=\"flex_column av-ea79h-9fa968ee915225d6818df9acf6aa0ebe av_one_fifth  avia-builder-el-5  el_after_av_one_fifth  el_before_av_three_fifth  first flex_column_div av-zero-column-padding  column-top-margin\"><\/div>\n\n<style type=\"text\/css\" data-created_by=\"avia_inline_auto\" id=\"style-css-av-8r651-af268b8d1298cfd14c4284ceca7e759e\">\n.flex_column.av-8r651-af268b8d1298cfd14c4284ceca7e759e{\nborder-radius:0px 0px 0px 0px;\npadding:0px 0px 0px 0px;\n}\n<\/style>\n<div class=\"flex_column av-8r651-af268b8d1298cfd14c4284ceca7e759e av_three_fifth  avia-builder-el-6  el_after_av_one_fifth  avia-builder-el-last  flex_column_div av-zero-column-padding  column-top-margin\"><section class=\"av_textblock_section av-kur5smaj-c800f2326c75d1705dcefcbba34a8f18\" itemscope=\"itemscope\" itemtype=\"https:\/\/schema.org\/CreativeWork\"><div class=\"avia_textblock\" itemprop=\"text\"><p><strong>Wie lautet das Thema der 12. Wiesbadener Fototage 2023?<br>\n<\/strong>Die Ausschreibung l\u00e4dt dazu ein, das Thema UNRUHIGE ZEITEN auf k\u00fcnstlerisch-inszenierte, konzeptuelle oder dokumentarische Weise zu beschreiben und zu interpretieren.<\/p>\n<p><strong>Wie kann ich mich bewerben\/meine Einreichung durchf\u00fchren?<br>\n<\/strong>Unter dem Men\u00fcpunkt \u00bbOpen Call 2022\u00ab der Website www.wifo2022.de finden Sie das Online-Anmeldeformular. Bitte f\u00fcllen Sie dieses aus. Die Pflichtfelder sind dabei gekennzeichnet. Sie m\u00fcssen zudem die Teilnahmebedingungen akzeptieren. Des Weiteren ben\u00f6tigen Sie f\u00fcr die Einreichung eine g\u00fcltige E\u2011Mail-Adresse.<\/p>\n<p><strong>Gibt es eine Einreichungsgeb\u00fchr?<br>\n<\/strong>Pro eingereichter Fotoserie wird eine Geb\u00fchr in H\u00f6he von 20 Euro erhoben.<\/p>\n<p><strong>Wie viele Arbeiten darf ich einreichen?<br>\n<\/strong>Je Teilnehmer\/in k\u00f6nnen bis zu zwei Fotoserien eingereicht werden.<\/p>\n<p><strong>Woraus besteht eine Fotoserie?<br>\n<\/strong>F\u00fcr die Einreichung m\u00fcssen Sie mindestens sechs Einzelmotive hochladen, maximal jedoch zw\u00f6lf. Diese Einzelmotive sind Bestandteil einer Fotoserie zum Thema des Wettbewerbs.<\/p>\n<p><strong>Woraus besteht eine vollst\u00e4ndige Einreichung?<br>\n<\/strong>Aus einem PDF-Dokument mit mindestens 8 und maximal 14 Seiten. Es beinhaltet alle eingereichten Motove und das Anmeldeformular.<strong><br>\n<\/strong><\/p>\n<p><strong>Was passiert, wenn ich Informationen in der Einreichung vergesse?<br>\n<\/strong>Die Einreichung ist nur m\u00f6glich, wenn alle Pflichtfelder ausgef\u00fcllt wurden.<\/p>\n<p><strong>Kann ich meine Einreichung ver\u00e4ndern, nachdem ich sie abgeschickt habe?<br>\n<\/strong>Nein. Bei Fragen schreiben Sie uns unter <strong>opencall@wifo2022.de.<\/strong><\/p>\n<p><strong>Kann ich mich aus dem Ausland bewerben?<br>\n<\/strong>Staatsangeh\u00f6rigkeit oder Wohnort spielen keine Rolle bei der Einreichung.<\/p>\n<p><strong>Gibt es die Teilnahmebedingungen auch in Englisch?<br>\n<\/strong>Die Teilnahmebedingungen stehen auch auf Englisch zur Verf\u00fcgung.<\/p>\n<\/div><\/section><\/div><\/div><\/div><\/div><\/div><\/div>","protected":false},"excerpt":{"rendered":"","protected":false},"author":1,"featured_media":0,"parent":0,"menu_order":0,"comment_status":"closed","ping_status":"closed","template":"","meta":{"wp_typography_post_enhancements_disabled":false,"footnotes":""},"class_list":["post-597","page","type-page","status-publish","hentry"],"yoast_head":"<!-- This site is optimized with the Yoast SEO plugin v27.4 - https:\/\/yoast.com\/product\/yoast-seo-wordpress\/ -->\n<title>H\u00c4UFIG GESTELLTE FRAGEN (FAQ) - Wiesbadener Fototage<\/title>\n<meta name=\"robots\" content=\"index, follow, max-snippet:-1, max-image-preview:large, max-video-preview:-1\" \/>\n<link rel=\"canonical\" href=\"https:\/\/wiesbadener-fototage.de\/en\/haeufig-gestellte-fragen-faqs\/\" \/>\n<meta property=\"og:locale\" content=\"en_GB\" \/>\n<meta property=\"og:type\" content=\"article\" \/>\n<meta property=\"og:title\" content=\"H\u00c4UFIG GESTELLTE FRAGEN (FAQ) - Wiesbadener Fototage\" \/>\n<meta property=\"og:url\" content=\"https:\/\/wiesbadener-fototage.de\/en\/haeufig-gestellte-fragen-faqs\/\" \/>\n<meta property=\"og:site_name\" content=\"Wiesbadener Fototage\" \/>\n<meta property=\"article:publisher\" content=\"https:\/\/www.facebook.com\/fototagewiesbaden\" \/>\n<meta property=\"article:modified_time\" content=\"2021-10-14T16:47:18+00:00\" \/>\n<meta name=\"twitter:card\" content=\"summary_large_image\" \/>\n<meta name=\"twitter:label1\" content=\"Estimated reading time\" \/>\n\t<meta name=\"twitter:data1\" content=\"3 minutes\" \/>\n<script type=\"application\/ld+json\" class=\"yoast-schema-graph\">{\"@context\":\"https:\\\/\\\/schema.org\",\"@graph\":[{\"@type\":\"WebPage\",\"@id\":\"https:\\\/\\\/wiesbadener-fototage.de\\\/haeufig-gestellte-fragen-faqs\\\/\",\"url\":\"https:\\\/\\\/wiesbadener-fototage.de\\\/haeufig-gestellte-fragen-faqs\\\/\",\"name\":\"H\u00c4UFIG GESTELLTE FRAGEN (FAQ) - Wiesbadener Fototage\",\"isPartOf\":{\"@id\":\"https:\\\/\\\/wiesbadener-fototage.de\\\/#website\"},\"datePublished\":\"2021-10-14T16:24:04+00:00\",\"dateModified\":\"2021-10-14T16:47:18+00:00\",\"breadcrumb\":{\"@id\":\"https:\\\/\\\/wiesbadener-fototage.de\\\/haeufig-gestellte-fragen-faqs\\\/#breadcrumb\"},\"inLanguage\":\"en-GB\",\"potentialAction\":[{\"@type\":\"ReadAction\",\"target\":[\"https:\\\/\\\/wiesbadener-fototage.de\\\/haeufig-gestellte-fragen-faqs\\\/\"]}]},{\"@type\":\"BreadcrumbList\",\"@id\":\"https:\\\/\\\/wiesbadener-fototage.de\\\/haeufig-gestellte-fragen-faqs\\\/#breadcrumb\",\"itemListElement\":[{\"@type\":\"ListItem\",\"position\":1,\"name\":\"Startseite\",\"item\":\"https:\\\/\\\/wiesbadener-fototage.de\\\/start\\\/\"},{\"@type\":\"ListItem\",\"position\":2,\"name\":\"H\u00c4UFIG GESTELLTE FRAGEN (FAQ)\"}]},{\"@type\":\"WebSite\",\"@id\":\"https:\\\/\\\/wiesbadener-fototage.de\\\/#website\",\"url\":\"https:\\\/\\\/wiesbadener-fototage.de\\\/\",\"name\":\"Wiesbadener Fototage\",\"description\":\"Die Wiesbadener Fototage sind ein internationales Festival f\u00fcr aktuelle Fotokunst und Dokumentarfotografie, das alle drei Jahre in Kollaboration mit Galerien und Ausstellungsh\u00e4usern stattfindet.\",\"publisher\":{\"@id\":\"https:\\\/\\\/wiesbadener-fototage.de\\\/#organization\"},\"potentialAction\":[{\"@type\":\"SearchAction\",\"target\":{\"@type\":\"EntryPoint\",\"urlTemplate\":\"https:\\\/\\\/wiesbadener-fototage.de\\\/?s={search_term_string}\"},\"query-input\":{\"@type\":\"PropertyValueSpecification\",\"valueRequired\":true,\"valueName\":\"search_term_string\"}}],\"inLanguage\":\"en-GB\"},{\"@type\":\"Organization\",\"@id\":\"https:\\\/\\\/wiesbadener-fototage.de\\\/#organization\",\"name\":\"Wiesbadener Fototage gUG\",\"url\":\"https:\\\/\\\/wiesbadener-fototage.de\\\/\",\"logo\":{\"@type\":\"ImageObject\",\"inLanguage\":\"en-GB\",\"@id\":\"https:\\\/\\\/wiesbadener-fototage.de\\\/#\\\/schema\\\/logo\\\/image\\\/\",\"url\":\"https:\\\/\\\/wifo2022.de\\\/wp-content\\\/uploads\\\/2021\\\/10\\\/210711_WIFT_S_RGB.png\",\"contentUrl\":\"https:\\\/\\\/wifo2022.de\\\/wp-content\\\/uploads\\\/2021\\\/10\\\/210711_WIFT_S_RGB.png\",\"width\":3190,\"height\":533,\"caption\":\"Wiesbadener Fototage gUG\"},\"image\":{\"@id\":\"https:\\\/\\\/wiesbadener-fototage.de\\\/#\\\/schema\\\/logo\\\/image\\\/\"},\"sameAs\":[\"https:\\\/\\\/www.facebook.com\\\/fototagewiesbaden\",\"https:\\\/\\\/www.instagram.com\\\/wiesbadenerfototage\"]}]}<\/script>\n<!-- \/ Yoast SEO plugin. -->","yoast_head_json":{"title":"H\u00c4UFIG GESTELLTE FRAGEN (FAQ) \u2014 Wiesbadener Fototage","robots":{"index":"index","follow":"follow","max-snippet":"max-snippet:-1","max-image-preview":"max-image-preview:large","max-video-preview":"max-video-preview:-1"},"canonical":"https:\/\/wiesbadener-fototage.de\/en\/haeufig-gestellte-fragen-faqs\/","og_locale":"en_GB","og_type":"article","og_title":"H\u00c4UFIG GESTELLTE FRAGEN (FAQ) - Wiesbadener Fototage","og_url":"https:\/\/wiesbadener-fototage.de\/en\/haeufig-gestellte-fragen-faqs\/","og_site_name":"Wiesbadener Fototage","article_publisher":"https:\/\/www.facebook.com\/fototagewiesbaden","article_modified_time":"2021-10-14T16:47:18+00:00","twitter_card":"summary_large_image","twitter_misc":{"Estimated reading time":"3 minutes"},"schema":{"@context":"https:\/\/schema.org","@graph":[{"@type":"WebPage","@id":"https:\/\/wiesbadener-fototage.de\/haeufig-gestellte-fragen-faqs\/","url":"https:\/\/wiesbadener-fototage.de\/haeufig-gestellte-fragen-faqs\/","name":"H\u00c4UFIG GESTELLTE FRAGEN (FAQ) \u2014 Wiesbadener Fototage","isPartOf":{"@id":"https:\/\/wiesbadener-fototage.de\/#website"},"datePublished":"2021-10-14T16:24:04+00:00","dateModified":"2021-10-14T16:47:18+00:00","breadcrumb":{"@id":"https:\/\/wiesbadener-fototage.de\/haeufig-gestellte-fragen-faqs\/#breadcrumb"},"inLanguage":"en-GB","potentialAction":[{"@type":"ReadAction","target":["https:\/\/wiesbadener-fototage.de\/haeufig-gestellte-fragen-faqs\/"]}]},{"@type":"BreadcrumbList","@id":"https:\/\/wiesbadener-fototage.de\/haeufig-gestellte-fragen-faqs\/#breadcrumb","itemListElement":[{"@type":"ListItem","position":1,"name":"Startseite","item":"https:\/\/wiesbadener-fototage.de\/start\/"},{"@type":"ListItem","position":2,"name":"H\u00c4UFIG GESTELLTE FRAGEN (FAQ)"}]},{"@type":"WebSite","@id":"https:\/\/wiesbadener-fototage.de\/#website","url":"https:\/\/wiesbadener-fototage.de\/","name":"Wiesbadener Fototage","description":"Die Wiesbadener Fototage sind ein internationales Festival f\u00fcr aktuelle Fotokunst und Dokumentarfotografie, das alle drei Jahre in Kollaboration mit Galerien und Ausstellungsh\u00e4usern stattfindet.","publisher":{"@id":"https:\/\/wiesbadener-fototage.de\/#organization"},"potentialAction":[{"@type":"SearchAction","target":{"@type":"EntryPoint","urlTemplate":"https:\/\/wiesbadener-fototage.de\/?s={search_term_string}"},"query-input":{"@type":"PropertyValueSpecification","valueRequired":true,"valueName":"search_term_string"}}],"inLanguage":"en-GB"},{"@type":"Organization","@id":"https:\/\/wiesbadener-fototage.de\/#organization","name":"Wiesbadener Fototage gUG","url":"https:\/\/wiesbadener-fototage.de\/","logo":{"@type":"ImageObject","inLanguage":"en-GB","@id":"https:\/\/wiesbadener-fototage.de\/#\/schema\/logo\/image\/","url":"https:\/\/wifo2022.de\/wp-content\/uploads\/2021\/10\/210711_WIFT_S_RGB.png","contentUrl":"https:\/\/wifo2022.de\/wp-content\/uploads\/2021\/10\/210711_WIFT_S_RGB.png","width":3190,"height":533,"caption":"Wiesbadener Fototage gUG"},"image":{"@id":"https:\/\/wiesbadener-fototage.de\/#\/schema\/logo\/image\/"},"sameAs":["https:\/\/www.facebook.com\/fototagewiesbaden","https:\/\/www.instagram.com\/wiesbadenerfototage"]}]}},"_links":{"self":[{"href":"https:\/\/wiesbadener-fototage.de\/en\/wp-json\/wp\/v2\/pages\/597","targetHints":{"allow":["GET"]}}],"collection":[{"href":"https:\/\/wiesbadener-fototage.de\/en\/wp-json\/wp\/v2\/pages"}],"about":[{"href":"https:\/\/wiesbadener-fototage.de\/en\/wp-json\/wp\/v2\/types\/page"}],"author":[{"embeddable":true,"href":"https:\/\/wiesbadener-fototage.de\/en\/wp-json\/wp\/v2\/users\/1"}],"replies":[{"embeddable":true,"href":"https:\/\/wiesbadener-fototage.de\/en\/wp-json\/wp\/v2\/comments?post=597"}],"version-history":[{"count":12,"href":"https:\/\/wiesbadener-fototage.de\/en\/wp-json\/wp\/v2\/pages\/597\/revisions"}],"predecessor-version":[{"id":8660,"href":"https:\/\/wiesbadener-fototage.de\/en\/wp-json\/wp\/v2\/pages\/597\/revisions\/8660"}],"wp:attachment":[{"href":"https:\/\/wiesbadener-fototage.de\/en\/wp-json\/wp\/v2\/media?parent=597"}],"curies":[{"name":"wp","href":"https:\/\/api.w.org\/{rel}","templated":true}]}}