{"id":7183,"date":"2025-04-07T09:24:19","date_gmt":"2025-04-07T09:24:19","guid":{"rendered":"https:\/\/wiesbadener-fototage.de\/?page_id=7183"},"modified":"2025-08-01T07:21:48","modified_gmt":"2025-08-01T07:21:48","slug":"bildinszenierung","status":"publish","type":"page","link":"https:\/\/wiesbadener-fototage.de\/en\/wifo2025\/workshops\/bildinszenierung\/","title":{"rendered":"WORKSHOP BILDINSZENIERUNG"},"content":{"rendered":"<div id=\"full_slider_1\" class=\"avia-fullwidth-slider main_color avia-shadow   avia-builder-el-0  el_before_av_heading  avia-builder-el-first   container_wrap fullsize\"><div class=\"avia-slideshow av-6zqv9b-cadc8c919ba7534154976d3f23828610 avia-slideshow-featured_large av_slideshow_full avia-slide-slider av-slideshow-ui av-control-default av-slideshow-manual av-loop-once av-loop-manual-endless av-default-height-applied   avia-slideshow-1\" data-slideshow-options=\"{&quot;animation&quot;:&quot;slide&quot;,&quot;autoplay&quot;:false,&quot;loop_autoplay&quot;:&quot;once&quot;,&quot;interval&quot;:5,&quot;loop_manual&quot;:&quot;manual-endless&quot;,&quot;autoplay_stopper&quot;:false,&quot;noNavigation&quot;:false,&quot;bg_slider&quot;:false,&quot;keep_padding&quot;:false,&quot;hoverpause&quot;:false,&quot;show_slide_delay&quot;:0}\" itemprop=\"image\" itemscope=\"itemscope\" itemtype=\"https:\/\/schema.org\/ImageObject\"><ul class=\"avia-slideshow-inner\" style=\"padding-bottom: 41.933333333333%;\"><li class=\"avia-slideshow-slide av-6zqv9b-cadc8c919ba7534154976d3f23828610__0  av-single-slide slide-1 slide-odd\"><div data-rel=\"slideshow-1\" class=\"avia-slide-wrap\"><img decoding=\"async\" fetchpriority=\"high\" class=\"wp-image-7192 avia-img-lazy-loading-not-7192\" src=\"https:\/\/wiesbadener-fototage.de\/wp-content\/uploads\/2025\/04\/J003530-view_header-web.jpg\" width=\"1500\" height=\"629\" title alt itemprop=\"thumbnailUrl\" srcset=\"https:\/\/wiesbadener-fototage.de\/wp-content\/uploads\/2025\/04\/J003530-view_header-web.jpg 1500w, https:\/\/wiesbadener-fototage.de\/wp-content\/uploads\/2025\/04\/J003530-view_header-web-300x126.jpg 300w, https:\/\/wiesbadener-fototage.de\/wp-content\/uploads\/2025\/04\/J003530-view_header-web-1030x432.jpg 1030w, https:\/\/wiesbadener-fototage.de\/wp-content\/uploads\/2025\/04\/J003530-view_header-web-768x322.jpg 768w, https:\/\/wiesbadener-fototage.de\/wp-content\/uploads\/2025\/04\/J003530-view_header-web-18x8.jpg 18w, https:\/\/wiesbadener-fototage.de\/wp-content\/uploads\/2025\/04\/J003530-view_header-web-705x296.jpg 705w\" sizes=\"(max-width: 1500px) 100vw, 1500px\"><\/div><\/li><\/ul><\/div><\/div><div id=\"after_full_slider_1\" class=\"main_color av_default_container_wrap container_wrap fullsize\"><div class=\"container av-section-cont-open\"><div class=\"template-page content  av-content-full alpha units\"><div class=\"post-entry post-entry-type-page post-entry-7183\"><div class=\"entry-content-wrapper clearfix\">\n\n<style type=\"text\/css\" data-created_by=\"avia_inline_auto\" id=\"style-css-av-m8y64kf5-726a615f58c25dd0448fb7fccc142d52\">\n#top .av-special-heading.av-m8y64kf5-726a615f58c25dd0448fb7fccc142d52{\npadding-bottom:10px;\n}\nbody .av-special-heading.av-m8y64kf5-726a615f58c25dd0448fb7fccc142d52 .av-special-heading-tag .heading-char{\nfont-size:25px;\n}\n.av-special-heading.av-m8y64kf5-726a615f58c25dd0448fb7fccc142d52 .av-subheading{\nfont-size:15px;\n}\n<\/style>\n<div class=\"av-special-heading av-m8y64kf5-726a615f58c25dd0448fb7fccc142d52 av-special-heading-h2 blockquote modern-quote modern-centered  avia-builder-el-1  el_after_av_slideshow_full  el_before_av_hr  avia-builder-el-first\"><h2 class=\"av-special-heading-tag\" itemprop=\"headline\">THE ART OF IMAGE STAGING<\/h2><div class=\"av-subheading av-subheading_below\"><p>LEITUNG: JAN KLOSE-BR\u00dcDERN<br>\nSa, 30.08. &amp; So, 31.08.2025 jeweils von 10\u201317&nbsp;Uhr<\/p>\n<\/div><div class=\"special-heading-border\"><div class=\"special-heading-inner-border\"><\/div><\/div><\/div>\n\n<style type=\"text\/css\" data-created_by=\"avia_inline_auto\" id=\"style-css-av-m8y6h99z-ca666b1531f4c378cd95b10b3e3aaceb\">\n#top .hr.hr-invisible.av-m8y6h99z-ca666b1531f4c378cd95b10b3e3aaceb{\nheight:50px;\n}\n<\/style>\n<div class=\"hr av-m8y6h99z-ca666b1531f4c378cd95b10b3e3aaceb hr-invisible  avia-builder-el-2  el_after_av_heading  el_before_av_one_fifth\"><span class=\"hr-inner\"><span class=\"hr-inner-style\"><\/span><\/span><\/div>\n<div class=\"flex_column av-33x7u7-4721cd80353c6f6f4d8bf6c13a05b935 av_one_fifth  avia-builder-el-3  el_after_av_hr  el_before_av_two_fifth  first flex_column_div\"><\/div>\n<div class=\"flex_column av-5it05b-ec5597f574a1a259043bb30628c58733 av_two_fifth  avia-builder-el-4  el_after_av_one_fifth  el_before_av_two_fifth  flex_column_div\"><p>\n<style type=\"text\/css\" data-created_by=\"avia_inline_auto\" id=\"style-css-av-m8y68s5u-676437bf12b203be5054eda9acb92705\">\n#top .av_textblock_section.av-m8y68s5u-676437bf12b203be5054eda9acb92705 .avia_textblock{\nfont-size:16px;\n}\n<\/style>\n<\/p><section class=\"av_textblock_section av-m8y68s5u-676437bf12b203be5054eda9acb92705\" itemscope=\"itemscope\" itemtype=\"https:\/\/schema.org\/CreativeWork\"><div class=\"avia_textblock\" itemprop=\"text\"><p><strong>BESCHREIBUNG UND ZIELSETZUNG<br>\n<\/strong>Die sch\u00f6nste Form seine Fotografien zu pr\u00e4sentieren ist nach wie vor eine Ausstellung an der Wand. Und ein besonderes Merkmal der Fotografie wiederum ist das Arbeiten in Serien oder Sequenzen. Wie man Bilder als spannende Bildreihen zusammenstellt und an der Wand so pr\u00e4sentiert, dass die eigenen Gedanken auch f\u00fcr die Besucher einer Ausstellung lesbar werden, ist Aufgabe und Ziel des Workshops \u00bbDie Kunst der Bildinszenierung\u00ab.<\/p>\n<div class>In diesem Workshop werden wir nicht nur \u00fcber Beispiele sprechen (die wir ja auf dem Festival live erfahren k\u00f6nnen), sondern von der Konzeption \u00fcber die Erstellung der Fotografien bis zur Pr\u00e4sentation alle Arbeitsschritte durchf\u00fchren, die zu einer gelungen Darstellung notwendig sind. Damit aus guten Bildern f\u00fcr die Betrachtenden ein spannendes Erlebnis wird.<\/div>\n<div class><\/div>\n<p><strong>WORKSHOPLEITER<br>\n<\/strong>Der Fotograf Jan Klose-Br\u00fcdern arbeitet seit seinem Studium der Fotografie an der Muthesius Kunstschule \/ Kiel vorwiegend in Form von Sequenzen und Tableaus, wenn er seine Bilder ausstellt. Dieses Wissen gibt er seit vielen Jahren als Dozent an verschiednen Fachhochschulen\/Akademien und anderen Workshop-Anbietern weiter.<\/p>\n<\/div><\/section><br>\n<div class=\"avia-button-wrap av-mbe25eq9-233e44b28d940f0aa1e0d38ac58333e5-wrap avia-button-left  avia-builder-el-6  el_after_av_textblock  avia-builder-el-last\">\n<style type=\"text\/css\" data-created_by=\"avia_inline_auto\" id=\"style-css-av-mbe25eq9-233e44b28d940f0aa1e0d38ac58333e5\">\n#top #wrap_all .avia-button.av-mbe25eq9-233e44b28d940f0aa1e0d38ac58333e5{\nbackground-color:#000000;\nborder-color:#000000;\ncolor:#ffffff;\ntransition:all 0.4s ease-in-out;\n}\n<\/style>\n<a href=\"https:\/\/wiesbadener-fototage.de\/en\/wifo2025\/workshops\/anmeldung\/\" class=\"avia-button av-mbe25eq9-233e44b28d940f0aa1e0d38ac58333e5 av-link-btn avia-icon_select-no avia-size-large avia-position-left\" aria-label=\"ANMELDEFORMULAR &amp; TEILNAHMEBEDINGUNGEN\"><span class=\"avia_iconbox_title\">ANMELDEFORMULAR &amp; TEILNAHMEBEDINGUNGEN<\/span><\/a><\/div><\/div>\n\n<style type=\"text\/css\" data-created_by=\"avia_inline_auto\" id=\"style-css-av-3zqu4f-117a67707ad087642c9f53cd02d76fba\">\n.flex_column.av-3zqu4f-117a67707ad087642c9f53cd02d76fba{\npadding:5px 15px 5px 15px;\nbackground-color:#87ffc2;\n}\n<\/style>\n<div class=\"flex_column av-3zqu4f-117a67707ad087642c9f53cd02d76fba av_two_fifth  avia-builder-el-7  el_after_av_two_fifth  avia-builder-el-last  flex_column_div\"><style type=\"text\/css\" data-created_by=\"avia_inline_auto\" id=\"style-css-av-m8y6gbzw-6dc7232ca2e1510652f916992761aba0\">\n#top .av_textblock_section.av-m8y6gbzw-6dc7232ca2e1510652f916992761aba0 .avia_textblock{\nfont-size:16px;\n}\n<\/style>\n<section class=\"av_textblock_section av-m8y6gbzw-6dc7232ca2e1510652f916992761aba0\" itemscope=\"itemscope\" itemtype=\"https:\/\/schema.org\/CreativeWork\"><div class=\"avia_textblock\" itemprop=\"text\"><p><img loading=\"lazy\" decoding=\"async\" class=\"alignnone wp-image-10866\" src=\"https:\/\/wiesbadener-fototage.de\/wp-content\/uploads\/2025\/06\/Portraet_JanKloseBruedern_Web-300x200.jpg\" alt width=\"250\" height=\"167\" srcset=\"https:\/\/wiesbadener-fototage.de\/wp-content\/uploads\/2025\/06\/Portraet_JanKloseBruedern_Web-300x200.jpg 300w, https:\/\/wiesbadener-fototage.de\/wp-content\/uploads\/2025\/06\/Portraet_JanKloseBruedern_Web-1030x687.jpg 1030w, https:\/\/wiesbadener-fototage.de\/wp-content\/uploads\/2025\/06\/Portraet_JanKloseBruedern_Web-768x512.jpg 768w, https:\/\/wiesbadener-fototage.de\/wp-content\/uploads\/2025\/06\/Portraet_JanKloseBruedern_Web-18x12.jpg 18w, https:\/\/wiesbadener-fototage.de\/wp-content\/uploads\/2025\/06\/Portraet_JanKloseBruedern_Web-705x470.jpg 705w, https:\/\/wiesbadener-fototage.de\/wp-content\/uploads\/2025\/06\/Portraet_JanKloseBruedern_Web.jpg 1080w\" sizes=\"auto, (max-width: 250px) 100vw, 250px\"><\/p>\n<p><strong>Workshopleiter<br>\n<\/strong>Jan Klose-Br\u00fcdern<\/p>\n<p><strong>Termin<\/strong><br>\nSa, 30.08.2025 und 31.08.2025<br>\njeweils von 10.00 bis 17.00&nbsp;Uhr<\/p>\n<p><strong>Or<\/strong>t<br>\nK\u00fcnstlerverein Walkm\u00fchle<br>\nWalkm\u00fchle 3 \/ Bornhofenweg 9<\/p>\n<p><strong>Zielgruppe<\/strong><br>\n(Hobby)Fotograf*innen mit Ausstellungsambitionen<\/p>\n<p><strong>Teilnahmegeb\u00fchr<\/strong><br>\n220 \u20ac (200 \u20ac f\u00fcr Studierende) inkl. Getr\u00e4nke und Mittagsimbiss<\/p>\n<p><strong>Gruppengr\u00f6\u00dfe<\/strong><br>\nMin. 8 \/ Max. 10 Personen (Mindestalter 18&nbsp;Jahre)<\/p>\n<p><strong>Was soll ich mitbringen?<br>\n<\/strong>Eine Kamera und ein (nur, wenn vorhanden) Laptop\/Tablet<\/p>\n<p><strong>Kontakt und Information<\/strong><br>\n<a href=\"mailto:box@jankb.de\">box@jankb.de<\/a><\/p>\n<p><a href=\"https:\/\/wiesbadener-fototage.de\/en\/wifo2025\/workshops\/\">Back to overview<\/a><\/p>\n<\/div><\/section><\/div><\/div><\/div><\/div><\/div><\/div>","protected":false},"excerpt":{"rendered":"","protected":false},"author":1,"featured_media":0,"parent":7251,"menu_order":0,"comment_status":"closed","ping_status":"closed","template":"","meta":{"wp_typography_post_enhancements_disabled":false,"footnotes":""},"class_list":["post-7183","page","type-page","status-publish","hentry"],"yoast_head":"<!-- This site is optimized with the Yoast SEO plugin v27.3 - https:\/\/yoast.com\/product\/yoast-seo-wordpress\/ -->\n<title>WORKSHOP BILDINSZENIERUNG - Wiesbadener Fototage<\/title>\n<meta name=\"robots\" content=\"index, follow, max-snippet:-1, max-image-preview:large, max-video-preview:-1\" \/>\n<link rel=\"canonical\" href=\"https:\/\/wiesbadener-fototage.de\/en\/wifo2025\/workshops\/bildinszenierung\/\" \/>\n<meta property=\"og:locale\" content=\"en_GB\" \/>\n<meta property=\"og:type\" content=\"article\" \/>\n<meta property=\"og:title\" content=\"WORKSHOP BILDINSZENIERUNG - Wiesbadener Fototage\" \/>\n<meta property=\"og:url\" content=\"https:\/\/wiesbadener-fototage.de\/en\/wifo2025\/workshops\/bildinszenierung\/\" \/>\n<meta property=\"og:site_name\" content=\"Wiesbadener Fototage\" \/>\n<meta property=\"article:publisher\" content=\"https:\/\/www.facebook.com\/fototagewiesbaden\" \/>\n<meta property=\"article:modified_time\" content=\"2025-08-01T07:21:48+00:00\" \/>\n<meta property=\"og:image\" content=\"https:\/\/wiesbadener-fototage.de\/wp-content\/uploads\/2025\/06\/Portraet_JanKloseBruedern_Web-300x200.jpg\" \/>\n<meta name=\"twitter:card\" content=\"summary_large_image\" \/>\n<meta name=\"twitter:label1\" content=\"Estimated reading time\" \/>\n\t<meta name=\"twitter:data1\" content=\"2 minutes\" \/>\n<script type=\"application\/ld+json\" class=\"yoast-schema-graph\">{\"@context\":\"https:\\\/\\\/schema.org\",\"@graph\":[{\"@type\":\"WebPage\",\"@id\":\"https:\\\/\\\/wiesbadener-fototage.de\\\/wifo2025\\\/workshops\\\/bildinszenierung\\\/\",\"url\":\"https:\\\/\\\/wiesbadener-fototage.de\\\/wifo2025\\\/workshops\\\/bildinszenierung\\\/\",\"name\":\"WORKSHOP BILDINSZENIERUNG - Wiesbadener Fototage\",\"isPartOf\":{\"@id\":\"https:\\\/\\\/wiesbadener-fototage.de\\\/#website\"},\"primaryImageOfPage\":{\"@id\":\"https:\\\/\\\/wiesbadener-fototage.de\\\/wifo2025\\\/workshops\\\/bildinszenierung\\\/#primaryimage\"},\"image\":{\"@id\":\"https:\\\/\\\/wiesbadener-fototage.de\\\/wifo2025\\\/workshops\\\/bildinszenierung\\\/#primaryimage\"},\"thumbnailUrl\":\"https:\\\/\\\/wiesbadener-fototage.de\\\/wp-content\\\/uploads\\\/2025\\\/06\\\/Portraet_JanKloseBruedern_Web-300x200.jpg\",\"datePublished\":\"2025-04-07T09:24:19+00:00\",\"dateModified\":\"2025-08-01T07:21:48+00:00\",\"breadcrumb\":{\"@id\":\"https:\\\/\\\/wiesbadener-fototage.de\\\/wifo2025\\\/workshops\\\/bildinszenierung\\\/#breadcrumb\"},\"inLanguage\":\"en-GB\",\"potentialAction\":[{\"@type\":\"ReadAction\",\"target\":[\"https:\\\/\\\/wiesbadener-fototage.de\\\/wifo2025\\\/workshops\\\/bildinszenierung\\\/\"]}]},{\"@type\":\"ImageObject\",\"inLanguage\":\"en-GB\",\"@id\":\"https:\\\/\\\/wiesbadener-fototage.de\\\/wifo2025\\\/workshops\\\/bildinszenierung\\\/#primaryimage\",\"url\":\"https:\\\/\\\/wiesbadener-fototage.de\\\/wp-content\\\/uploads\\\/2025\\\/06\\\/Portraet_JanKloseBruedern_Web-300x200.jpg\",\"contentUrl\":\"https:\\\/\\\/wiesbadener-fototage.de\\\/wp-content\\\/uploads\\\/2025\\\/06\\\/Portraet_JanKloseBruedern_Web-300x200.jpg\"},{\"@type\":\"BreadcrumbList\",\"@id\":\"https:\\\/\\\/wiesbadener-fototage.de\\\/wifo2025\\\/workshops\\\/bildinszenierung\\\/#breadcrumb\",\"itemListElement\":[{\"@type\":\"ListItem\",\"position\":1,\"name\":\"Startseite\",\"item\":\"https:\\\/\\\/wiesbadener-fototage.de\\\/start\\\/\"},{\"@type\":\"ListItem\",\"position\":2,\"name\":\"FESTIVAL 2025\",\"item\":\"https:\\\/\\\/wiesbadener-fototage.de\\\/wifo2025\\\/\"},{\"@type\":\"ListItem\",\"position\":3,\"name\":\"WORKSHOPS 2025\",\"item\":\"https:\\\/\\\/wiesbadener-fototage.de\\\/wifo2025\\\/workshops\\\/\"},{\"@type\":\"ListItem\",\"position\":4,\"name\":\"WORKSHOP BILDINSZENIERUNG\"}]},{\"@type\":\"WebSite\",\"@id\":\"https:\\\/\\\/wiesbadener-fototage.de\\\/#website\",\"url\":\"https:\\\/\\\/wiesbadener-fototage.de\\\/\",\"name\":\"Wiesbadener Fototage\",\"description\":\"Die Wiesbadener Fototage sind ein internationales Festival f\u00fcr aktuelle Fotokunst und Dokumentarfotografie, das alle drei Jahre in Kollaboration mit Galerien und Ausstellungsh\u00e4usern stattfindet.\",\"publisher\":{\"@id\":\"https:\\\/\\\/wiesbadener-fototage.de\\\/#organization\"},\"potentialAction\":[{\"@type\":\"SearchAction\",\"target\":{\"@type\":\"EntryPoint\",\"urlTemplate\":\"https:\\\/\\\/wiesbadener-fototage.de\\\/?s={search_term_string}\"},\"query-input\":{\"@type\":\"PropertyValueSpecification\",\"valueRequired\":true,\"valueName\":\"search_term_string\"}}],\"inLanguage\":\"en-GB\"},{\"@type\":\"Organization\",\"@id\":\"https:\\\/\\\/wiesbadener-fototage.de\\\/#organization\",\"name\":\"Wiesbadener Fototage gUG\",\"url\":\"https:\\\/\\\/wiesbadener-fototage.de\\\/\",\"logo\":{\"@type\":\"ImageObject\",\"inLanguage\":\"en-GB\",\"@id\":\"https:\\\/\\\/wiesbadener-fototage.de\\\/#\\\/schema\\\/logo\\\/image\\\/\",\"url\":\"https:\\\/\\\/wifo2022.de\\\/wp-content\\\/uploads\\\/2021\\\/10\\\/210711_WIFT_S_RGB.png\",\"contentUrl\":\"https:\\\/\\\/wifo2022.de\\\/wp-content\\\/uploads\\\/2021\\\/10\\\/210711_WIFT_S_RGB.png\",\"width\":3190,\"height\":533,\"caption\":\"Wiesbadener Fototage gUG\"},\"image\":{\"@id\":\"https:\\\/\\\/wiesbadener-fototage.de\\\/#\\\/schema\\\/logo\\\/image\\\/\"},\"sameAs\":[\"https:\\\/\\\/www.facebook.com\\\/fototagewiesbaden\",\"https:\\\/\\\/www.instagram.com\\\/wiesbadenerfototage\"]}]}<\/script>\n<!-- \/ Yoast SEO plugin. -->","yoast_head_json":{"title":"WORKSHOP BILDINSZENIERUNG \u2014 Wiesbadener Fototage","robots":{"index":"index","follow":"follow","max-snippet":"max-snippet:-1","max-image-preview":"max-image-preview:large","max-video-preview":"max-video-preview:-1"},"canonical":"https:\/\/wiesbadener-fototage.de\/en\/wifo2025\/workshops\/bildinszenierung\/","og_locale":"en_GB","og_type":"article","og_title":"WORKSHOP BILDINSZENIERUNG - Wiesbadener Fototage","og_url":"https:\/\/wiesbadener-fototage.de\/en\/wifo2025\/workshops\/bildinszenierung\/","og_site_name":"Wiesbadener Fototage","article_publisher":"https:\/\/www.facebook.com\/fototagewiesbaden","article_modified_time":"2025-08-01T07:21:48+00:00","og_image":[{"url":"https:\/\/wiesbadener-fototage.de\/wp-content\/uploads\/2025\/06\/Portraet_JanKloseBruedern_Web-300x200.jpg","type":"","width":"","height":""}],"twitter_card":"summary_large_image","twitter_misc":{"Estimated reading time":"2 minutes"},"schema":{"@context":"https:\/\/schema.org","@graph":[{"@type":"WebPage","@id":"https:\/\/wiesbadener-fototage.de\/wifo2025\/workshops\/bildinszenierung\/","url":"https:\/\/wiesbadener-fototage.de\/wifo2025\/workshops\/bildinszenierung\/","name":"WORKSHOP BILDINSZENIERUNG \u2014 Wiesbadener Fototage","isPartOf":{"@id":"https:\/\/wiesbadener-fototage.de\/#website"},"primaryImageOfPage":{"@id":"https:\/\/wiesbadener-fototage.de\/wifo2025\/workshops\/bildinszenierung\/#primaryimage"},"image":{"@id":"https:\/\/wiesbadener-fototage.de\/wifo2025\/workshops\/bildinszenierung\/#primaryimage"},"thumbnailUrl":"https:\/\/wiesbadener-fototage.de\/wp-content\/uploads\/2025\/06\/Portraet_JanKloseBruedern_Web-300x200.jpg","datePublished":"2025-04-07T09:24:19+00:00","dateModified":"2025-08-01T07:21:48+00:00","breadcrumb":{"@id":"https:\/\/wiesbadener-fototage.de\/wifo2025\/workshops\/bildinszenierung\/#breadcrumb"},"inLanguage":"en-GB","potentialAction":[{"@type":"ReadAction","target":["https:\/\/wiesbadener-fototage.de\/wifo2025\/workshops\/bildinszenierung\/"]}]},{"@type":"ImageObject","inLanguage":"en-GB","@id":"https:\/\/wiesbadener-fototage.de\/wifo2025\/workshops\/bildinszenierung\/#primaryimage","url":"https:\/\/wiesbadener-fototage.de\/wp-content\/uploads\/2025\/06\/Portraet_JanKloseBruedern_Web-300x200.jpg","contentUrl":"https:\/\/wiesbadener-fototage.de\/wp-content\/uploads\/2025\/06\/Portraet_JanKloseBruedern_Web-300x200.jpg"},{"@type":"BreadcrumbList","@id":"https:\/\/wiesbadener-fototage.de\/wifo2025\/workshops\/bildinszenierung\/#breadcrumb","itemListElement":[{"@type":"ListItem","position":1,"name":"Startseite","item":"https:\/\/wiesbadener-fototage.de\/start\/"},{"@type":"ListItem","position":2,"name":"FESTIVAL 2025","item":"https:\/\/wiesbadener-fototage.de\/wifo2025\/"},{"@type":"ListItem","position":3,"name":"WORKSHOPS 2025","item":"https:\/\/wiesbadener-fototage.de\/wifo2025\/workshops\/"},{"@type":"ListItem","position":4,"name":"WORKSHOP BILDINSZENIERUNG"}]},{"@type":"WebSite","@id":"https:\/\/wiesbadener-fototage.de\/#website","url":"https:\/\/wiesbadener-fototage.de\/","name":"Wiesbadener Fototage","description":"Die Wiesbadener Fototage sind ein internationales Festival f\u00fcr aktuelle Fotokunst und Dokumentarfotografie, das alle drei Jahre in Kollaboration mit Galerien und Ausstellungsh\u00e4usern stattfindet.","publisher":{"@id":"https:\/\/wiesbadener-fototage.de\/#organization"},"potentialAction":[{"@type":"SearchAction","target":{"@type":"EntryPoint","urlTemplate":"https:\/\/wiesbadener-fototage.de\/?s={search_term_string}"},"query-input":{"@type":"PropertyValueSpecification","valueRequired":true,"valueName":"search_term_string"}}],"inLanguage":"en-GB"},{"@type":"Organization","@id":"https:\/\/wiesbadener-fototage.de\/#organization","name":"Wiesbadener Fototage gUG","url":"https:\/\/wiesbadener-fototage.de\/","logo":{"@type":"ImageObject","inLanguage":"en-GB","@id":"https:\/\/wiesbadener-fototage.de\/#\/schema\/logo\/image\/","url":"https:\/\/wifo2022.de\/wp-content\/uploads\/2021\/10\/210711_WIFT_S_RGB.png","contentUrl":"https:\/\/wifo2022.de\/wp-content\/uploads\/2021\/10\/210711_WIFT_S_RGB.png","width":3190,"height":533,"caption":"Wiesbadener Fototage gUG"},"image":{"@id":"https:\/\/wiesbadener-fototage.de\/#\/schema\/logo\/image\/"},"sameAs":["https:\/\/www.facebook.com\/fototagewiesbaden","https:\/\/www.instagram.com\/wiesbadenerfototage"]}]}},"_links":{"self":[{"href":"https:\/\/wiesbadener-fototage.de\/en\/wp-json\/wp\/v2\/pages\/7183","targetHints":{"allow":["GET"]}}],"collection":[{"href":"https:\/\/wiesbadener-fototage.de\/en\/wp-json\/wp\/v2\/pages"}],"about":[{"href":"https:\/\/wiesbadener-fototage.de\/en\/wp-json\/wp\/v2\/types\/page"}],"author":[{"embeddable":true,"href":"https:\/\/wiesbadener-fototage.de\/en\/wp-json\/wp\/v2\/users\/1"}],"replies":[{"embeddable":true,"href":"https:\/\/wiesbadener-fototage.de\/en\/wp-json\/wp\/v2\/comments?post=7183"}],"version-history":[{"count":52,"href":"https:\/\/wiesbadener-fototage.de\/en\/wp-json\/wp\/v2\/pages\/7183\/revisions"}],"predecessor-version":[{"id":13251,"href":"https:\/\/wiesbadener-fototage.de\/en\/wp-json\/wp\/v2\/pages\/7183\/revisions\/13251"}],"up":[{"embeddable":true,"href":"https:\/\/wiesbadener-fototage.de\/en\/wp-json\/wp\/v2\/pages\/7251"}],"wp:attachment":[{"href":"https:\/\/wiesbadener-fototage.de\/en\/wp-json\/wp\/v2\/media?parent=7183"}],"curies":[{"name":"wp","href":"https:\/\/api.w.org\/{rel}","templated":true}]}}