{"id":9754,"date":"2025-06-08T14:15:06","date_gmt":"2025-06-08T14:15:06","guid":{"rendered":"https:\/\/wiesbadener-fototage.de\/?page_id=9754"},"modified":"2025-06-11T09:35:23","modified_gmt":"2025-06-11T09:35:23","slug":"chemigramme","status":"publish","type":"page","link":"https:\/\/wiesbadener-fototage.de\/en\/wifo2025\/workshops\/chemigramme\/","title":{"rendered":"WORKSHOP CHEMIGRAMME"},"content":{"rendered":"<div id=\"full_slider_1\" class=\"avia-fullwidth-slider main_color avia-shadow   avia-builder-el-0  el_before_av_heading  avia-builder-el-first   container_wrap fullsize\"><div class=\"avia-slideshow av-mbnmybuk-c30d848d3b9b5eac3ccf76fd7875461f avia-slideshow-featured_large av_slideshow_full avia-slide-slider av-slideshow-ui av-control-default av-slideshow-manual av-loop-once av-loop-manual-endless av-default-height-applied   avia-slideshow-1\" data-slideshow-options=\"{&quot;animation&quot;:&quot;slide&quot;,&quot;autoplay&quot;:false,&quot;loop_autoplay&quot;:&quot;once&quot;,&quot;interval&quot;:5,&quot;loop_manual&quot;:&quot;manual-endless&quot;,&quot;autoplay_stopper&quot;:false,&quot;noNavigation&quot;:false,&quot;bg_slider&quot;:false,&quot;keep_padding&quot;:false,&quot;hoverpause&quot;:false,&quot;show_slide_delay&quot;:0}\" itemprop=\"image\" itemscope=\"itemscope\" itemtype=\"https:\/\/schema.org\/ImageObject\"><ul class=\"avia-slideshow-inner\" style=\"padding-bottom: 42%;\"><li class=\"avia-slideshow-slide av-mbnmybuk-c30d848d3b9b5eac3ccf76fd7875461f__0  av-single-slide slide-1 slide-odd\"><div data-rel=\"slideshow-1\" class=\"avia-slide-wrap\"><img decoding=\"async\" fetchpriority=\"high\" class=\"wp-image-10293 avia-img-lazy-loading-not-10293\" src=\"https:\/\/wiesbadener-fototage.de\/wp-content\/uploads\/2025\/06\/AScholz_Chemigram_02_web-1500x630.jpg\" width=\"1500\" height=\"630\" title=\"AScholz_Chemigram_02_web\" alt itemprop=\"thumbnailUrl\" srcset=\"https:\/\/wiesbadener-fototage.de\/wp-content\/uploads\/2025\/06\/AScholz_Chemigram_02_web-1500x630.jpg 1500w, https:\/\/wiesbadener-fototage.de\/wp-content\/uploads\/2025\/06\/AScholz_Chemigram_02_web-18x7.jpg 18w\" sizes=\"(max-width: 1500px) 100vw, 1500px\"><\/div><\/li><\/ul><\/div><\/div><div id=\"after_full_slider_1\" class=\"main_color av_default_container_wrap container_wrap fullsize\"><div class=\"container av-section-cont-open\"><div class=\"template-page content  av-content-full alpha units\"><div class=\"post-entry post-entry-type-page post-entry-9754\"><div class=\"entry-content-wrapper clearfix\">\n\n<style type=\"text\/css\" data-created_by=\"avia_inline_auto\" id=\"style-css-av-m8y64kf5-d0115bca39cd1bf38d682ae0fae3a374\">\n#top .av-special-heading.av-m8y64kf5-d0115bca39cd1bf38d682ae0fae3a374{\npadding-bottom:10px;\n}\nbody .av-special-heading.av-m8y64kf5-d0115bca39cd1bf38d682ae0fae3a374 .av-special-heading-tag .heading-char{\nfont-size:25px;\n}\n.av-special-heading.av-m8y64kf5-d0115bca39cd1bf38d682ae0fae3a374 .av-subheading{\nfont-size:15px;\n}\n<\/style>\n<div class=\"av-special-heading av-m8y64kf5-d0115bca39cd1bf38d682ae0fae3a374 av-special-heading-h2 blockquote modern-quote modern-centered  avia-builder-el-1  el_after_av_slideshow_full  el_before_av_hr  avia-builder-el-first\"><h2 class=\"av-special-heading-tag\" itemprop=\"headline\">THE ART OF THE CHEMIGRAM<\/h2><div class=\"av-subheading av-subheading_below\"><p>LEITUNG: AINDREAS SCH\u00d2LZ<br>\nSa, 30.08.2025 von 10\u201317&nbsp;Uhr<\/p>\n<\/div><div class=\"special-heading-border\"><div class=\"special-heading-inner-border\"><\/div><\/div><\/div>\n\n<style type=\"text\/css\" data-created_by=\"avia_inline_auto\" id=\"style-css-av-m8y6h99z-ca666b1531f4c378cd95b10b3e3aaceb\">\n#top .hr.hr-invisible.av-m8y6h99z-ca666b1531f4c378cd95b10b3e3aaceb{\nheight:50px;\n}\n<\/style>\n<div class=\"hr av-m8y6h99z-ca666b1531f4c378cd95b10b3e3aaceb hr-invisible  avia-builder-el-2  el_after_av_heading  el_before_av_one_fifth\"><span class=\"hr-inner\"><span class=\"hr-inner-style\"><\/span><\/span><\/div>\n<div class=\"flex_column av-33x7u7-4721cd80353c6f6f4d8bf6c13a05b935 av_one_fifth  avia-builder-el-3  el_after_av_hr  el_before_av_two_fifth  first flex_column_div\"><\/div>\n<div class=\"flex_column av-5it05b-ec5597f574a1a259043bb30628c58733 av_two_fifth  avia-builder-el-4  el_after_av_one_fifth  el_before_av_two_fifth  flex_column_div\"><p>\n<style type=\"text\/css\" data-created_by=\"avia_inline_auto\" id=\"style-css-av-m8y68s5u-676437bf12b203be5054eda9acb92705\">\n#top .av_textblock_section.av-m8y68s5u-676437bf12b203be5054eda9acb92705 .avia_textblock{\nfont-size:16px;\n}\n<\/style>\n<\/p><section class=\"av_textblock_section av-m8y68s5u-676437bf12b203be5054eda9acb92705\" itemscope=\"itemscope\" itemtype=\"https:\/\/schema.org\/CreativeWork\"><div class=\"avia_textblock\" itemprop=\"text\"><p><strong>BESCHREIBUNG UND ZIELSETZUNG<br>\n<\/strong>Ein Chemigramm ist eine Drucktechnik ohne Kamera, bei der ein Bild mit Hilfe von Chemikalien und lichtempfindlichem Papier erzeugt wird. Es wurde 1956 vom belgischen K\u00fcnstler Pierre Cordier erfunden, als er mit Nagellack auf Fotopapier experimentierte.<\/p>\n<p style=\"font-weight: 400;\">Die Herstellung von Chemigrammen ist eine genial einfache Methode, um in die Fotografie ohne Kamera einzusteigen, mehr \u00fcber Komposition zu lernen und seiner kreativen Seite freien Lauf zu lassen.<\/p>\n<p style=\"font-weight: 400;\"><strong>INHALT DES WORKSHOPS<br>\n<\/strong><span style=\"font-size: 16px;\">1. Die historische und zeitgen\u00f6ssische Verwendung von Chemigrammem<br>\n2. <\/span><span style=\"font-size: 16px;\">Sichere Handhabung und Vorbereitung der erforderlichen Chemikalien<br>\n<\/span><span style=\"font-size: 16px;\">3. Techniken zur Vorbereitung von verschiedenen Papiersorten f\u00fcr den&nbsp;Druck<br>\n<\/span><span style=\"font-size: 16px;\">4. Belichtung, Entwicklung, Fixierung und Waschen von Drucken<br>\n<\/span><span style=\"font-size: 16px;\">5. Bew\u00e4hrte Verfahren zum Schutz, zur Lagerung und Archivierung Ihrer Kunstwerke<\/span><\/p>\n<div>\n<div>\n<p>Freuen Sie sich auf eine spannende, praktische Erfahrung mit interaktiven Diskussionen und pers\u00f6nlicher Betreuung w\u00e4hrend des gesamten Workshops<\/p>\n<\/div>\n<\/div>\n<p><strong>WORKSHOPLEITER<br>\n<\/strong>Aindreas Scholz, geboren in Wiesbaden und zweisprachig aufgewachsen, lebt seit 2011 als Fotok\u00fcnstler und Dozent f\u00fcr Fotografie in London. Er studierte bei den Turner-Preistr\u00e4gern Dr. Elisabeth Price und Mark Leckey. Sein fotografisches Interesse gilt den innovativen, nachhaltigen und kameralosen Techniken aus dem 19. Jahrhundert, um das \u00f6kologische Bewusstsein zu sch\u00e4rfen. Mit seinen Workshops ist er international unterwegs, u.a. in Berlin, London, Helsinki und Wien.&nbsp;Seine Fotokunst wurde in namhaften Ausstellungen gezeigt, darunter das Rotlicht Festival in Wien (2022, 2023), dem Vintage Grand Prix 2024 in Bydgoszcz und Select\/24 bei Photofusion in London, wo er einer der Gewinner war.<\/p>\n<\/div><\/section><br>\n<div class=\"avia-button-wrap av-mbe25eq9-233e44b28d940f0aa1e0d38ac58333e5-wrap avia-button-left  avia-builder-el-6  el_after_av_textblock  avia-builder-el-last\">\n<style type=\"text\/css\" data-created_by=\"avia_inline_auto\" id=\"style-css-av-mbe25eq9-233e44b28d940f0aa1e0d38ac58333e5\">\n#top #wrap_all .avia-button.av-mbe25eq9-233e44b28d940f0aa1e0d38ac58333e5{\nbackground-color:#000000;\nborder-color:#000000;\ncolor:#ffffff;\ntransition:all 0.4s ease-in-out;\n}\n<\/style>\n<a href=\"https:\/\/wiesbadener-fototage.de\/en\/wifo2025\/workshops\/anmeldung\/\" class=\"avia-button av-mbe25eq9-233e44b28d940f0aa1e0d38ac58333e5 av-link-btn avia-icon_select-no avia-size-large avia-position-left\" aria-label=\"ANMELDEFORMULAR &amp; TEILNAHMEBEDINGUNGEN\"><span class=\"avia_iconbox_title\">ANMELDEFORMULAR &amp; TEILNAHMEBEDINGUNGEN<\/span><\/a><\/div><\/div>\n\n<style type=\"text\/css\" data-created_by=\"avia_inline_auto\" id=\"style-css-av-3zqu4f-117a67707ad087642c9f53cd02d76fba\">\n.flex_column.av-3zqu4f-117a67707ad087642c9f53cd02d76fba{\npadding:5px 15px 5px 15px;\nbackground-color:#87ffc2;\n}\n<\/style>\n<div class=\"flex_column av-3zqu4f-117a67707ad087642c9f53cd02d76fba av_two_fifth  avia-builder-el-7  el_after_av_two_fifth  avia-builder-el-last  flex_column_div\"><style type=\"text\/css\" data-created_by=\"avia_inline_auto\" id=\"style-css-av-m8y6gbzw-6dc7232ca2e1510652f916992761aba0\">\n#top .av_textblock_section.av-m8y6gbzw-6dc7232ca2e1510652f916992761aba0 .avia_textblock{\nfont-size:16px;\n}\n<\/style>\n<section class=\"av_textblock_section av-m8y6gbzw-6dc7232ca2e1510652f916992761aba0\" itemscope=\"itemscope\" itemtype=\"https:\/\/schema.org\/CreativeWork\"><div class=\"avia_textblock\" itemprop=\"text\"><div id=\"attachment_10490\" style=\"width: 260px\" class=\"wp-caption alignleft\"><img loading=\"lazy\" decoding=\"async\" aria-describedby=\"caption-attachment-10490\" class=\"wp-image-10490\" src=\"https:\/\/wiesbadener-fototage.de\/wp-content\/uploads\/2025\/06\/AScholz_Portrait_800_Web-300x225.jpg\" alt=\"Photo@Madga Kuca\" width=\"250\" height=\"188\" srcset=\"https:\/\/wiesbadener-fototage.de\/wp-content\/uploads\/2025\/06\/AScholz_Portrait_800_Web-300x225.jpg 300w, https:\/\/wiesbadener-fototage.de\/wp-content\/uploads\/2025\/06\/AScholz_Portrait_800_Web-768x576.jpg 768w, https:\/\/wiesbadener-fototage.de\/wp-content\/uploads\/2025\/06\/AScholz_Portrait_800_Web-16x12.jpg 16w, https:\/\/wiesbadener-fototage.de\/wp-content\/uploads\/2025\/06\/AScholz_Portrait_800_Web-705x529.jpg 705w, https:\/\/wiesbadener-fototage.de\/wp-content\/uploads\/2025\/06\/AScholz_Portrait_800_Web.jpg 800w\" sizes=\"auto, (max-width: 250px) 100vw, 250px\"><p id=\"caption-attachment-10490\" class=\"wp-caption-text\">Photo\u00a9Madga Kuca<\/p><\/div>\n<p><strong>Workshopleiter<br>\n<\/strong>Aindreas Scholz<\/p>\n<p><strong>Termin<\/strong><br>\nSa, 30.08.2025 von 10 bis 17&nbsp;Uhr<\/p>\n<p><strong>Or<\/strong>t<br>\nAtelier Steyer Cyanotypie<br>\nWestendstra\u00dfe 10 (2. Hinterhof), 65195 Wiesbaden<\/p>\n<p><strong>Zielgruppe<br>\n<\/strong>Der Workshop richtet sich sowohl an Anf\u00e4nger als auch an erfahrene Fotografinnen und Fotografen, die die kreativen M\u00f6glichkeiten der analogen und kameralosen Fotografie erkunden m\u00f6chten.<\/p>\n<p><strong>Teilnahmegeb\u00fchr<\/strong><br>\n120 \u20ac (100 \u20ac f\u00fcr Studierende) inkl. Materialien, Getr\u00e4nke und Mittagsimbiss<\/p>\n<p><strong>Gruppengr\u00f6\u00dfe<\/strong><br>\nMin. 5 \/ Max. 7 Personen (Mindestalter 18&nbsp;Jahre)<\/p>\n<p><strong>Sprache<\/strong><br>\nDeutsch und Englisch<\/p>\n<p><strong>Was soll ich mitbringen?<br>\n<\/strong>Zum Workshop bringen Sie bequeme Kleidung mit, die f\u00fcr die Arbeit in einer Dunkelkammer geeignet ist. Optional: Eine Auswahl an S\/W\u2011Fotopapier (Formate bis&nbsp;A4)<\/p>\n<p><strong>Kontakt und Information<\/strong><br>\n<a href=\"mailto:box@jankb.de\">workshops@wiesbadener-fototage.de<\/a><\/p>\n<p><a href=\"https:\/\/wiesbadener-fototage.de\/en\/wifo2025\/workshops\/\">Back to overview<\/a><\/p>\n<\/div><\/section><\/div><\/div><\/div><\/div><\/div><\/div>","protected":false},"excerpt":{"rendered":"","protected":false},"author":1,"featured_media":0,"parent":7251,"menu_order":0,"comment_status":"closed","ping_status":"closed","template":"","meta":{"wp_typography_post_enhancements_disabled":false,"footnotes":""},"class_list":["post-9754","page","type-page","status-publish","hentry"],"yoast_head":"<!-- This site is optimized with the Yoast SEO plugin v27.4 - https:\/\/yoast.com\/product\/yoast-seo-wordpress\/ -->\n<title>WORKSHOP CHEMIGRAMME - Wiesbadener Fototage<\/title>\n<meta name=\"robots\" content=\"index, follow, max-snippet:-1, max-image-preview:large, max-video-preview:-1\" \/>\n<link rel=\"canonical\" href=\"https:\/\/wiesbadener-fototage.de\/en\/wifo2025\/workshops\/chemigramme\/\" \/>\n<meta property=\"og:locale\" content=\"en_GB\" \/>\n<meta property=\"og:type\" content=\"article\" \/>\n<meta property=\"og:title\" content=\"WORKSHOP CHEMIGRAMME - Wiesbadener Fototage\" \/>\n<meta property=\"og:url\" content=\"https:\/\/wiesbadener-fototage.de\/en\/wifo2025\/workshops\/chemigramme\/\" \/>\n<meta property=\"og:site_name\" content=\"Wiesbadener Fototage\" \/>\n<meta property=\"article:publisher\" content=\"https:\/\/www.facebook.com\/fototagewiesbaden\" \/>\n<meta property=\"article:modified_time\" content=\"2025-06-11T09:35:23+00:00\" \/>\n<meta property=\"og:image\" content=\"https:\/\/wiesbadener-fototage.de\/wp-content\/uploads\/2025\/06\/AScholz_Portrait_800_Web-300x225.jpg\" \/>\n<meta name=\"twitter:card\" content=\"summary_large_image\" \/>\n<meta name=\"twitter:label1\" content=\"Estimated reading time\" \/>\n\t<meta name=\"twitter:data1\" content=\"3 minutes\" \/>\n<script type=\"application\/ld+json\" class=\"yoast-schema-graph\">{\"@context\":\"https:\\\/\\\/schema.org\",\"@graph\":[{\"@type\":\"WebPage\",\"@id\":\"https:\\\/\\\/wiesbadener-fototage.de\\\/wifo2025\\\/workshops\\\/chemigramme\\\/\",\"url\":\"https:\\\/\\\/wiesbadener-fototage.de\\\/wifo2025\\\/workshops\\\/chemigramme\\\/\",\"name\":\"WORKSHOP CHEMIGRAMME - Wiesbadener Fototage\",\"isPartOf\":{\"@id\":\"https:\\\/\\\/wiesbadener-fototage.de\\\/#website\"},\"primaryImageOfPage\":{\"@id\":\"https:\\\/\\\/wiesbadener-fototage.de\\\/wifo2025\\\/workshops\\\/chemigramme\\\/#primaryimage\"},\"image\":{\"@id\":\"https:\\\/\\\/wiesbadener-fototage.de\\\/wifo2025\\\/workshops\\\/chemigramme\\\/#primaryimage\"},\"thumbnailUrl\":\"https:\\\/\\\/wiesbadener-fototage.de\\\/wp-content\\\/uploads\\\/2025\\\/06\\\/AScholz_Portrait_800_Web-300x225.jpg\",\"datePublished\":\"2025-06-08T14:15:06+00:00\",\"dateModified\":\"2025-06-11T09:35:23+00:00\",\"breadcrumb\":{\"@id\":\"https:\\\/\\\/wiesbadener-fototage.de\\\/wifo2025\\\/workshops\\\/chemigramme\\\/#breadcrumb\"},\"inLanguage\":\"en-GB\",\"potentialAction\":[{\"@type\":\"ReadAction\",\"target\":[\"https:\\\/\\\/wiesbadener-fototage.de\\\/wifo2025\\\/workshops\\\/chemigramme\\\/\"]}]},{\"@type\":\"ImageObject\",\"inLanguage\":\"en-GB\",\"@id\":\"https:\\\/\\\/wiesbadener-fototage.de\\\/wifo2025\\\/workshops\\\/chemigramme\\\/#primaryimage\",\"url\":\"https:\\\/\\\/wiesbadener-fototage.de\\\/wp-content\\\/uploads\\\/2025\\\/06\\\/AScholz_Portrait_800_Web-300x225.jpg\",\"contentUrl\":\"https:\\\/\\\/wiesbadener-fototage.de\\\/wp-content\\\/uploads\\\/2025\\\/06\\\/AScholz_Portrait_800_Web-300x225.jpg\"},{\"@type\":\"BreadcrumbList\",\"@id\":\"https:\\\/\\\/wiesbadener-fototage.de\\\/wifo2025\\\/workshops\\\/chemigramme\\\/#breadcrumb\",\"itemListElement\":[{\"@type\":\"ListItem\",\"position\":1,\"name\":\"Startseite\",\"item\":\"https:\\\/\\\/wiesbadener-fototage.de\\\/start\\\/\"},{\"@type\":\"ListItem\",\"position\":2,\"name\":\"FESTIVAL 2025\",\"item\":\"https:\\\/\\\/wiesbadener-fototage.de\\\/wifo2025\\\/\"},{\"@type\":\"ListItem\",\"position\":3,\"name\":\"WORKSHOPS 2025\",\"item\":\"https:\\\/\\\/wiesbadener-fototage.de\\\/wifo2025\\\/workshops\\\/\"},{\"@type\":\"ListItem\",\"position\":4,\"name\":\"WORKSHOP CHEMIGRAMME\"}]},{\"@type\":\"WebSite\",\"@id\":\"https:\\\/\\\/wiesbadener-fototage.de\\\/#website\",\"url\":\"https:\\\/\\\/wiesbadener-fototage.de\\\/\",\"name\":\"Wiesbadener Fototage\",\"description\":\"Die Wiesbadener Fototage sind ein internationales Festival f\u00fcr aktuelle Fotokunst und Dokumentarfotografie, das alle drei Jahre in Kollaboration mit Galerien und Ausstellungsh\u00e4usern stattfindet.\",\"publisher\":{\"@id\":\"https:\\\/\\\/wiesbadener-fototage.de\\\/#organization\"},\"potentialAction\":[{\"@type\":\"SearchAction\",\"target\":{\"@type\":\"EntryPoint\",\"urlTemplate\":\"https:\\\/\\\/wiesbadener-fototage.de\\\/?s={search_term_string}\"},\"query-input\":{\"@type\":\"PropertyValueSpecification\",\"valueRequired\":true,\"valueName\":\"search_term_string\"}}],\"inLanguage\":\"en-GB\"},{\"@type\":\"Organization\",\"@id\":\"https:\\\/\\\/wiesbadener-fototage.de\\\/#organization\",\"name\":\"Wiesbadener Fototage gUG\",\"url\":\"https:\\\/\\\/wiesbadener-fototage.de\\\/\",\"logo\":{\"@type\":\"ImageObject\",\"inLanguage\":\"en-GB\",\"@id\":\"https:\\\/\\\/wiesbadener-fototage.de\\\/#\\\/schema\\\/logo\\\/image\\\/\",\"url\":\"https:\\\/\\\/wifo2022.de\\\/wp-content\\\/uploads\\\/2021\\\/10\\\/210711_WIFT_S_RGB.png\",\"contentUrl\":\"https:\\\/\\\/wifo2022.de\\\/wp-content\\\/uploads\\\/2021\\\/10\\\/210711_WIFT_S_RGB.png\",\"width\":3190,\"height\":533,\"caption\":\"Wiesbadener Fototage gUG\"},\"image\":{\"@id\":\"https:\\\/\\\/wiesbadener-fototage.de\\\/#\\\/schema\\\/logo\\\/image\\\/\"},\"sameAs\":[\"https:\\\/\\\/www.facebook.com\\\/fototagewiesbaden\",\"https:\\\/\\\/www.instagram.com\\\/wiesbadenerfototage\"]}]}<\/script>\n<!-- \/ Yoast SEO plugin. -->","yoast_head_json":{"title":"WORKSHOP CHEMIGRAMME \u2014 Wiesbadener Fototage","robots":{"index":"index","follow":"follow","max-snippet":"max-snippet:-1","max-image-preview":"max-image-preview:large","max-video-preview":"max-video-preview:-1"},"canonical":"https:\/\/wiesbadener-fototage.de\/en\/wifo2025\/workshops\/chemigramme\/","og_locale":"en_GB","og_type":"article","og_title":"WORKSHOP CHEMIGRAMME - Wiesbadener Fototage","og_url":"https:\/\/wiesbadener-fototage.de\/en\/wifo2025\/workshops\/chemigramme\/","og_site_name":"Wiesbadener Fototage","article_publisher":"https:\/\/www.facebook.com\/fototagewiesbaden","article_modified_time":"2025-06-11T09:35:23+00:00","og_image":[{"url":"https:\/\/wiesbadener-fototage.de\/wp-content\/uploads\/2025\/06\/AScholz_Portrait_800_Web-300x225.jpg","type":"","width":"","height":""}],"twitter_card":"summary_large_image","twitter_misc":{"Estimated reading time":"3 minutes"},"schema":{"@context":"https:\/\/schema.org","@graph":[{"@type":"WebPage","@id":"https:\/\/wiesbadener-fototage.de\/wifo2025\/workshops\/chemigramme\/","url":"https:\/\/wiesbadener-fototage.de\/wifo2025\/workshops\/chemigramme\/","name":"WORKSHOP CHEMIGRAMME \u2014 Wiesbadener Fototage","isPartOf":{"@id":"https:\/\/wiesbadener-fototage.de\/#website"},"primaryImageOfPage":{"@id":"https:\/\/wiesbadener-fototage.de\/wifo2025\/workshops\/chemigramme\/#primaryimage"},"image":{"@id":"https:\/\/wiesbadener-fototage.de\/wifo2025\/workshops\/chemigramme\/#primaryimage"},"thumbnailUrl":"https:\/\/wiesbadener-fototage.de\/wp-content\/uploads\/2025\/06\/AScholz_Portrait_800_Web-300x225.jpg","datePublished":"2025-06-08T14:15:06+00:00","dateModified":"2025-06-11T09:35:23+00:00","breadcrumb":{"@id":"https:\/\/wiesbadener-fototage.de\/wifo2025\/workshops\/chemigramme\/#breadcrumb"},"inLanguage":"en-GB","potentialAction":[{"@type":"ReadAction","target":["https:\/\/wiesbadener-fototage.de\/wifo2025\/workshops\/chemigramme\/"]}]},{"@type":"ImageObject","inLanguage":"en-GB","@id":"https:\/\/wiesbadener-fototage.de\/wifo2025\/workshops\/chemigramme\/#primaryimage","url":"https:\/\/wiesbadener-fototage.de\/wp-content\/uploads\/2025\/06\/AScholz_Portrait_800_Web-300x225.jpg","contentUrl":"https:\/\/wiesbadener-fototage.de\/wp-content\/uploads\/2025\/06\/AScholz_Portrait_800_Web-300x225.jpg"},{"@type":"BreadcrumbList","@id":"https:\/\/wiesbadener-fototage.de\/wifo2025\/workshops\/chemigramme\/#breadcrumb","itemListElement":[{"@type":"ListItem","position":1,"name":"Startseite","item":"https:\/\/wiesbadener-fototage.de\/start\/"},{"@type":"ListItem","position":2,"name":"FESTIVAL 2025","item":"https:\/\/wiesbadener-fototage.de\/wifo2025\/"},{"@type":"ListItem","position":3,"name":"WORKSHOPS 2025","item":"https:\/\/wiesbadener-fototage.de\/wifo2025\/workshops\/"},{"@type":"ListItem","position":4,"name":"WORKSHOP CHEMIGRAMME"}]},{"@type":"WebSite","@id":"https:\/\/wiesbadener-fototage.de\/#website","url":"https:\/\/wiesbadener-fototage.de\/","name":"Wiesbadener Fototage","description":"Die Wiesbadener Fototage sind ein internationales Festival f\u00fcr aktuelle Fotokunst und Dokumentarfotografie, das alle drei Jahre in Kollaboration mit Galerien und Ausstellungsh\u00e4usern stattfindet.","publisher":{"@id":"https:\/\/wiesbadener-fototage.de\/#organization"},"potentialAction":[{"@type":"SearchAction","target":{"@type":"EntryPoint","urlTemplate":"https:\/\/wiesbadener-fototage.de\/?s={search_term_string}"},"query-input":{"@type":"PropertyValueSpecification","valueRequired":true,"valueName":"search_term_string"}}],"inLanguage":"en-GB"},{"@type":"Organization","@id":"https:\/\/wiesbadener-fototage.de\/#organization","name":"Wiesbadener Fototage gUG","url":"https:\/\/wiesbadener-fototage.de\/","logo":{"@type":"ImageObject","inLanguage":"en-GB","@id":"https:\/\/wiesbadener-fototage.de\/#\/schema\/logo\/image\/","url":"https:\/\/wifo2022.de\/wp-content\/uploads\/2021\/10\/210711_WIFT_S_RGB.png","contentUrl":"https:\/\/wifo2022.de\/wp-content\/uploads\/2021\/10\/210711_WIFT_S_RGB.png","width":3190,"height":533,"caption":"Wiesbadener Fototage gUG"},"image":{"@id":"https:\/\/wiesbadener-fototage.de\/#\/schema\/logo\/image\/"},"sameAs":["https:\/\/www.facebook.com\/fototagewiesbaden","https:\/\/www.instagram.com\/wiesbadenerfototage"]}]}},"_links":{"self":[{"href":"https:\/\/wiesbadener-fototage.de\/en\/wp-json\/wp\/v2\/pages\/9754","targetHints":{"allow":["GET"]}}],"collection":[{"href":"https:\/\/wiesbadener-fototage.de\/en\/wp-json\/wp\/v2\/pages"}],"about":[{"href":"https:\/\/wiesbadener-fototage.de\/en\/wp-json\/wp\/v2\/types\/page"}],"author":[{"embeddable":true,"href":"https:\/\/wiesbadener-fototage.de\/en\/wp-json\/wp\/v2\/users\/1"}],"replies":[{"embeddable":true,"href":"https:\/\/wiesbadener-fototage.de\/en\/wp-json\/wp\/v2\/comments?post=9754"}],"version-history":[{"count":59,"href":"https:\/\/wiesbadener-fototage.de\/en\/wp-json\/wp\/v2\/pages\/9754\/revisions"}],"predecessor-version":[{"id":10890,"href":"https:\/\/wiesbadener-fototage.de\/en\/wp-json\/wp\/v2\/pages\/9754\/revisions\/10890"}],"up":[{"embeddable":true,"href":"https:\/\/wiesbadener-fototage.de\/en\/wp-json\/wp\/v2\/pages\/7251"}],"wp:attachment":[{"href":"https:\/\/wiesbadener-fototage.de\/en\/wp-json\/wp\/v2\/media?parent=9754"}],"curies":[{"name":"wp","href":"https:\/\/api.w.org\/{rel}","templated":true}]}}